{"id":46,"date":"2019-04-04T21:09:02","date_gmt":"2019-04-04T19:09:02","guid":{"rendered":"https:\/\/pyonen.de\/nog2019\/?page_id=46"},"modified":"2021-05-04T13:57:14","modified_gmt":"2021-05-04T11:57:14","slug":"danke","status":"publish","type":"page","link":"https:\/\/pyonen.de\/nog2019\/danke\/","title":{"rendered":"DANKE"},"content":{"rendered":"<section class=\"l-section wpb_row height_auto\"><div class=\"l-section-h i-cf\"><div class=\"g-cols vc_row via_flex valign_top type_default stacking_default\"><div class=\"vc_col-sm-4 wpb_column vc_column_container\"><div class=\"vc_column-inner\"><div class=\"wpb_wrapper\"><\/div><\/div><\/div><div class=\"vc_col-sm-4 wpb_column vc_column_container\"><div class=\"vc_column-inner\"><div class=\"wpb_wrapper\"><div class=\"w-image align_none us_animate_afb\"><div class=\"w-image-h\"><img loading=\"lazy\" decoding=\"async\" width=\"452\" height=\"446\" src=\"https:\/\/pyonen.de\/nog2019\/wp-content\/uploads\/2019\/04\/nation-of-gondwana-2019-logo-02.png\" class=\"attachment-full size-full\" alt=\"\" srcset=\"https:\/\/pyonen.de\/nog2019\/wp-content\/uploads\/2019\/04\/nation-of-gondwana-2019-logo-02.png 452w, https:\/\/pyonen.de\/nog2019\/wp-content\/uploads\/2019\/04\/nation-of-gondwana-2019-logo-02-300x296.png 300w\" sizes=\"(max-width: 452px) 100vw, 452px\" \/><\/div><\/div><\/div><\/div><\/div><div class=\"vc_col-sm-4 wpb_column vc_column_container\"><div class=\"vc_column-inner\"><div class=\"wpb_wrapper\"><\/div><\/div><\/div><\/div><\/div><\/section><section class=\"l-section wpb_row height_auto\"><div class=\"l-section-h i-cf\"><div class=\"g-cols vc_row via_flex valign_top type_default stacking_default\" style=\"--additional-gap:5px;\"><div class=\"vc_col-sm-4 wpb_column vc_column_container has_text_color has_bg_color\"><div class=\"vc_column-inner us_custom_de43b404\"><div class=\"wpb_wrapper\"><div class=\"wpb_text_column hintergrund01\"><div class=\"wpb_wrapper\"><div class=\"title-pink\">Unser Dank gilt:<\/div>\n<hr \/>\n<p>\u272d den Bewohnern und Be\u00adwohner\u00adinnen des Ortes Gr\u00fcnefeld.<br \/>\n<a class=\"e\" href=\"http:\/\/www.gruenefeld-im-havelland.de\/\/\">gruenefeld-im-havelland.de<\/a><\/p>\n<p>\u272d dem B\u00fcrgermeister <strong>Bodo Oehme<\/strong> und dem Amtsdirektor a.D. <strong>Kurt Hartley<\/strong> f\u00fcr Ihre konstruktive Unterst\u00fctzung.<\/p>\n<p>\u272d der freiwilligen Feuerwehr Gr\u00fcnefeld f\u00fcr ihren unersch\u00f6pflichen Einsatz. <a class=\"e\" href=\"http:\/\/www.feuerwehr-gruenefeld.de\/\" target=\"_blank\" rel=\"noopener noreferrer\">feuerwehr-gruenefeld.de<\/a><\/p>\n<p>\u272d dem Ortsvorsteher Olaf Radzik f\u00fcr seinen Support!<\/p>\n<p>\u272d den Architekturstudenten der <a href=\"https:\/\/www.b-tu.de\/\" target=\"_blank\" rel=\"noopener noreferrer\">BTU Cottbus<\/a> f\u00fcr wunderbare Holzkonstruktionen.<\/p>\n<p>\u272d allen Helfern und Helferinnen!<\/p>\n<\/div><\/div><\/div><\/div><\/div><div class=\"vc_col-sm-4 wpb_column vc_column_container has_text_color has_bg_color\"><div class=\"vc_column-inner us_custom_de43b404\"><div class=\"wpb_wrapper\"><div class=\"wpb_text_column hintergrund01\"><div class=\"wpb_wrapper\"><div class=\"title-pink\">Tips f\u00fcr&#8217;s Havelland<\/div>\n<hr \/>\n<p>\u272d <a href=\"http:\/\/www.havelland-tourismus.de\/\">havelland-tourismus.de<\/a><br \/>\n\u272d <a href=\"http:\/\/www.havelland.de\/\">havelland.de<\/a><br \/>\n\u272d <a href=\"http:\/\/www.reiseland-brandenburg.de\/reiseziele\/havelland.html\">Reiseziele im Havelland<\/a><\/p>\n<\/div><\/div><\/div><\/div><\/div><div class=\"vc_col-sm-4 wpb_column vc_column_container has_text_color has_bg_color\"><div class=\"vc_column-inner us_custom_de43b404\"><div class=\"wpb_wrapper\"><div class=\"wpb_text_column hintergrund01\"><div class=\"wpb_wrapper\"><div class=\"title-pink\">Fotos<\/div>\n<hr \/>\n<p>Fotos, freundlicherweise zur Verf\u00fcgung gestellt von: Ringo &amp; Hendrik a.k.a. <a class=\"e\" href=\"https:\/\/www.flickr.com\/photos\/31387206@N07\/\" target=\"_blank\" rel=\"noopener noreferrer\">Spiritzone<\/a> @ flickr.com<\/p>\n<\/div><\/div><\/div><\/div><\/div><\/div><\/div><\/section>\n","protected":false},"excerpt":{"rendered":"Unser Dank gilt: \u272d den Bewohnern und Be\u00adwohner\u00adinnen des Ortes Gr\u00fcnefeld. gruenefeld-im-havelland.de \u272d dem B\u00fcrgermeister Bodo Oehme und dem Amtsdirektor a.D. Kurt Hartley f\u00fcr Ihre konstruktive Unterst\u00fctzung. \u272d der freiwilligen Feuerwehr Gr\u00fcnefeld f\u00fcr ihren unersch\u00f6pflichen Einsatz. feuerwehr-gruenefeld.de \u272d dem Ortsvorsteher Olaf Radzik f\u00fcr seinen Support! \u272d den Architekturstudenten der BTU Cottbus f\u00fcr wunderbare Holzkonstruktionen. \u272d...","protected":false},"author":1,"featured_media":0,"parent":0,"menu_order":0,"comment_status":"closed","ping_status":"closed","template":"","meta":{"footnotes":""},"class_list":["post-46","page","type-page","status-publish","hentry"],"_links":{"self":[{"href":"https:\/\/pyonen.de\/nog2019\/wp-json\/wp\/v2\/pages\/46"}],"collection":[{"href":"https:\/\/pyonen.de\/nog2019\/wp-json\/wp\/v2\/pages"}],"about":[{"href":"https:\/\/pyonen.de\/nog2019\/wp-json\/wp\/v2\/types\/page"}],"author":[{"embeddable":true,"href":"https:\/\/pyonen.de\/nog2019\/wp-json\/wp\/v2\/users\/1"}],"replies":[{"embeddable":true,"href":"https:\/\/pyonen.de\/nog2019\/wp-json\/wp\/v2\/comments?post=46"}],"version-history":[{"count":7,"href":"https:\/\/pyonen.de\/nog2019\/wp-json\/wp\/v2\/pages\/46\/revisions"}],"predecessor-version":[{"id":627,"href":"https:\/\/pyonen.de\/nog2019\/wp-json\/wp\/v2\/pages\/46\/revisions\/627"}],"wp:attachment":[{"href":"https:\/\/pyonen.de\/nog2019\/wp-json\/wp\/v2\/media?parent=46"}],"curies":[{"name":"wp","href":"https:\/\/api.w.org\/{rel}","templated":true}]}}