{"id":1277,"date":"2021-04-27T10:31:32","date_gmt":"2021-04-27T08:31:32","guid":{"rendered":"https:\/\/pyonen.de\/nog2021\/?page_id=1277"},"modified":"2021-06-05T12:07:33","modified_gmt":"2021-06-05T10:07:33","slug":"andre","status":"publish","type":"page","link":"https:\/\/pyonen.de\/nog2021\/andre\/","title":{"rendered":"Andr\u00e9"},"content":{"rendered":"<section class=\"l-section wpb_row height_medium width_full\"><div class=\"l-section-h i-cf\"><div class=\"g-cols vc_row via_flex valign_top type_default stacking_default\" style=\"--additional-gap:20px;\"><div class=\"vc_col-sm-6 wpb_column vc_column_container has_text_color has_bg_color\"><div class=\"vc_column-inner us_custom_11d780ad\"><div class=\"wpb_wrapper\"><div class=\"wpb_text_column us_custom_693f4b1f\"><div class=\"wpb_wrapper\"><h1 style=\"text-align: center;\">Andr\u00e9<\/h1>\n<\/div><\/div><div class=\"w-image us_custom_2c4f4a12 ms-smartphone align_none\"><div class=\"w-image-h\"><img decoding=\"async\" width=\"600\" height=\"843\" src=\"https:\/\/pyonen.de\/nog2021\/wp-content\/uploads\/2021\/04\/Andre-Janizewski-1.jpg\" class=\"attachment-full size-full\" alt=\"\" loading=\"lazy\" srcset=\"https:\/\/pyonen.de\/nog2021\/wp-content\/uploads\/2021\/04\/Andre-Janizewski-1.jpg 600w, https:\/\/pyonen.de\/nog2021\/wp-content\/uploads\/2021\/04\/Andre-Janizewski-1-214x300.jpg 214w\" sizes=\"(max-width: 600px) 100vw, 600px\" \/><\/div><\/div><div class=\"wpb_text_column us_custom_693f4b1f\"><div class=\"wpb_wrapper\"><p>Andr\u00e9 kam mit bunten Haaren und jeder Menge Punk-Kassetten aus der westdeutschen Provinz in die Stadt. Und mit Punk im Herzen hat er sie auch wieder verlassen. Andr\u00e9 und Markus haben die Pyonen erfunden, die Crew hat es zu dem gemacht, was sie heute sind. Partyveranstalter, Wegbereiter, Realit\u00e4tsfluchthelfer.<\/p>\n<p>Andr\u00e9 ist 2020 gestorben. F\u00fcr die Pyonen ist es nicht m\u00f6glich, Andr\u00e9 zu vergessen. F\u00fcr die Anderen wollen wir hier seine Geschichte erz\u00e4hlen. Nicht nur weil er ein besonders empathischer Mensch war, sondern auch weil er das Selbstverst\u00e4ndnis unserer Partykultur als synergiensuchende Szene, als Utopisten-Veranstaltung gepr\u00e4gt hat, und sicher weiter pr\u00e4gen w\u00fcrde.<\/p>\n<p>Als er herkam, lebte er mit Markus und weiteren Freunden in einem Haus in der Rykestra\u00dfe, wo es keine Heizung, keine Telefone gab, aber jede Menge Platz zum Quatsch machen. Ihre erste Party veranstalteten sie 1993 in der Lychener Stra\u00dfe 60. Sven Dohse war der DJ und Gianni Vitiello kam irgendwann vorbei und fragte, ob er nicht auch mal auflegen k\u00f6nne.<\/p>\n<p>So kam es, dass er Jahre sp\u00e4ter vor Tausenden auf dem Karneval der Kulturen spielte, als die Pyonen mit einem LKW voller Boxen als Teil der Parade durch Kreuzberg fuhren. Sie verwandelten leerstehende Geb\u00e4ude zu Clubs f\u00fcr eine Nacht. Er\u00f6ffneten einen illegalen Club in der Schlegelstra\u00dfe in Mitte, der von 1996 bis 1998 erst im Keller, dann auch in anderen Teilen des Hauses ge\u00f6ffnet war.<\/p>\n<p>2001 er\u00f6ffneten sie ihre erste Bar im Prenzlauer Berg, die Bar23. Au\u00dferdem betreiben sie mit der Tante Liesbeth, der Fetten Ecke und dem B\u00f6hmischen Dorf Kneipen, samt sperrm\u00fcllartiger Einrichtung, die von Andr\u00e9 auf Flohm\u00e4rkten liebevoll zusammengekauft wurde. Dort sa\u00df er gerne mal als Kippendreher, Bierausgeber, Union-Fan, Kummerkasten und Tratscher am Tresen.<\/p>\n<p>Andr\u00e9 und Markus waren mit die Ersten, die \u00fcberhaupt Open Air Raves veranstalteten. Ab 1995 feierten sie ein kleines Fest auf einer Pferdewiese, das sie Nation of Gondwana nannten. Die Nation etablierte sich als Loveparade-Alternative. Doch anstatt sich nur im Eskapismus zu zerstreuen, organisierten und produzierten sie ab 1999 das Chaos Computer Club-Camp, wo sie den Hackern Party-\u00c4sthetik und Gemeinschaftssinn beigebracht und im Gegenzug die Party-People mit den Utopisten zusammengebracht haben.<\/p>\n<p>All sein Wissen hat Andr\u00e9 gern geteilt. Er hatte immer einen Rat, manchmal auch ungefragt. Aber meistens hatte er sogar Recht. Wer kann gut mit Metall arbeiten? Wer macht gute Awareness-Konzepte? Welche Boxen eignen sich f\u00fcr eine Techno-Parade? Er hat am Telefon die richtigen Stichworte genannt, E-Mail-Adressen weitergeleitet.<\/p>\n<p>Auch nach Gr\u00fcnefeld, dem Ort, wo die Nation sesshaft wurde, hielt Andr\u00e9 festen Kontakt. Als Junge aus der norddeutschen Provinz, wusste er, wie man kegelt, ehrliche Schnacks h\u00e4lt und trockene Witze macht. Das Festival unterst\u00fctzt die \u00f6rtlichen Vereine, spendet an den Kindergarten und integriert die Anwohner, die Essen anbieten oder mit der freiwilligen Feuerwehr die G\u00e4ste im Spr\u00fchregen duscht.<\/p>\n<p>Andr\u00e9, der sich auf der Nation unter anderem um das Booking gek\u00fcmmert hat und daf\u00fcr unendlich viel Musik h\u00f6rte, hat sich das Treiben aber meist gerne von etwas abseits angeschaut. \u00dcber Stunden sa\u00df er schweigend, rauchend, mit Bier in der Hand auf einem Sofa und betrachtete schmunzelnd die Tanzenden. Ab und zu einen pr\u00e4zisen Kommentar gebend. Ungeniert ehrlich, immer voller Achtung.<\/p>\n<p>Denn er hatte \u00dcberzeugungen. Mit Sicherheitsleuten arbeiten, die in rechtslastigen Boxclubs trainieren? Lieber antifaschistische Strukturen nutzen. Frauen an der T\u00fcr und am DJ-Pult? Selbstverst\u00e4ndlich. Waldst\u00fccke sichern, um einen Spanner zu \u00fcberf\u00fchren, ja klar. Kippenstummel von der Wiese sammeln, auf Sponsoren verzichten und die Kalkulation transparent machen, um auf Facebook umfangreich zu erkl\u00e4ren, warum das Festivalticket teurer wurde. Das war ihm wichtig. Aber er hat keine gro\u00dfe Nummer draus gemacht.<\/p>\n<p>Andr\u00e9 ist im Alter von 52 Jahren gestorben. An einem Krebs, den er viel l\u00e4nger bek\u00e4mpfen konnte, als so mancher Arzt gedacht hatte.<\/p>\n<p><strong>\u201eGib niemals auf und glaub an dich\u201c<\/strong>,<\/p>\n<p>das war sein Motto. Und es bleibt unseres.<\/p>\n<\/div><\/div><\/div><\/div><\/div><div class=\"vc_col-sm-6 wpb_column vc_column_container\"><div class=\"vc_column-inner us_custom_cc01dd4e\"><div class=\"wpb_wrapper\"><div class=\"w-image ms-desktop align_none\"><a ref=\"magnificPopup\" href=\"https:\/\/pyonen.de\/nog2021\/wp-content\/uploads\/2021\/06\/Andre-Janizewski-02.jpg\" aria-label=\"Andre-Janizewski-02\" class=\"w-image-h\"><img decoding=\"async\" width=\"640\" height=\"899\" src=\"https:\/\/pyonen.de\/nog2021\/wp-content\/uploads\/2021\/06\/Andre-Janizewski-02.jpg\" class=\"attachment-full size-full\" alt=\"\" loading=\"lazy\" srcset=\"https:\/\/pyonen.de\/nog2021\/wp-content\/uploads\/2021\/06\/Andre-Janizewski-02.jpg 640w, https:\/\/pyonen.de\/nog2021\/wp-content\/uploads\/2021\/06\/Andre-Janizewski-02-214x300.jpg 214w\" sizes=\"(max-width: 640px) 100vw, 640px\" \/><\/a><\/div><div class=\"wpb_text_column us_custom_b2452879 andre-galerie\"><div class=\"wpb_wrapper\"><div class=\"w-gallery fit_cover wp_gallery type_grid action_popup_image ratio_1x1 count_10\" style=\"--columns:5;--items-gap:8px;\"><div class=\"w-gallery-list\"><div class=\"w-gallery-item\"><div class=\"w-gallery-item-img\"><img loading=\"lazy\" decoding=\"async\" width=\"150\" height=\"150\" src=\"https:\/\/pyonen.de\/nog2021\/wp-content\/uploads\/2021\/04\/RAW_5152-150x150.jpg\" class=\"attachment-thumbnail size-thumbnail\" alt=\"\" srcset=\"https:\/\/pyonen.de\/nog2021\/wp-content\/uploads\/2021\/04\/RAW_5152-150x150.jpg 150w, https:\/\/pyonen.de\/nog2021\/wp-content\/uploads\/2021\/04\/RAW_5152-350x350.jpg 350w, https:\/\/pyonen.de\/nog2021\/wp-content\/uploads\/2021\/04\/RAW_5152-600x600.jpg 600w\" sizes=\"(max-width: 150px) 100vw, 150px\" \/><\/div><a class=\"w-gallery-item-link\" aria-label=\"RAW_5152\" href=\"https:\/\/pyonen.de\/nog2021\/wp-content\/uploads\/2021\/04\/RAW_5152-scaled.jpg\"><\/a><\/div><div class=\"w-gallery-item\"><div class=\"w-gallery-item-img\"><img loading=\"lazy\" decoding=\"async\" width=\"150\" height=\"150\" src=\"https:\/\/pyonen.de\/nog2021\/wp-content\/uploads\/2021\/04\/RAW_5153-andre-jugend.02-150x150.jpg\" class=\"attachment-thumbnail size-thumbnail\" alt=\"\" srcset=\"https:\/\/pyonen.de\/nog2021\/wp-content\/uploads\/2021\/04\/RAW_5153-andre-jugend.02-150x150.jpg 150w, https:\/\/pyonen.de\/nog2021\/wp-content\/uploads\/2021\/04\/RAW_5153-andre-jugend.02-350x350.jpg 350w, https:\/\/pyonen.de\/nog2021\/wp-content\/uploads\/2021\/04\/RAW_5153-andre-jugend.02-600x600.jpg 600w\" sizes=\"(max-width: 150px) 100vw, 150px\" \/><\/div><a class=\"w-gallery-item-link\" aria-label=\"RAW_5153 andr\u00e9 jugend.02\" href=\"https:\/\/pyonen.de\/nog2021\/wp-content\/uploads\/2021\/04\/RAW_5153-andre-jugend.02-scaled.jpg\"><\/a><\/div><div class=\"w-gallery-item\"><div class=\"w-gallery-item-img\"><img loading=\"lazy\" decoding=\"async\" width=\"150\" height=\"150\" src=\"https:\/\/pyonen.de\/nog2021\/wp-content\/uploads\/2021\/04\/RAW_5140_andre-jugend-01-150x150.jpg\" class=\"attachment-thumbnail size-thumbnail\" alt=\"\" srcset=\"https:\/\/pyonen.de\/nog2021\/wp-content\/uploads\/2021\/04\/RAW_5140_andre-jugend-01-150x150.jpg 150w, https:\/\/pyonen.de\/nog2021\/wp-content\/uploads\/2021\/04\/RAW_5140_andre-jugend-01-350x350.jpg 350w\" sizes=\"(max-width: 150px) 100vw, 150px\" \/><\/div><a class=\"w-gallery-item-link\" aria-label=\"RAW_5140_andr\u00e9 jugend 01\" href=\"https:\/\/pyonen.de\/nog2021\/wp-content\/uploads\/2021\/04\/RAW_5140_andre-jugend-01.jpg\"><\/a><\/div><div class=\"w-gallery-item\"><div class=\"w-gallery-item-img\"><img loading=\"lazy\" decoding=\"async\" width=\"150\" height=\"150\" src=\"https:\/\/pyonen.de\/nog2021\/wp-content\/uploads\/2021\/04\/Andre-und-Franziskus-Union-150x150.jpg\" class=\"attachment-thumbnail size-thumbnail\" alt=\"\" srcset=\"https:\/\/pyonen.de\/nog2021\/wp-content\/uploads\/2021\/04\/Andre-und-Franziskus-Union-150x150.jpg 150w, https:\/\/pyonen.de\/nog2021\/wp-content\/uploads\/2021\/04\/Andre-und-Franziskus-Union-350x350.jpg 350w, https:\/\/pyonen.de\/nog2021\/wp-content\/uploads\/2021\/04\/Andre-und-Franziskus-Union-600x600.jpg 600w\" sizes=\"(max-width: 150px) 100vw, 150px\" \/><\/div><a class=\"w-gallery-item-link\" aria-label=\"Andr\u00e9 und Franziskus Union\" href=\"https:\/\/pyonen.de\/nog2021\/wp-content\/uploads\/2021\/04\/Andre-und-Franziskus-Union.jpg\"><\/a><\/div><div class=\"w-gallery-item\"><div class=\"w-gallery-item-img\"><img loading=\"lazy\" decoding=\"async\" width=\"150\" height=\"150\" src=\"https:\/\/pyonen.de\/nog2021\/wp-content\/uploads\/2021\/04\/portugal-2019-e1619716241322-150x150.jpg\" class=\"attachment-thumbnail size-thumbnail\" alt=\"\" srcset=\"https:\/\/pyonen.de\/nog2021\/wp-content\/uploads\/2021\/04\/portugal-2019-e1619716241322-150x150.jpg 150w, https:\/\/pyonen.de\/nog2021\/wp-content\/uploads\/2021\/04\/portugal-2019-e1619716241322-350x350.jpg 350w, https:\/\/pyonen.de\/nog2021\/wp-content\/uploads\/2021\/04\/portugal-2019-e1619716241322-600x600.jpg 600w\" sizes=\"(max-width: 150px) 100vw, 150px\" \/><\/div><a class=\"w-gallery-item-link\" aria-label=\"portugal 2019\" href=\"https:\/\/pyonen.de\/nog2021\/wp-content\/uploads\/2021\/04\/portugal-2019-e1619716241322.jpg\"><\/a><\/div><div class=\"w-gallery-item\"><div class=\"w-gallery-item-img\"><img loading=\"lazy\" decoding=\"async\" width=\"150\" height=\"150\" src=\"https:\/\/pyonen.de\/nog2021\/wp-content\/uploads\/2021\/04\/Andre-banner-union-2019-e1619764329683-150x150.jpg\" class=\"attachment-thumbnail size-thumbnail\" alt=\"\" srcset=\"https:\/\/pyonen.de\/nog2021\/wp-content\/uploads\/2021\/04\/Andre-banner-union-2019-e1619764329683-150x150.jpg 150w, https:\/\/pyonen.de\/nog2021\/wp-content\/uploads\/2021\/04\/Andre-banner-union-2019-e1619764329683-350x350.jpg 350w, https:\/\/pyonen.de\/nog2021\/wp-content\/uploads\/2021\/04\/Andre-banner-union-2019-e1619764329683-600x600.jpg 600w\" sizes=\"(max-width: 150px) 100vw, 150px\" \/><\/div><a class=\"w-gallery-item-link\" aria-label=\"Andre banner union 2019\" href=\"https:\/\/pyonen.de\/nog2021\/wp-content\/uploads\/2021\/04\/Andre-banner-union-2019-e1619764329683.jpg\"><\/a><\/div><div class=\"w-gallery-item\"><div class=\"w-gallery-item-img\"><img loading=\"lazy\" decoding=\"async\" width=\"150\" height=\"150\" src=\"https:\/\/pyonen.de\/nog2021\/wp-content\/uploads\/2021\/04\/andre-laos-2017-150x150.jpg\" class=\"attachment-thumbnail size-thumbnail\" alt=\"\" srcset=\"https:\/\/pyonen.de\/nog2021\/wp-content\/uploads\/2021\/04\/andre-laos-2017-150x150.jpg 150w, https:\/\/pyonen.de\/nog2021\/wp-content\/uploads\/2021\/04\/andre-laos-2017-300x300.jpg 300w, https:\/\/pyonen.de\/nog2021\/wp-content\/uploads\/2021\/04\/andre-laos-2017-1024x1024.jpg 1024w, https:\/\/pyonen.de\/nog2021\/wp-content\/uploads\/2021\/04\/andre-laos-2017-350x350.jpg 350w, https:\/\/pyonen.de\/nog2021\/wp-content\/uploads\/2021\/04\/andre-laos-2017-600x600.jpg 600w\" sizes=\"(max-width: 150px) 100vw, 150px\" \/><\/div><a class=\"w-gallery-item-link\" aria-label=\"andre-laos-2017\" href=\"https:\/\/pyonen.de\/nog2021\/wp-content\/uploads\/2021\/04\/andre-laos-2017.jpg\"><\/a><\/div><div class=\"w-gallery-item\"><div class=\"w-gallery-item-img\"><img loading=\"lazy\" decoding=\"async\" width=\"150\" height=\"150\" src=\"https:\/\/pyonen.de\/nog2021\/wp-content\/uploads\/2021\/04\/FB27622E-9E01-4EE0-879D-5B4471B4E377-150x150.jpg\" class=\"attachment-thumbnail size-thumbnail\" alt=\"\" srcset=\"https:\/\/pyonen.de\/nog2021\/wp-content\/uploads\/2021\/04\/FB27622E-9E01-4EE0-879D-5B4471B4E377-150x150.jpg 150w, https:\/\/pyonen.de\/nog2021\/wp-content\/uploads\/2021\/04\/FB27622E-9E01-4EE0-879D-5B4471B4E377-350x350.jpg 350w, https:\/\/pyonen.de\/nog2021\/wp-content\/uploads\/2021\/04\/FB27622E-9E01-4EE0-879D-5B4471B4E377-600x600.jpg 600w\" sizes=\"(max-width: 150px) 100vw, 150px\" \/><\/div><a class=\"w-gallery-item-link\" aria-label=\"FB27622E-9E01-4EE0-879D-5B4471B4E377\" href=\"https:\/\/pyonen.de\/nog2021\/wp-content\/uploads\/2021\/04\/FB27622E-9E01-4EE0-879D-5B4471B4E377.jpg\"><\/a><\/div><div class=\"w-gallery-item\"><div class=\"w-gallery-item-img\"><img loading=\"lazy\" decoding=\"async\" width=\"150\" height=\"150\" src=\"https:\/\/pyonen.de\/nog2021\/wp-content\/uploads\/2021\/04\/IMG_9896._Andre2019-150x150.jpg\" class=\"attachment-thumbnail size-thumbnail\" alt=\"\" srcset=\"https:\/\/pyonen.de\/nog2021\/wp-content\/uploads\/2021\/04\/IMG_9896._Andre2019-150x150.jpg 150w, https:\/\/pyonen.de\/nog2021\/wp-content\/uploads\/2021\/04\/IMG_9896._Andre2019-350x350.jpg 350w, https:\/\/pyonen.de\/nog2021\/wp-content\/uploads\/2021\/04\/IMG_9896._Andre2019-600x600.jpg 600w\" sizes=\"(max-width: 150px) 100vw, 150px\" \/><\/div><a class=\"w-gallery-item-link\" aria-label=\"IMG_9896._Andre2019\" href=\"https:\/\/pyonen.de\/nog2021\/wp-content\/uploads\/2021\/04\/IMG_9896._Andre2019-scaled.jpg\"><\/a><\/div><div class=\"w-gallery-item\"><div class=\"w-gallery-item-img\"><img loading=\"lazy\" decoding=\"async\" width=\"150\" height=\"150\" src=\"https:\/\/pyonen.de\/nog2021\/wp-content\/uploads\/2021\/04\/poolandi-laos-150x150.jpg\" class=\"attachment-thumbnail size-thumbnail\" alt=\"\" srcset=\"https:\/\/pyonen.de\/nog2021\/wp-content\/uploads\/2021\/04\/poolandi-laos-150x150.jpg 150w, https:\/\/pyonen.de\/nog2021\/wp-content\/uploads\/2021\/04\/poolandi-laos-350x350.jpg 350w, https:\/\/pyonen.de\/nog2021\/wp-content\/uploads\/2021\/04\/poolandi-laos-600x600.jpg 600w\" sizes=\"(max-width: 150px) 100vw, 150px\" \/><\/div><a class=\"w-gallery-item-link\" aria-label=\"poolandi- laos\" href=\"https:\/\/pyonen.de\/nog2021\/wp-content\/uploads\/2021\/04\/poolandi-laos.jpg\"><\/a><\/div><\/div><\/div>\n<\/div><\/div><div class=\"wpb_text_column us_custom_5a8fccf6 has_text_color\"><div class=\"wpb_wrapper\"><h2>Nachrufe<\/h2>\n<hr \/>\n<p><strong>Mach\u2019s gut, alter Punk<\/strong><br \/>\n<em>Seine Partys machten die Berliner Feierkultur zu dem, wof\u00fcr sie heute weltber\u00fchmt ist. Jetzt ist Andr\u00e9 Janizewski, Mitbeg\u00fcnder des Partykollektivs Pyonen, gestorben. Gedanken an einen, der Berlins kreativer Szene sehr fehlen wird.<\/em><br \/>\n<a href=\"https:\/\/www.berliner-zeitung.de\/mensch-metropole\/machs-gut-alter-punk-li.104477?fbclid=IwAR2S3E7ANPCcQ8VROlgVpEaSObFNGKiH0prrXQPOY7lRdVwcLOlLWQz6waY\" target=\"_blank\" rel=\"noopener\"><i class=\"fas fa-link\"><\/i> Berliner Zeitung, 11.09.2020, Laura Ewert<\/a><\/p>\n<p><strong>CCC trauert um Ehrenmitglied \u201eZewski\u201c<\/strong><br \/>\n<em>Am 3. September 2020 ist unser Ehrenmitglied Marc-Andr\u00e9 Janizewski nach langer schwerer Krankheit gestorben. Wir verlieren einen engen Freund und Verfechter unserer Werte und Tr\u00e4ume. Der CCC dr\u00fcckt allen Angeh\u00f6rigen, Freunden und engen Begleitern von Andr\u00e9 sein tiefstes Mitgef\u00fchl aus.<\/em><br \/>\n<a href=\"https:\/\/www.ccc.de\/de\/updates\/2020\/ccc-trauert-um-ehrenmitglied-zewski\" target=\"_blank\" rel=\"noopener\"><i class=\"fas fa-link\"><\/i> CCC.de, 08.09.2020, Tim<\/a><\/p>\n<p><strong>F\u00fcrstenauer Pyonen-Party-Pionier Janizewski gestorben<\/strong><br \/>\n<em>Berlin. Ein zugereister Alt-Punker aus dem \u00d6rtchen F\u00fcrstenau pr\u00e4gte die illegale Berliner Partyszene und mit ihr die der gesamten Republik. Jetzt ist Marc-Andr\u00e9 Janizewski fr\u00fch gestorben. Warum er fehlen wird.<\/em><br \/>\n<a href=\"https:\/\/www.noz.de\/deutschland-welt\/kultur\/artikel\/2129650\/pyonen-party-initiator-gestorben-die-stadt-das-licht-der-tod\" target=\"_blank\" rel=\"noopener\"><i class=\"fas fa-link\"><\/i> Osnabr\u00fccker Zeitung, 22.09.2020, Laura Ewert<\/a><\/p>\n<p><strong>Pyonen: Andr\u00e9 Janizewski ist tot<\/strong><br \/>\n<em>Janizewski gr\u00fcndete mit Markus Ossevorth in den fr\u00fchen 1990ern das Partykollektiv Pyonen. Dieses organisierte, mitgerissen von der damaligen Aufbruchsstimmung in Berlin, zahllose eigene und fremde Veranstaltungen.<\/em><br \/>\n<a href=\"https:\/\/groove.de\/2020\/09\/08\/pyonen-andre-janizewski-ist-tot\/\" target=\"_blank\" rel=\"noopener\"><i class=\"fas fa-link\"><\/i> Groove, 08.09.2020, Alexis Waltz<\/a><\/p>\n<p><strong>Mitgr\u00fcnder von Nation of Gondwana verstorben<\/strong><br \/>\n<em>Als Pyonen bezeichnen sich die Veranstalter des Nation of Gondwana Festivals, das seit 1995 im Umland Berlins jedes Jahr stattfindet. Mit ca 8000 m\u00f6glichen G\u00e4sten ist das Festival regelm\u00e4\u00dfig ausverkauft und z\u00e4hlt, neben der Fusion, zu einem der Top Alternative-Festivals in Deutschland.<\/em><br \/>\n<a href=\"https:\/\/www.fazemag.de\/mitgruender-von-nation-of-gondwana-verstorben\/\" target=\"_blank\" rel=\"noopener\"><i class=\"fas fa-link\"><\/i> FAZE Mag, 08.09.2020<\/a><\/p>\n<\/div><\/div><\/div><\/div><\/div><\/div><\/div><\/section>\n","protected":false},"excerpt":{"rendered":"Andr\u00e9 Andr\u00e9 kam mit bunten Haaren und jeder Menge Punk-Kassetten aus der westdeutschen Provinz in die Stadt. Und mit Punk im Herzen hat er sie auch wieder verlassen. Andr\u00e9 und Markus haben die Pyonen erfunden, die Crew hat es zu dem gemacht, was sie heute sind. Partyveranstalter, Wegbereiter, Realit\u00e4tsfluchthelfer. Andr\u00e9 ist 2020 gestorben. F\u00fcr die...","protected":false},"author":1,"featured_media":0,"parent":0,"menu_order":0,"comment_status":"closed","ping_status":"closed","template":"","meta":{"inline_featured_image":false,"footnotes":""},"class_list":["post-1277","page","type-page","status-publish","hentry"],"yoast_head":"<!-- This site is optimized with the Yoast SEO plugin v23.1 - https:\/\/yoast.com\/wordpress\/plugins\/seo\/ -->\n<title>Andr\u00e9 - Nation of Gondwana 2021<\/title>\n<meta name=\"robots\" content=\"index, follow, max-snippet:-1, max-image-preview:large, max-video-preview:-1\" \/>\n<link rel=\"canonical\" href=\"https:\/\/pyonen.de\/nog2021\/andre\/\" \/>\n<meta property=\"og:locale\" content=\"de_DE\" \/>\n<meta property=\"og:type\" content=\"article\" \/>\n<meta property=\"og:title\" content=\"Andr\u00e9 - Nation of Gondwana 2021\" \/>\n<meta property=\"og:url\" content=\"https:\/\/pyonen.de\/nog2021\/andre\/\" \/>\n<meta property=\"og:site_name\" content=\"Nation of Gondwana 2021\" \/>\n<meta property=\"article:modified_time\" content=\"2021-06-05T10:07:33+00:00\" \/>\n<meta name=\"twitter:card\" content=\"summary_large_image\" \/>\n<meta name=\"twitter:label1\" content=\"Gesch\u00e4tzte Lesezeit\" \/>\n\t<meta name=\"twitter:data1\" content=\"4\u00a0Minuten\" \/>\n<script type=\"application\/ld+json\" class=\"yoast-schema-graph\">{\"@context\":\"https:\/\/schema.org\",\"@graph\":[{\"@type\":\"WebPage\",\"@id\":\"https:\/\/pyonen.de\/nog2021\/andre\/\",\"url\":\"https:\/\/pyonen.de\/nog2021\/andre\/\",\"name\":\"Andr\u00e9 - Nation of Gondwana 2021\",\"isPartOf\":{\"@id\":\"https:\/\/pyonen.de\/nog2021\/#website\"},\"datePublished\":\"2021-04-27T08:31:32+00:00\",\"dateModified\":\"2021-06-05T10:07:33+00:00\",\"breadcrumb\":{\"@id\":\"https:\/\/pyonen.de\/nog2021\/andre\/#breadcrumb\"},\"inLanguage\":\"de\",\"potentialAction\":[{\"@type\":\"ReadAction\",\"target\":[\"https:\/\/pyonen.de\/nog2021\/andre\/\"]}]},{\"@type\":\"BreadcrumbList\",\"@id\":\"https:\/\/pyonen.de\/nog2021\/andre\/#breadcrumb\",\"itemListElement\":[{\"@type\":\"ListItem\",\"position\":1,\"name\":\"Startseite\",\"item\":\"https:\/\/pyonen.de\/nog2021\/\"},{\"@type\":\"ListItem\",\"position\":2,\"name\":\"Andr\u00e9\"}]},{\"@type\":\"WebSite\",\"@id\":\"https:\/\/pyonen.de\/nog2021\/#website\",\"url\":\"https:\/\/pyonen.de\/nog2021\/\",\"name\":\"Nation of Gondwana 2021\",\"description\":\"Festival am Waldsee | 22. - 24. Juli 2022 | Gr\u00fcnefeld bei Berlin\",\"potentialAction\":[{\"@type\":\"SearchAction\",\"target\":{\"@type\":\"EntryPoint\",\"urlTemplate\":\"https:\/\/pyonen.de\/nog2021\/?s={search_term_string}\"},\"query-input\":\"required name=search_term_string\"}],\"inLanguage\":\"de\"}]}<\/script>\n<!-- \/ Yoast SEO plugin. -->","yoast_head_json":{"title":"Andr\u00e9 - Nation of Gondwana 2021","robots":{"index":"index","follow":"follow","max-snippet":"max-snippet:-1","max-image-preview":"max-image-preview:large","max-video-preview":"max-video-preview:-1"},"canonical":"https:\/\/pyonen.de\/nog2021\/andre\/","og_locale":"de_DE","og_type":"article","og_title":"Andr\u00e9 - Nation of Gondwana 2021","og_url":"https:\/\/pyonen.de\/nog2021\/andre\/","og_site_name":"Nation of Gondwana 2021","article_modified_time":"2021-06-05T10:07:33+00:00","twitter_card":"summary_large_image","twitter_misc":{"Gesch\u00e4tzte Lesezeit":"4\u00a0Minuten"},"schema":{"@context":"https:\/\/schema.org","@graph":[{"@type":"WebPage","@id":"https:\/\/pyonen.de\/nog2021\/andre\/","url":"https:\/\/pyonen.de\/nog2021\/andre\/","name":"Andr\u00e9 - Nation of Gondwana 2021","isPartOf":{"@id":"https:\/\/pyonen.de\/nog2021\/#website"},"datePublished":"2021-04-27T08:31:32+00:00","dateModified":"2021-06-05T10:07:33+00:00","breadcrumb":{"@id":"https:\/\/pyonen.de\/nog2021\/andre\/#breadcrumb"},"inLanguage":"de","potentialAction":[{"@type":"ReadAction","target":["https:\/\/pyonen.de\/nog2021\/andre\/"]}]},{"@type":"BreadcrumbList","@id":"https:\/\/pyonen.de\/nog2021\/andre\/#breadcrumb","itemListElement":[{"@type":"ListItem","position":1,"name":"Startseite","item":"https:\/\/pyonen.de\/nog2021\/"},{"@type":"ListItem","position":2,"name":"Andr\u00e9"}]},{"@type":"WebSite","@id":"https:\/\/pyonen.de\/nog2021\/#website","url":"https:\/\/pyonen.de\/nog2021\/","name":"Nation of Gondwana 2021","description":"Festival am Waldsee | 22. - 24. Juli 2022 | Gr\u00fcnefeld bei Berlin","potentialAction":[{"@type":"SearchAction","target":{"@type":"EntryPoint","urlTemplate":"https:\/\/pyonen.de\/nog2021\/?s={search_term_string}"},"query-input":"required name=search_term_string"}],"inLanguage":"de"}]}},"_links":{"self":[{"href":"https:\/\/pyonen.de\/nog2021\/wp-json\/wp\/v2\/pages\/1277"}],"collection":[{"href":"https:\/\/pyonen.de\/nog2021\/wp-json\/wp\/v2\/pages"}],"about":[{"href":"https:\/\/pyonen.de\/nog2021\/wp-json\/wp\/v2\/types\/page"}],"author":[{"embeddable":true,"href":"https:\/\/pyonen.de\/nog2021\/wp-json\/wp\/v2\/users\/1"}],"replies":[{"embeddable":true,"href":"https:\/\/pyonen.de\/nog2021\/wp-json\/wp\/v2\/comments?post=1277"}],"version-history":[{"count":31,"href":"https:\/\/pyonen.de\/nog2021\/wp-json\/wp\/v2\/pages\/1277\/revisions"}],"predecessor-version":[{"id":1747,"href":"https:\/\/pyonen.de\/nog2021\/wp-json\/wp\/v2\/pages\/1277\/revisions\/1747"}],"wp:attachment":[{"href":"https:\/\/pyonen.de\/nog2021\/wp-json\/wp\/v2\/media?parent=1277"}],"curies":[{"name":"wp","href":"https:\/\/api.w.org\/{rel}","templated":true}]}}