{"id":1324,"date":"2021-04-27T10:31:32","date_gmt":"2021-04-27T08:31:32","guid":{"rendered":"https:\/\/pyonen.de\/nog2021\/andre\/"},"modified":"2021-06-05T12:08:20","modified_gmt":"2021-06-05T10:08:20","slug":"andre","status":"publish","type":"page","link":"https:\/\/pyonen.de\/nog2021\/andre\/?lang=en","title":{"rendered":"Andr\u00e9"},"content":{"rendered":"<section class=\"l-section wpb_row height_medium\"><div class=\"l-section-h i-cf\"><div class=\"g-cols vc_row via_flex valign_top type_default stacking_default\" style=\"--additional-gap:20px;\"><div class=\"vc_col-sm-6 wpb_column vc_column_container has_text_color has_bg_color\"><div class=\"vc_column-inner us_custom_1d55626f\"><div class=\"wpb_wrapper\"><div class=\"wpb_text_column\"><div class=\"wpb_wrapper\"><h1 style=\"text-align: center;\">Andr\u00e9<\/h1>\n<p>Andr\u00e9 came to the city from the West German provinces with colourful hair and lots of punk cassettes. And he left again with punk in his heart. Andr\u00e9 and Markus invented the Pyonen, the crew made it what they are today. Party organisers, trailblazers, reality escape helpers.<\/p>\n<p>Andr\u00e9 died in 2020. For the Pyonen, it is impossible to forget Andr\u00e9. For the others, we want to tell his story here. Not only because he was a particularly empathetic person, but also because he shaped the self-image of our party culture as a synergy-seeking scene, as a utopian event, and would certainly continue to do so.<\/p>\n<p>When he came here, he lived with Markus and other friends in a house in Rykestra\u00dfe, where there was no heating, no telephones, but plenty of space to fool around. They held their first party in 1993 at Lychener Stra\u00dfe 60. Sven Dohse was the DJ and Gianni Vitiello came by at some point and asked if he could DJ.<\/p>\n<p>So it happened that years later he played in front of thousands at the Carnival of Cultures, when the Pyonen drove through Kreuzberg with a truck full of boxes as part of the parade. They turned empty buildings into clubs for a night. Opened an illegal club in Schlegelstra\u00dfe in Mitte, which was open from 1996 to 1998, first in the basement, then in other parts of the building.<\/p>\n<p>In 2001 they opened their first bar in Prenzlauer Berg, Bar23. They also run pubs like Tante Liesbeth, Fetten Ecke and B\u00f6hmisches Dorf, complete with bulky waste-like furnishings that Andr\u00e9 lovingly bought together at flea markets. There he liked to sit at the bar as a tippler, beer dispenser, Union fan, gossip box and gossip.<\/p>\n<p>Andr\u00e9 and Markus were among the first to organise open air raves. From 1995 onwards, they celebrated a small festival on a horse meadow, which they called Nation of Gondwana. The Nation established itself as a Love Parade alternative. But instead of just dissipating in escapism, from 1999 they organised and produced the Chaos Computer Club camp, where they taught party aesthetics and a sense of community to the hackers and in return brought the party people together with the utopians.<\/p>\n<p>All his knowledge Andr\u00e9 was happy to share. He always had advice, sometimes unsolicited. But most of the time he was even right. Who is good at working with metal? Who makes good awareness concepts? Which loudspeakers are suitable for a techno parade? He gave the right keywords on the phone, forwarded e-mail addresses.<\/p>\n<p>Andr\u00e9 also kept in firm contact with Gr\u00fcnefeld, the place where the nation settled down. As a boy from the north German province, he knew how to bowl, hold warm-hearted banter and make dry jokes. The festival supports local clubs, donates to the kindergarten and integrates local residents who offer food or shower guests in the drizzle with the volunteer fire brigade.<\/p>\n<p>Andr\u00e9, who among other things took care of the booking at the Nation and listened to endless amounts of music in return, however, mostly liked to watch the goings-on from further afar. For hours he sat on a sofa in silence, smoking, beer in hand, and watched the dancers with a grin. Now and then making a precise comment. Unabashedly honest, always full of respect.<\/p>\n<p>Because he had convictions. Work with security guards who train in right-wing boxing clubs? Better to use anti-fascist structures. Women at the door and at the DJ booth? Of course. Securing woodland to convict a peeping Tom, yeah right. Collecting cigarette butts from the meadow, doing without sponsors and making the calculation transparent in order to explain extensively on Facebook why the festival ticket was more expensive. That was important to him. But he didn&#8217;t make a big deal out of it.<\/p>\n<p>Andr\u00e9 died at the age of 52. Of a cancer he managed to fight for much longer than many a doctor had thought.<\/p>\n<p><strong>&#8222;Never give up and believe in yourself&#8220;<\/strong>,<\/p>\n<p>that was his motto. And it remains ours.<\/p>\n<\/div><\/div><\/div><\/div><\/div><div class=\"vc_col-sm-6 wpb_column vc_column_container\"><div class=\"vc_column-inner\"><div class=\"wpb_wrapper\"><div class=\"w-image align_none\"><a ref=\"magnificPopup\" href=\"https:\/\/pyonen.de\/nog2021\/wp-content\/uploads\/2021\/06\/Andre-Janizewski-02.jpg\" aria-label=\"Andre-Janizewski-02\" class=\"w-image-h\"><img decoding=\"async\" width=\"640\" height=\"899\" src=\"https:\/\/pyonen.de\/nog2021\/wp-content\/uploads\/2021\/06\/Andre-Janizewski-02.jpg\" class=\"attachment-full size-full\" alt=\"\" loading=\"lazy\" srcset=\"https:\/\/pyonen.de\/nog2021\/wp-content\/uploads\/2021\/06\/Andre-Janizewski-02.jpg 640w, https:\/\/pyonen.de\/nog2021\/wp-content\/uploads\/2021\/06\/Andre-Janizewski-02-214x300.jpg 214w\" sizes=\"(max-width: 640px) 100vw, 640px\" \/><\/a><\/div><div class=\"wpb_text_column us_custom_b2452879 andre-galerie\"><div class=\"wpb_wrapper\"><div class=\"w-gallery fit_cover wp_gallery type_grid action_popup_image ratio_1x1 count_10\" style=\"--columns:5;--items-gap:8px;\"><div class=\"w-gallery-list\"><div class=\"w-gallery-item\"><div class=\"w-gallery-item-img\"><img loading=\"lazy\" decoding=\"async\" width=\"150\" height=\"150\" src=\"https:\/\/pyonen.de\/nog2021\/wp-content\/uploads\/2021\/04\/RAW_5140_andre-jugend-01-150x150.jpg\" class=\"attachment-thumbnail size-thumbnail\" alt=\"\" srcset=\"https:\/\/pyonen.de\/nog2021\/wp-content\/uploads\/2021\/04\/RAW_5140_andre-jugend-01-150x150.jpg 150w, https:\/\/pyonen.de\/nog2021\/wp-content\/uploads\/2021\/04\/RAW_5140_andre-jugend-01-350x350.jpg 350w\" sizes=\"(max-width: 150px) 100vw, 150px\" \/><\/div><a class=\"w-gallery-item-link\" aria-label=\"RAW_5140_andr\u00e9 jugend 01\" href=\"https:\/\/pyonen.de\/nog2021\/wp-content\/uploads\/2021\/04\/RAW_5140_andre-jugend-01.jpg\"><\/a><\/div><div class=\"w-gallery-item\"><div class=\"w-gallery-item-img\"><img loading=\"lazy\" decoding=\"async\" width=\"150\" height=\"150\" src=\"https:\/\/pyonen.de\/nog2021\/wp-content\/uploads\/2021\/04\/portugal-2019-e1619716241322-150x150.jpg\" class=\"attachment-thumbnail size-thumbnail\" alt=\"\" srcset=\"https:\/\/pyonen.de\/nog2021\/wp-content\/uploads\/2021\/04\/portugal-2019-e1619716241322-150x150.jpg 150w, https:\/\/pyonen.de\/nog2021\/wp-content\/uploads\/2021\/04\/portugal-2019-e1619716241322-350x350.jpg 350w, https:\/\/pyonen.de\/nog2021\/wp-content\/uploads\/2021\/04\/portugal-2019-e1619716241322-600x600.jpg 600w\" sizes=\"(max-width: 150px) 100vw, 150px\" \/><\/div><a class=\"w-gallery-item-link\" aria-label=\"portugal 2019\" href=\"https:\/\/pyonen.de\/nog2021\/wp-content\/uploads\/2021\/04\/portugal-2019-e1619716241322.jpg\"><\/a><\/div><div class=\"w-gallery-item\"><div class=\"w-gallery-item-img\"><img loading=\"lazy\" decoding=\"async\" width=\"150\" height=\"150\" src=\"https:\/\/pyonen.de\/nog2021\/wp-content\/uploads\/2021\/04\/RAW_5153-andre-jugend.02-150x150.jpg\" class=\"attachment-thumbnail size-thumbnail\" alt=\"\" srcset=\"https:\/\/pyonen.de\/nog2021\/wp-content\/uploads\/2021\/04\/RAW_5153-andre-jugend.02-150x150.jpg 150w, https:\/\/pyonen.de\/nog2021\/wp-content\/uploads\/2021\/04\/RAW_5153-andre-jugend.02-350x350.jpg 350w, https:\/\/pyonen.de\/nog2021\/wp-content\/uploads\/2021\/04\/RAW_5153-andre-jugend.02-600x600.jpg 600w\" sizes=\"(max-width: 150px) 100vw, 150px\" \/><\/div><a class=\"w-gallery-item-link\" aria-label=\"RAW_5153 andr\u00e9 jugend.02\" href=\"https:\/\/pyonen.de\/nog2021\/wp-content\/uploads\/2021\/04\/RAW_5153-andre-jugend.02-scaled.jpg\"><\/a><\/div><div class=\"w-gallery-item\"><div class=\"w-gallery-item-img\"><img loading=\"lazy\" decoding=\"async\" width=\"150\" height=\"150\" src=\"https:\/\/pyonen.de\/nog2021\/wp-content\/uploads\/2021\/04\/Andre-und-Franziskus-Union-150x150.jpg\" class=\"attachment-thumbnail size-thumbnail\" alt=\"\" srcset=\"https:\/\/pyonen.de\/nog2021\/wp-content\/uploads\/2021\/04\/Andre-und-Franziskus-Union-150x150.jpg 150w, https:\/\/pyonen.de\/nog2021\/wp-content\/uploads\/2021\/04\/Andre-und-Franziskus-Union-350x350.jpg 350w, https:\/\/pyonen.de\/nog2021\/wp-content\/uploads\/2021\/04\/Andre-und-Franziskus-Union-600x600.jpg 600w\" sizes=\"(max-width: 150px) 100vw, 150px\" \/><\/div><a class=\"w-gallery-item-link\" aria-label=\"Andr\u00e9 und Franziskus Union\" href=\"https:\/\/pyonen.de\/nog2021\/wp-content\/uploads\/2021\/04\/Andre-und-Franziskus-Union.jpg\"><\/a><\/div><div class=\"w-gallery-item\"><div class=\"w-gallery-item-img\"><img loading=\"lazy\" decoding=\"async\" width=\"150\" height=\"150\" src=\"https:\/\/pyonen.de\/nog2021\/wp-content\/uploads\/2021\/04\/poolandi-laos-150x150.jpg\" class=\"attachment-thumbnail size-thumbnail\" alt=\"\" srcset=\"https:\/\/pyonen.de\/nog2021\/wp-content\/uploads\/2021\/04\/poolandi-laos-150x150.jpg 150w, https:\/\/pyonen.de\/nog2021\/wp-content\/uploads\/2021\/04\/poolandi-laos-350x350.jpg 350w, https:\/\/pyonen.de\/nog2021\/wp-content\/uploads\/2021\/04\/poolandi-laos-600x600.jpg 600w\" sizes=\"(max-width: 150px) 100vw, 150px\" \/><\/div><a class=\"w-gallery-item-link\" aria-label=\"poolandi- laos\" href=\"https:\/\/pyonen.de\/nog2021\/wp-content\/uploads\/2021\/04\/poolandi-laos.jpg\"><\/a><\/div><div class=\"w-gallery-item\"><div class=\"w-gallery-item-img\"><img loading=\"lazy\" decoding=\"async\" width=\"150\" height=\"150\" src=\"https:\/\/pyonen.de\/nog2021\/wp-content\/uploads\/2021\/04\/andre-laos-2017-150x150.jpg\" class=\"attachment-thumbnail size-thumbnail\" alt=\"\" srcset=\"https:\/\/pyonen.de\/nog2021\/wp-content\/uploads\/2021\/04\/andre-laos-2017-150x150.jpg 150w, https:\/\/pyonen.de\/nog2021\/wp-content\/uploads\/2021\/04\/andre-laos-2017-300x300.jpg 300w, https:\/\/pyonen.de\/nog2021\/wp-content\/uploads\/2021\/04\/andre-laos-2017-1024x1024.jpg 1024w, https:\/\/pyonen.de\/nog2021\/wp-content\/uploads\/2021\/04\/andre-laos-2017-350x350.jpg 350w, https:\/\/pyonen.de\/nog2021\/wp-content\/uploads\/2021\/04\/andre-laos-2017-600x600.jpg 600w\" sizes=\"(max-width: 150px) 100vw, 150px\" \/><\/div><a class=\"w-gallery-item-link\" aria-label=\"andre-laos-2017\" href=\"https:\/\/pyonen.de\/nog2021\/wp-content\/uploads\/2021\/04\/andre-laos-2017.jpg\"><\/a><\/div><div class=\"w-gallery-item\"><div class=\"w-gallery-item-img\"><img loading=\"lazy\" decoding=\"async\" width=\"150\" height=\"150\" src=\"https:\/\/pyonen.de\/nog2021\/wp-content\/uploads\/2021\/04\/IMG_9896._Andre2019-150x150.jpg\" class=\"attachment-thumbnail size-thumbnail\" alt=\"\" srcset=\"https:\/\/pyonen.de\/nog2021\/wp-content\/uploads\/2021\/04\/IMG_9896._Andre2019-150x150.jpg 150w, https:\/\/pyonen.de\/nog2021\/wp-content\/uploads\/2021\/04\/IMG_9896._Andre2019-350x350.jpg 350w, https:\/\/pyonen.de\/nog2021\/wp-content\/uploads\/2021\/04\/IMG_9896._Andre2019-600x600.jpg 600w\" sizes=\"(max-width: 150px) 100vw, 150px\" \/><\/div><a class=\"w-gallery-item-link\" aria-label=\"IMG_9896._Andre2019\" href=\"https:\/\/pyonen.de\/nog2021\/wp-content\/uploads\/2021\/04\/IMG_9896._Andre2019-scaled.jpg\"><\/a><\/div><div class=\"w-gallery-item\"><div class=\"w-gallery-item-img\"><img loading=\"lazy\" decoding=\"async\" width=\"150\" height=\"150\" src=\"https:\/\/pyonen.de\/nog2021\/wp-content\/uploads\/2021\/04\/Andre-banner-union-2019-e1619764329683-150x150.jpg\" class=\"attachment-thumbnail size-thumbnail\" alt=\"\" srcset=\"https:\/\/pyonen.de\/nog2021\/wp-content\/uploads\/2021\/04\/Andre-banner-union-2019-e1619764329683-150x150.jpg 150w, https:\/\/pyonen.de\/nog2021\/wp-content\/uploads\/2021\/04\/Andre-banner-union-2019-e1619764329683-350x350.jpg 350w, https:\/\/pyonen.de\/nog2021\/wp-content\/uploads\/2021\/04\/Andre-banner-union-2019-e1619764329683-600x600.jpg 600w\" sizes=\"(max-width: 150px) 100vw, 150px\" \/><\/div><a class=\"w-gallery-item-link\" aria-label=\"Andre banner union 2019\" href=\"https:\/\/pyonen.de\/nog2021\/wp-content\/uploads\/2021\/04\/Andre-banner-union-2019-e1619764329683.jpg\"><\/a><\/div><div class=\"w-gallery-item\"><div class=\"w-gallery-item-img\"><img loading=\"lazy\" decoding=\"async\" width=\"150\" height=\"150\" src=\"https:\/\/pyonen.de\/nog2021\/wp-content\/uploads\/2021\/04\/RAW_5152-150x150.jpg\" class=\"attachment-thumbnail size-thumbnail\" alt=\"\" srcset=\"https:\/\/pyonen.de\/nog2021\/wp-content\/uploads\/2021\/04\/RAW_5152-150x150.jpg 150w, https:\/\/pyonen.de\/nog2021\/wp-content\/uploads\/2021\/04\/RAW_5152-350x350.jpg 350w, https:\/\/pyonen.de\/nog2021\/wp-content\/uploads\/2021\/04\/RAW_5152-600x600.jpg 600w\" sizes=\"(max-width: 150px) 100vw, 150px\" \/><\/div><a class=\"w-gallery-item-link\" aria-label=\"RAW_5152\" href=\"https:\/\/pyonen.de\/nog2021\/wp-content\/uploads\/2021\/04\/RAW_5152-scaled.jpg\"><\/a><\/div><div class=\"w-gallery-item\"><div class=\"w-gallery-item-img\"><img loading=\"lazy\" decoding=\"async\" width=\"150\" height=\"150\" src=\"https:\/\/pyonen.de\/nog2021\/wp-content\/uploads\/2021\/04\/FB27622E-9E01-4EE0-879D-5B4471B4E377-150x150.jpg\" class=\"attachment-thumbnail size-thumbnail\" alt=\"\" srcset=\"https:\/\/pyonen.de\/nog2021\/wp-content\/uploads\/2021\/04\/FB27622E-9E01-4EE0-879D-5B4471B4E377-150x150.jpg 150w, https:\/\/pyonen.de\/nog2021\/wp-content\/uploads\/2021\/04\/FB27622E-9E01-4EE0-879D-5B4471B4E377-350x350.jpg 350w, https:\/\/pyonen.de\/nog2021\/wp-content\/uploads\/2021\/04\/FB27622E-9E01-4EE0-879D-5B4471B4E377-600x600.jpg 600w\" sizes=\"(max-width: 150px) 100vw, 150px\" \/><\/div><a class=\"w-gallery-item-link\" aria-label=\"FB27622E-9E01-4EE0-879D-5B4471B4E377\" href=\"https:\/\/pyonen.de\/nog2021\/wp-content\/uploads\/2021\/04\/FB27622E-9E01-4EE0-879D-5B4471B4E377.jpg\"><\/a><\/div><\/div><\/div>\n<\/div><\/div><div class=\"wpb_text_column us_custom_5a8fccf6 has_text_color\"><div class=\"wpb_wrapper\"><h2>Obituaries<\/h2>\n<hr \/>\n<p><strong>F\u00fcrstenauer Pyonen-Party-Pionier Janizewski gestorben<\/strong><br \/>\n<em>Berlin. Ein zugereister Alt-Punker aus dem \u00d6rtchen F\u00fcrstenau pr\u00e4gte die illegale Berliner Partyszene und mit ihr die der gesamten Republik. Jetzt ist Marc-Andr\u00e9 Janizewski fr\u00fch gestorben. Warum er fehlen wird.<\/em><br \/>\n<a href=\"https:\/\/www.noz.de\/deutschland-welt\/kultur\/artikel\/2129650\/pyonen-party-initiator-gestorben-die-stadt-das-licht-der-tod\" target=\"_blank\" rel=\"noopener\"><i class=\"fas fa-link\"><\/i> Osnabr\u00fccker Zeitung, 22.09.2020, Laura Ewert<\/a><\/p>\n<p><strong>Pyonen: Andr\u00e9 Janizewski ist tot<\/strong><br \/>\n<em>Janizewski gr\u00fcndete mit Markus Ossevorth in den fr\u00fchen 1990ern das Partykollektiv Pyonen. Dieses organisierte, mitgerissen von der damaligen Aufbruchsstimmung in Berlin, zahllose eigene und fremde Veranstaltungen.<\/em><br \/>\n<a href=\"https:\/\/groove.de\/2020\/09\/08\/pyonen-andre-janizewski-ist-tot\/\" target=\"_blank\" rel=\"noopener\"><i class=\"fas fa-link\"><\/i> Groove, 08.09.2020, Alexis Waltz<\/a><\/p>\n<p><strong>Mach\u2019s gut, alter Punk<\/strong><br \/>\n<em>Seine Partys machten die Berliner Feierkultur zu dem, wof\u00fcr sie heute weltber\u00fchmt ist. Jetzt ist Andr\u00e9 Janizewski, Mitbeg\u00fcnder des Partykollektivs Pyonen, gestorben. Gedanken an einen, der Berlins kreativer Szene sehr fehlen wird.<\/em><br \/>\n<a href=\"https:\/\/www.berliner-zeitung.de\/mensch-metropole\/machs-gut-alter-punk-li.104477?fbclid=IwAR2S3E7ANPCcQ8VROlgVpEaSObFNGKiH0prrXQPOY7lRdVwcLOlLWQz6waY\" target=\"_blank\" rel=\"noopener\"><i class=\"fas fa-link\"><\/i> Berliner Zeitung, 11.09.2020, Laura Ewert<\/a><\/p>\n<p><strong>CCC trauert um Ehrenmitglied \u201eZewski\u201c<\/strong><br \/>\n<em>Am 3. September 2020 ist unser Ehrenmitglied Marc-Andr\u00e9 Janizewski nach langer schwerer Krankheit gestorben. Wir verlieren einen engen Freund und Verfechter unserer Werte und Tr\u00e4ume. Der CCC dr\u00fcckt allen Angeh\u00f6rigen, Freunden und engen Begleitern von Andr\u00e9 sein tiefstes Mitgef\u00fchl aus.<\/em><br \/>\n<a href=\"https:\/\/www.ccc.de\/de\/updates\/2020\/ccc-trauert-um-ehrenmitglied-zewski\" target=\"_blank\" rel=\"noopener\"><i class=\"fas fa-link\"><\/i> CCC.de, 08.09.2020, Tim<\/a><\/p>\n<p><strong>Mitgr\u00fcnder von Nation of Gondwana verstorben<\/strong><br \/>\n<em>Als Pyonen bezeichnen sich die Veranstalter des Nation of Gondwana Festivals, das seit 1995 im Umland Berlins jedes Jahr stattfindet. Mit ca 8000 m\u00f6glichen G\u00e4sten ist das Festival regelm\u00e4\u00dfig ausverkauft und z\u00e4hlt, neben der Fusion, zu einem der Top Alternative-Festivals in Deutschland.<\/em><br \/>\n<a href=\"https:\/\/www.fazemag.de\/mitgruender-von-nation-of-gondwana-verstorben\/\" target=\"_blank\" rel=\"noopener\"><i class=\"fas fa-link\"><\/i> FAZE Mag, 08.09.2020<\/a><\/p>\n<\/div><\/div><\/div><\/div><\/div><\/div><\/div><\/section>\n","protected":false},"excerpt":{"rendered":"Andr\u00e9 Andr\u00e9 came to the city from the West German provinces with colourful hair and lots of punk cassettes. And he left again with punk in his heart. Andr\u00e9 and Markus invented the Pyonen, the crew made it what they are today. Party organisers, trailblazers, reality escape helpers. Andr\u00e9 died in 2020. For the Pyonen,...","protected":false},"author":1,"featured_media":1283,"parent":0,"menu_order":0,"comment_status":"closed","ping_status":"closed","template":"","meta":{"inline_featured_image":false,"footnotes":""},"class_list":["post-1324","page","type-page","status-publish","has-post-thumbnail","hentry"],"yoast_head":"<!-- This site is optimized with the Yoast SEO plugin v23.1 - https:\/\/yoast.com\/wordpress\/plugins\/seo\/ -->\n<title>Andr\u00e9 - Nation of Gondwana 2021<\/title>\n<meta name=\"robots\" content=\"index, follow, max-snippet:-1, max-image-preview:large, max-video-preview:-1\" \/>\n<link rel=\"canonical\" href=\"https:\/\/pyonen.de\/nog2021\/andre\/?lang=en\" \/>\n<meta property=\"og:locale\" content=\"de_DE\" \/>\n<meta property=\"og:type\" content=\"article\" \/>\n<meta property=\"og:title\" content=\"Andr\u00e9 - Nation of Gondwana 2021\" \/>\n<meta property=\"og:url\" content=\"https:\/\/pyonen.de\/nog2021\/andre\/?lang=en\" \/>\n<meta property=\"og:site_name\" content=\"Nation of Gondwana 2021\" \/>\n<meta property=\"article:modified_time\" content=\"2021-06-05T10:08:20+00:00\" \/>\n<meta property=\"og:image\" content=\"https:\/\/pyonen.de\/nog2021\/wp-content\/uploads\/2021\/04\/Andre-Janizewski.jpg\" \/>\n\t<meta property=\"og:image:width\" content=\"285\" \/>\n\t<meta property=\"og:image:height\" content=\"400\" \/>\n\t<meta property=\"og:image:type\" content=\"image\/jpeg\" \/>\n<meta name=\"twitter:card\" content=\"summary_large_image\" \/>\n<meta name=\"twitter:label1\" content=\"Gesch\u00e4tzte Lesezeit\" \/>\n\t<meta name=\"twitter:data1\" content=\"4\u00a0Minuten\" \/>\n<script type=\"application\/ld+json\" class=\"yoast-schema-graph\">{\"@context\":\"https:\/\/schema.org\",\"@graph\":[{\"@type\":\"WebPage\",\"@id\":\"https:\/\/pyonen.de\/nog2021\/andre\/?lang=en\",\"url\":\"https:\/\/pyonen.de\/nog2021\/andre\/?lang=en\",\"name\":\"Andr\u00e9 - Nation of Gondwana 2021\",\"isPartOf\":{\"@id\":\"https:\/\/pyonen.de\/nog2021\/#website\"},\"primaryImageOfPage\":{\"@id\":\"https:\/\/pyonen.de\/nog2021\/andre\/?lang=en#primaryimage\"},\"image\":{\"@id\":\"https:\/\/pyonen.de\/nog2021\/andre\/?lang=en#primaryimage\"},\"thumbnailUrl\":\"https:\/\/pyonen.de\/nog2021\/wp-content\/uploads\/2021\/04\/Andre-Janizewski.jpg\",\"datePublished\":\"2021-04-27T08:31:32+00:00\",\"dateModified\":\"2021-06-05T10:08:20+00:00\",\"breadcrumb\":{\"@id\":\"https:\/\/pyonen.de\/nog2021\/andre\/?lang=en#breadcrumb\"},\"inLanguage\":\"de\",\"potentialAction\":[{\"@type\":\"ReadAction\",\"target\":[\"https:\/\/pyonen.de\/nog2021\/andre\/?lang=en\"]}]},{\"@type\":\"ImageObject\",\"inLanguage\":\"de\",\"@id\":\"https:\/\/pyonen.de\/nog2021\/andre\/?lang=en#primaryimage\",\"url\":\"https:\/\/pyonen.de\/nog2021\/wp-content\/uploads\/2021\/04\/Andre-Janizewski.jpg\",\"contentUrl\":\"https:\/\/pyonen.de\/nog2021\/wp-content\/uploads\/2021\/04\/Andre-Janizewski.jpg\",\"width\":285,\"height\":400},{\"@type\":\"BreadcrumbList\",\"@id\":\"https:\/\/pyonen.de\/nog2021\/andre\/?lang=en#breadcrumb\",\"itemListElement\":[{\"@type\":\"ListItem\",\"position\":1,\"name\":\"Startseite\",\"item\":\"https:\/\/pyonen.de\/nog2021\/\"},{\"@type\":\"ListItem\",\"position\":2,\"name\":\"Andr\u00e9\"}]},{\"@type\":\"WebSite\",\"@id\":\"https:\/\/pyonen.de\/nog2021\/#website\",\"url\":\"https:\/\/pyonen.de\/nog2021\/\",\"name\":\"Nation of Gondwana 2021\",\"description\":\"Festival am Waldsee | 22. - 24. Juli 2022 | Gr\u00fcnefeld bei Berlin\",\"potentialAction\":[{\"@type\":\"SearchAction\",\"target\":{\"@type\":\"EntryPoint\",\"urlTemplate\":\"https:\/\/pyonen.de\/nog2021\/?s={search_term_string}\"},\"query-input\":\"required name=search_term_string\"}],\"inLanguage\":\"de\"}]}<\/script>\n<!-- \/ Yoast SEO plugin. -->","yoast_head_json":{"title":"Andr\u00e9 - Nation of Gondwana 2021","robots":{"index":"index","follow":"follow","max-snippet":"max-snippet:-1","max-image-preview":"max-image-preview:large","max-video-preview":"max-video-preview:-1"},"canonical":"https:\/\/pyonen.de\/nog2021\/andre\/?lang=en","og_locale":"de_DE","og_type":"article","og_title":"Andr\u00e9 - Nation of Gondwana 2021","og_url":"https:\/\/pyonen.de\/nog2021\/andre\/?lang=en","og_site_name":"Nation of Gondwana 2021","article_modified_time":"2021-06-05T10:08:20+00:00","og_image":[{"width":285,"height":400,"url":"https:\/\/pyonen.de\/nog2021\/wp-content\/uploads\/2021\/04\/Andre-Janizewski.jpg","type":"image\/jpeg"}],"twitter_card":"summary_large_image","twitter_misc":{"Gesch\u00e4tzte Lesezeit":"4\u00a0Minuten"},"schema":{"@context":"https:\/\/schema.org","@graph":[{"@type":"WebPage","@id":"https:\/\/pyonen.de\/nog2021\/andre\/?lang=en","url":"https:\/\/pyonen.de\/nog2021\/andre\/?lang=en","name":"Andr\u00e9 - Nation of Gondwana 2021","isPartOf":{"@id":"https:\/\/pyonen.de\/nog2021\/#website"},"primaryImageOfPage":{"@id":"https:\/\/pyonen.de\/nog2021\/andre\/?lang=en#primaryimage"},"image":{"@id":"https:\/\/pyonen.de\/nog2021\/andre\/?lang=en#primaryimage"},"thumbnailUrl":"https:\/\/pyonen.de\/nog2021\/wp-content\/uploads\/2021\/04\/Andre-Janizewski.jpg","datePublished":"2021-04-27T08:31:32+00:00","dateModified":"2021-06-05T10:08:20+00:00","breadcrumb":{"@id":"https:\/\/pyonen.de\/nog2021\/andre\/?lang=en#breadcrumb"},"inLanguage":"de","potentialAction":[{"@type":"ReadAction","target":["https:\/\/pyonen.de\/nog2021\/andre\/?lang=en"]}]},{"@type":"ImageObject","inLanguage":"de","@id":"https:\/\/pyonen.de\/nog2021\/andre\/?lang=en#primaryimage","url":"https:\/\/pyonen.de\/nog2021\/wp-content\/uploads\/2021\/04\/Andre-Janizewski.jpg","contentUrl":"https:\/\/pyonen.de\/nog2021\/wp-content\/uploads\/2021\/04\/Andre-Janizewski.jpg","width":285,"height":400},{"@type":"BreadcrumbList","@id":"https:\/\/pyonen.de\/nog2021\/andre\/?lang=en#breadcrumb","itemListElement":[{"@type":"ListItem","position":1,"name":"Startseite","item":"https:\/\/pyonen.de\/nog2021\/"},{"@type":"ListItem","position":2,"name":"Andr\u00e9"}]},{"@type":"WebSite","@id":"https:\/\/pyonen.de\/nog2021\/#website","url":"https:\/\/pyonen.de\/nog2021\/","name":"Nation of Gondwana 2021","description":"Festival am Waldsee | 22. - 24. Juli 2022 | Gr\u00fcnefeld bei Berlin","potentialAction":[{"@type":"SearchAction","target":{"@type":"EntryPoint","urlTemplate":"https:\/\/pyonen.de\/nog2021\/?s={search_term_string}"},"query-input":"required name=search_term_string"}],"inLanguage":"de"}]}},"_links":{"self":[{"href":"https:\/\/pyonen.de\/nog2021\/wp-json\/wp\/v2\/pages\/1324"}],"collection":[{"href":"https:\/\/pyonen.de\/nog2021\/wp-json\/wp\/v2\/pages"}],"about":[{"href":"https:\/\/pyonen.de\/nog2021\/wp-json\/wp\/v2\/types\/page"}],"author":[{"embeddable":true,"href":"https:\/\/pyonen.de\/nog2021\/wp-json\/wp\/v2\/users\/1"}],"replies":[{"embeddable":true,"href":"https:\/\/pyonen.de\/nog2021\/wp-json\/wp\/v2\/comments?post=1324"}],"version-history":[{"count":6,"href":"https:\/\/pyonen.de\/nog2021\/wp-json\/wp\/v2\/pages\/1324\/revisions"}],"predecessor-version":[{"id":1748,"href":"https:\/\/pyonen.de\/nog2021\/wp-json\/wp\/v2\/pages\/1324\/revisions\/1748"}],"wp:featuredmedia":[{"embeddable":true,"href":"https:\/\/pyonen.de\/nog2021\/wp-json\/wp\/v2\/media\/1283"}],"wp:attachment":[{"href":"https:\/\/pyonen.de\/nog2021\/wp-json\/wp\/v2\/media?parent=1324"}],"curies":[{"name":"wp","href":"https:\/\/api.w.org\/{rel}","templated":true}]}}