{"id":1699,"date":"2021-06-04T11:18:46","date_gmt":"2021-06-04T09:18:46","guid":{"rendered":"https:\/\/pyonen.de\/nog2021\/?page_id=1699"},"modified":"2021-06-05T17:06:22","modified_gmt":"2021-06-05T15:06:22","slug":"arbeiten-auf-der-nation","status":"publish","type":"page","link":"https:\/\/pyonen.de\/nog2021\/arbeiten-auf-der-nation\/","title":{"rendered":"Arbeiten auf der Nation"},"content":{"rendered":"<section class=\"l-section wpb_row height_medium\"><div class=\"l-section-h i-cf\"><div class=\"g-cols vc_row via_flex valign_top type_default stacking_default\"><div class=\"vc_col-sm-12 wpb_column vc_column_container has_text_color\"><div class=\"vc_column-inner us_custom_1040d8db\"><div class=\"wpb_wrapper\"><div class=\"wpb_text_column us_custom_1b7d78bc has_text_color\"><div class=\"wpb_wrapper\"><h1 style=\"text-align: center;\">Arbeiten auf der Nation<\/h1>\n<p><strong>Hallo liebe Realit\u00e4tsfluchthelfer:innen,<\/strong><\/p>\n<p>Du wolltest schon immer wissen, wie dein Lieblingsfestival hinter den Kulissen funktioniert? Du m\u00f6chtest gerne mithelfen, damit es dieses Jahr sicher, wunderbar und unvergesslich f\u00fcr alle wird?<\/p>\n<p>Wir schaffen ein besonders gesch\u00fctztes und sicheres Biotop f\u00fcr in letzter Zeit nur sehr selten gesehene und bedrohte Party-Animals, wie Tanzb\u00e4r, Partyl\u00f6we, Schnapsdrossel, Tanzmaus, Schluckspecht, Feiermonster und Nachteule. Daf\u00fcr brauchen wir dich, als f\u00fcrsorgliche:n und flei\u00dfige:n Wildh\u00fcter:in.<\/p>\n<p>Die Veranstaltung ist allerdings nur bei wirklich strenger Einhaltung des Sicherheits- und Hygienekonzeptes durchf\u00fchrbar. Ein PCR Test vor dem Eintritt ist f\u00fcr jede:n zwingend erforderlich! Die Vermeidung von Infektionen auf dem Festival und die Sicherheit &amp; Gesundheit aller Beteiligten steht an oberster Stelle!<\/p>\n<p><a href=\"https:\/\/pyonen.de\/nog2021\/hygienekonzept\/\" target=\"_blank\" rel=\"noopener\"><i class=\"fas fa-arrow-right\"><\/i> Bitte lies dir das Hygienkonzept genau durch<\/a>.<\/p>\n<p><strong>Es gibt folgende M\u00f6glichkeiten uns zu unterst\u00fctzen:<\/strong><\/p>\n<ol>\n<li>Wir melden dich kurzfristig an und bezahlen dir 12,-\u20ac netto pro Stunde, das hei\u00dft, wir \u00fcbernehmen die Sozialbeitr\u00e4ge f\u00fcr dich und auch die kompletten Testkosten, wenn du drei Schichten arbeitest.<\/li>\n<li>Du hilfst uns an zwei Tagen als Volunteer (erh\u00e4ltst ein Festivalticket inkl. Testungen) und bezahlst uns vorab ein \u201ePfand\u201c in H\u00f6he der Testkosten (80,-\u20ac). Dieses Pfand kannst du dir nach deiner zweiten Schicht wieder auszahlen lassen.<\/li>\n<\/ol>\n<p>Solltest du ALG I, oder ALG II bekommen, k\u00f6nnen wir dich nicht anmelden. Du kannst aber als Volunteer helfen (siehe 2.)<\/p>\n<p>Es gibt verschiedene Bereiche, f\u00fcr die du dich bewerben kannst. Je mehr f\u00fcr dich in Frage kommen, umso wahrscheinlicher ist es, dass wir dich einsetzen k\u00f6nnen und ausw\u00e4hlen.<\/p>\n<p><em>Wir brauchen Helfer:innen und Volunteers w\u00e4hrend des gesamten Festivals, nicht nur Donnerstag oder Freitag. Du hilfst uns sehr, wenn du flexibel bist und um so wahrscheinlicher ist es, dass wir dich einsetzen k\u00f6nnen. Wir werden selbstverst\u00e4ndlich versuchen, deine W\u00fcnsche zu ber\u00fccksichtigen und geben daf\u00fcr unser Bestes. Bitte hab aber Verst\u00e4ndnis daf\u00fcr, wenn das nicht immer zu 100% klappt. Es bleibt ganz sicher noch gen\u00fcgend Zeit um mit deinen Freund:innen zu feiern, wenn du das m\u00f6chtest.<\/em><\/p>\n<p><strong>Wir freuen uns auf dich!<\/strong><\/p>\n<\/div><\/div><div class=\"wpb_text_column us_custom_fa625d66 has_text_color\"><div class=\"wpb_wrapper\"><h2>Diese Einsatz-M\u00f6glichkeiten gibt es:<\/h2>\n<\/div><\/div><div class=\"wpb_text_column us_custom_1b7d78bc has_text_color\"><div class=\"wpb_wrapper\"><h3>Aufbau<\/h3>\n<p>Ab ca. einer Woche vor dem Festival kannst du uns helfen Z\u00e4une zu stellen, Wegeleitsystem und sonstige Aufbauarbeiten zu leisten. Es gibt allerdings nur sehr wenig freie Pl\u00e4tze, bitte gib uns auch andere Einsatzm\u00f6glichkeiten an, falls es mit dem Aufbau nicht klappt.<\/p>\n<p><a href=\"https:\/\/pyonen.de\/nog2021\/arbeiten-auf-der-nation-anmeldung\/\" target=\"_blank\" rel=\"noopener\"><strong><i class=\"fas fa-arrow-right\"><\/i> Als Volunteer m\u00f6glich<\/strong><\/a><\/p>\n<\/div><\/div><div class=\"wpb_text_column us_custom_1b7d78bc has_text_color\"><div class=\"wpb_wrapper\"><h3>Kasse<\/h3>\n<p>(Einlass, B\u00e4ndchen, Check, Antigen-Test)<\/p>\n<p>Ganz neu in diesem Jahr ist, dass alle G\u00e4ste am Einlass getestet werden. Du checkst z.B.\u00a0 ob es das richtige Auto ist, du verteilst B\u00e4ndchen, hilfst am Einlass, verhinderst Chaos und verbreitest gute Laune.<\/p>\n<p><a href=\"https:\/\/pyonen.de\/nog2021\/arbeiten-auf-der-nation-anmeldung\/\" target=\"_blank\" rel=\"noopener\"><strong><i class=\"fas fa-arrow-right\"><\/i> Als Volunteer m\u00f6glich<\/strong><\/a><\/p>\n<\/div><\/div><div class=\"wpb_text_column us_custom_1b7d78bc has_text_color\"><div class=\"wpb_wrapper\"><h3>Verkehr<\/h3>\n<p>(Wegeleitung, Einweisung usw.)<\/p>\n<p>Du sorgst daf\u00fcr, dass alle G\u00e4ste nach dem Testen richtig zu den Campingfl\u00e4chen kommen und dass auch noch Platz f\u00fcr andere bleibt. Au\u00dferdem achtest du darauf, dass nur Leute aufs Gel\u00e4nde kommen, die auch getestet sind. Du hast hier eine sehr wichtige Position!<\/p>\n<p><a href=\"https:\/\/pyonen.de\/nog2021\/arbeiten-auf-der-nation-anmeldung\/\" target=\"_blank\" rel=\"noopener\"><strong><i class=\"fas fa-arrow-right\"><\/i> Als Volunteer m\u00f6glich<\/strong><\/a><\/p>\n<\/div><\/div><div class=\"wpb_text_column us_custom_1b7d78bc has_text_color\"><div class=\"wpb_wrapper\"><h3>Gastro<\/h3>\n<p>(Bar \/ Runner:in \/ Sp\u00fcler:in \/ Leergut)<\/p>\n<p>Hier k\u00fcmmerst du dich mit Liebe darum, dass alle G\u00e4ste genug zu trinken bekommen. F\u00fcr die Bar brauchst du auf jeden Fall Gastro-Erfahrung. Zuverl\u00e4ssigkeit, gute Laune und Flei\u00df sind aber in allen Bereichen ein Muss!<\/p>\n<p><a href=\"https:\/\/pyonen.de\/nog2021\/arbeiten-auf-der-nation-anmeldung\/\" target=\"_blank\" rel=\"noopener\"><strong><i class=\"fas fa-arrow-right\"><\/i> Als Volunteer m\u00f6glich<\/strong><\/a> (nur Sp\u00fcler:in\/Leergut)<\/p>\n<\/div><\/div><div class=\"wpb_text_column us_custom_1b7d78bc has_text_color\"><div class=\"wpb_wrapper\"><h3>Fahrradgarderobe \/ M\u00fcllpfand<\/h3>\n<p>nicht stressig, aber sehr wichtig, denn viele Leute werden dieses Jahr mit dem Fahrrad kommen. Du nimmst die R\u00e4der an, checkst die Fahrrad-Tickets, passt w\u00e4hrend des Festivals auf die Fahrr\u00e4der auf und gibst sie wieder an die richtigen Leute aus.<\/p>\n<p>Beim M\u00fcllpfand bist du unser(e) Umweltheld:in &#8211; nimmst du die gut gef\u00fcllten und getrennten M\u00fclls\u00e4cke an, sorgst daf\u00fcr, dass alles richtig sortiert wird und gibst das Pfand daf\u00fcr raus.<\/p>\n<p><a href=\"https:\/\/pyonen.de\/nog2021\/arbeiten-auf-der-nation-anmeldung\/\" target=\"_blank\" rel=\"noopener\"><strong><i class=\"fas fa-arrow-right\"><\/i> Als Volunteer m\u00f6glich<\/strong><\/a><\/p>\n<\/div><\/div><div class=\"wpb_text_column us_custom_1b7d78bc has_text_color\"><div class=\"wpb_wrapper\"><h3>Abbau<\/h3>\n<p>Hier k\u00f6nnen wir dich gut brauchen, wenn du auch am Ende des zweiten Festivals (Kranich) noch Energie und Lust zu helfen hast. Wir wollen gemeinsam den geliebten Acker wieder in seinen Urzustand versetzen, damit er auch n\u00e4chstes Jahr wieder bespielt werden kann. Super w\u00e4re auch etwas technisches oder handwerkliches Geschick. F\u00fcr den Abbau bezahlen wir faire Tagesgagen.<\/p>\n<p><a href=\"https:\/\/pyonen.de\/nog2021\/arbeiten-auf-der-nation-anmeldung\/\" target=\"_blank\" rel=\"noopener\"><strong><i class=\"fas fa-arrow-right\"><\/i> Hier eintragen<\/strong><\/a><\/p>\n<\/div><\/div><div class=\"w-btn-wrapper align_justify\"><a class=\"w-btn us-btn-style_2 icon_atleft\" target=\"_blank\" rel=\"nofollow\" href=\"https:\/\/pyonen.de\/nog2021\/arbeiten-auf-der-nation-anmeldung\/\"><i class=\"fas fa-arrow-right\"><\/i><span class=\"w-btn-label\">Hier kannst Du Dich eintragen<\/span><\/a><\/div><\/div><\/div><\/div><\/div><\/div><\/section>\n","protected":false},"excerpt":{"rendered":"Arbeiten auf der Nation Hallo liebe Realit\u00e4tsfluchthelfer:innen, Du wolltest schon immer wissen, wie dein Lieblingsfestival hinter den Kulissen funktioniert? Du m\u00f6chtest gerne mithelfen, damit es dieses Jahr sicher, wunderbar und unvergesslich f\u00fcr alle wird? Wir schaffen ein besonders gesch\u00fctztes und sicheres Biotop f\u00fcr in letzter Zeit nur sehr selten gesehene und bedrohte Party-Animals, wie Tanzb\u00e4r,...","protected":false},"author":7,"featured_media":0,"parent":0,"menu_order":0,"comment_status":"closed","ping_status":"closed","template":"","meta":{"inline_featured_image":false,"footnotes":""},"class_list":["post-1699","page","type-page","status-publish","hentry"],"yoast_head":"<!-- This site is optimized with the Yoast SEO plugin v23.1 - https:\/\/yoast.com\/wordpress\/plugins\/seo\/ -->\n<title>Arbeiten auf der Nation - Nation of Gondwana 2021<\/title>\n<meta name=\"robots\" content=\"noindex, nofollow\" \/>\n<meta property=\"og:locale\" content=\"de_DE\" \/>\n<meta property=\"og:type\" content=\"article\" \/>\n<meta property=\"og:title\" content=\"Arbeiten auf der Nation - Nation of Gondwana 2021\" \/>\n<meta property=\"og:url\" content=\"https:\/\/pyonen.de\/nog2021\/arbeiten-auf-der-nation\/\" \/>\n<meta property=\"og:site_name\" content=\"Nation of Gondwana 2021\" \/>\n<meta property=\"article:modified_time\" content=\"2021-06-05T15:06:22+00:00\" \/>\n<meta name=\"twitter:card\" content=\"summary_large_image\" \/>\n<meta name=\"twitter:label1\" content=\"Gesch\u00e4tzte Lesezeit\" \/>\n\t<meta name=\"twitter:data1\" content=\"3\u00a0Minuten\" \/>\n<script type=\"application\/ld+json\" class=\"yoast-schema-graph\">{\"@context\":\"https:\/\/schema.org\",\"@graph\":[{\"@type\":\"WebPage\",\"@id\":\"https:\/\/pyonen.de\/nog2021\/arbeiten-auf-der-nation\/\",\"url\":\"https:\/\/pyonen.de\/nog2021\/arbeiten-auf-der-nation\/\",\"name\":\"Arbeiten auf der Nation - Nation of Gondwana 2021\",\"isPartOf\":{\"@id\":\"https:\/\/pyonen.de\/nog2021\/#website\"},\"datePublished\":\"2021-06-04T09:18:46+00:00\",\"dateModified\":\"2021-06-05T15:06:22+00:00\",\"breadcrumb\":{\"@id\":\"https:\/\/pyonen.de\/nog2021\/arbeiten-auf-der-nation\/#breadcrumb\"},\"inLanguage\":\"de\",\"potentialAction\":[{\"@type\":\"ReadAction\",\"target\":[\"https:\/\/pyonen.de\/nog2021\/arbeiten-auf-der-nation\/\"]}]},{\"@type\":\"BreadcrumbList\",\"@id\":\"https:\/\/pyonen.de\/nog2021\/arbeiten-auf-der-nation\/#breadcrumb\",\"itemListElement\":[{\"@type\":\"ListItem\",\"position\":1,\"name\":\"Startseite\",\"item\":\"https:\/\/pyonen.de\/nog2021\/\"},{\"@type\":\"ListItem\",\"position\":2,\"name\":\"Arbeiten auf der Nation\"}]},{\"@type\":\"WebSite\",\"@id\":\"https:\/\/pyonen.de\/nog2021\/#website\",\"url\":\"https:\/\/pyonen.de\/nog2021\/\",\"name\":\"Nation of Gondwana 2021\",\"description\":\"Festival am Waldsee | 22. - 24. Juli 2022 | Gr\u00fcnefeld bei Berlin\",\"potentialAction\":[{\"@type\":\"SearchAction\",\"target\":{\"@type\":\"EntryPoint\",\"urlTemplate\":\"https:\/\/pyonen.de\/nog2021\/?s={search_term_string}\"},\"query-input\":\"required name=search_term_string\"}],\"inLanguage\":\"de\"}]}<\/script>\n<!-- \/ Yoast SEO plugin. -->","yoast_head_json":{"title":"Arbeiten auf der Nation - Nation of Gondwana 2021","robots":{"index":"noindex","follow":"nofollow"},"og_locale":"de_DE","og_type":"article","og_title":"Arbeiten auf der Nation - Nation of Gondwana 2021","og_url":"https:\/\/pyonen.de\/nog2021\/arbeiten-auf-der-nation\/","og_site_name":"Nation of Gondwana 2021","article_modified_time":"2021-06-05T15:06:22+00:00","twitter_card":"summary_large_image","twitter_misc":{"Gesch\u00e4tzte Lesezeit":"3\u00a0Minuten"},"schema":{"@context":"https:\/\/schema.org","@graph":[{"@type":"WebPage","@id":"https:\/\/pyonen.de\/nog2021\/arbeiten-auf-der-nation\/","url":"https:\/\/pyonen.de\/nog2021\/arbeiten-auf-der-nation\/","name":"Arbeiten auf der Nation - Nation of Gondwana 2021","isPartOf":{"@id":"https:\/\/pyonen.de\/nog2021\/#website"},"datePublished":"2021-06-04T09:18:46+00:00","dateModified":"2021-06-05T15:06:22+00:00","breadcrumb":{"@id":"https:\/\/pyonen.de\/nog2021\/arbeiten-auf-der-nation\/#breadcrumb"},"inLanguage":"de","potentialAction":[{"@type":"ReadAction","target":["https:\/\/pyonen.de\/nog2021\/arbeiten-auf-der-nation\/"]}]},{"@type":"BreadcrumbList","@id":"https:\/\/pyonen.de\/nog2021\/arbeiten-auf-der-nation\/#breadcrumb","itemListElement":[{"@type":"ListItem","position":1,"name":"Startseite","item":"https:\/\/pyonen.de\/nog2021\/"},{"@type":"ListItem","position":2,"name":"Arbeiten auf der Nation"}]},{"@type":"WebSite","@id":"https:\/\/pyonen.de\/nog2021\/#website","url":"https:\/\/pyonen.de\/nog2021\/","name":"Nation of Gondwana 2021","description":"Festival am Waldsee | 22. - 24. Juli 2022 | Gr\u00fcnefeld bei Berlin","potentialAction":[{"@type":"SearchAction","target":{"@type":"EntryPoint","urlTemplate":"https:\/\/pyonen.de\/nog2021\/?s={search_term_string}"},"query-input":"required name=search_term_string"}],"inLanguage":"de"}]}},"_links":{"self":[{"href":"https:\/\/pyonen.de\/nog2021\/wp-json\/wp\/v2\/pages\/1699"}],"collection":[{"href":"https:\/\/pyonen.de\/nog2021\/wp-json\/wp\/v2\/pages"}],"about":[{"href":"https:\/\/pyonen.de\/nog2021\/wp-json\/wp\/v2\/types\/page"}],"author":[{"embeddable":true,"href":"https:\/\/pyonen.de\/nog2021\/wp-json\/wp\/v2\/users\/7"}],"replies":[{"embeddable":true,"href":"https:\/\/pyonen.de\/nog2021\/wp-json\/wp\/v2\/comments?post=1699"}],"version-history":[{"count":27,"href":"https:\/\/pyonen.de\/nog2021\/wp-json\/wp\/v2\/pages\/1699\/revisions"}],"predecessor-version":[{"id":1756,"href":"https:\/\/pyonen.de\/nog2021\/wp-json\/wp\/v2\/pages\/1699\/revisions\/1756"}],"wp:attachment":[{"href":"https:\/\/pyonen.de\/nog2021\/wp-json\/wp\/v2\/media?parent=1699"}],"curies":[{"name":"wp","href":"https:\/\/api.w.org\/{rel}","templated":true}]}}