{"id":1957,"date":"2021-07-13T23:09:26","date_gmt":"2021-07-13T21:09:26","guid":{"rendered":"https:\/\/pyonen.de\/nog2021\/?page_id=1957"},"modified":"2021-07-20T21:09:27","modified_gmt":"2021-07-20T19:09:27","slug":"hinweise-zur-pcr-testung","status":"publish","type":"page","link":"https:\/\/pyonen.de\/nog2021\/hinweise-zur-pcr-testung\/","title":{"rendered":"Hinweise zur PCR-Testung"},"content":{"rendered":"<section class=\"l-section wpb_row us_custom_cf362e21 height_auto\"><div class=\"l-section-h i-cf\"><div class=\"g-cols vc_row via_flex valign_top type_default stacking_default\" style=\"--additional-gap:20px;\"><div class=\"vc_col-sm-12 wpb_column vc_column_container has_text_color has_bg_color\"><div class=\"vc_column-inner us_custom_1d55626f\"><div class=\"wpb_wrapper\"><div class=\"wpb_text_column us_custom_2eec13b6 ticket-column\"><div class=\"wpb_wrapper\"><h1 style=\"text-align: center;\"><i class=\"fas fa-virus\"><\/i> Aktuelle Hinweise zur PCR-TESTUNG<\/h1>\n<hr \/>\n<p><strong>LIEBE PARALLELWELTOURISTEN:INNEN<\/strong>,<\/p>\n<p>morgen (Mittwoch, 21. Juli) beginnt die PCR Testung f\u00fcr Nation of Gondwana Kranich.<\/p>\n<p><strong>Bitte beachte dazu folgende Punkte:<\/strong><\/p>\n<ul>\n<li>Zur Testung bei Centogene ist eine vorherige Registrierung unter <a href=\"https:\/\/corona.centogene.com\" target=\"_blank\" rel=\"noopener\">www.corona.centogene.com<\/a> erforderlich.<\/li>\n<li>Verwendet zur Registrierung bitte den Gutscheincode <strong>NoG2021Kranich<\/strong><\/li>\n<li>Achtet genau darauf, dass der Name eurer Registrierung bei Centogene exakt mit dem Namen eures Tickets \u00fcbereinstimmt, da ansonsten das Ticket nicht automatisch ausgestellt werden kann.<\/li>\n<li>Falls irgendwelche Unklarheiten zum Testprozess und zur Anmeldung bestehen, gibt es <a href=\"https:\/\/news.tixforgigs.com\/downloads\/centogene_nog.pdf\" target=\"_blank\" rel=\"noopener\">hier eine umfangreiche Anleitung<\/a>.<\/li>\n<\/ul>\n<div id=\"tablepress-15-scroll-wrapper\" class=\"tablepress-scroll-wrapper\">\n\n<table id=\"tablepress-15\" class=\"tablepress tablepress-id-15 testHinweise tablepress-responsive\">\n<tbody>\n<tr class=\"row-1\">\n\t<td class=\"column-1\">TESTZENTRUM<\/td><td class=\"column-2\">\u00d6FFNUNGSZEITEN<\/td><td class=\"column-3\"><\/td>\n<\/tr>\n<tr class=\"row-2\">\n\t<td class=\"column-1\"><a href=\"https:\/\/www.centogene.com\/de\/covid-19\/test-centers\/testen-am-ber.html\" target=\"_blank\" rel=\"noopener\">- Berlin Airport<\/a><\/td><td class=\"column-2\">Montag - Sonntag<\/td><td class=\"column-3\">07:00 - 22:30<\/td>\n<\/tr>\n<tr class=\"row-3\">\n\t<td class=\"column-1\"><a href=\"https:\/\/www.centogene.com\/de\/covid-19\/test-centers\/testen-am-ewerk-berlin.html\" target=\"_blank\" rel=\"noopener\">- Berlin E-Werk<\/a><\/td><td class=\"column-2\">Montag, Dienstag, Freitag<br \/>\nMittwoch, Donnerstag<br \/>\nSamstag, Sonntag<\/td><td class=\"column-3\">08:30 - 20:00<br \/>\n08:00 - 22:00<br \/>\n09:00 - 18:00<\/td>\n<\/tr>\n<tr class=\"row-4\">\n\t<td class=\"column-1\"><a href=\"https:\/\/www.centogene.com\/de\/covid-19\/test-centers\/testen-am-hamburger-flughafen.html\" target=\"_blank\" rel=\"noopener\">- Hamburg Airport<\/a><\/td><td class=\"column-2\">Montag - Sonntag<\/td><td class=\"column-3\">06:30 - 20:30<\/td>\n<\/tr>\n<tr class=\"row-5\">\n\t<td class=\"column-1\"><a href=\"https:\/\/www.centogene.com\/de\/covid-19\/test-centers\/testen-am-hamburger-flughafen-drive-through.html\" target=\"_blank\" rel=\"noopener\">- Hamburg Airport Drive Through<\/a><\/td><td class=\"column-2\">Montag - Sonntag<\/td><td class=\"column-3\">06:30 - 19:30<\/td>\n<\/tr>\n<tr class=\"row-6\">\n\t<td class=\"column-1\"><a href=\"https:\/\/www.centogene.com\/de\/covid-19\/test-centers\/testen-am-frankfurter-flughafen.html\" target=\"_blank\" rel=\"noopener\">- Frankfurt Airport<\/a><\/td><td class=\"column-2\">Montag - Sonntag<\/td><td class=\"column-3\">06:00 - 20:00<\/td>\n<\/tr>\n<tr class=\"row-7\">\n\t<td class=\"column-1\"><a href=\"https:\/\/www.centogene.com\/de\/covid-19\/test-centers\/corona-testcenter-frankfurt-flughafen-drive-through.html\">- Frankfurt Flughafen Drive Through<\/a><\/td><td class=\"column-2\">Mittwoch - Donnerstag<\/td><td class=\"column-3\">08:00 - 20:00<\/td>\n<\/tr>\n<tr class=\"row-8\">\n\t<td class=\"column-1\"><a href=\"https:\/\/www.centogene.com\/de\/covid-19\/test-centers\/corona-testcenter-frankfurt-myzeil.html\">- Frankfurt MyZeil<\/a><\/td><td class=\"column-2\">Montag - Sonntag<\/td><td class=\"column-3\">10:00 - 20:00<\/td>\n<\/tr>\n<tr class=\"row-9\">\n\t<td class=\"column-1\"><a href=\"https:\/\/www.centogene.com\/de\/covid-19\/test-centers\/testen-am-koelner-flughafen.html\" target=\"_blank\" rel=\"noopener\">- K\u00f6ln-Bonn Airport<\/a><\/td><td class=\"column-2\">Montag - Sonntag<\/td><td class=\"column-3\">07:00 - 09:00<\/td>\n<\/tr>\n<tr class=\"row-10\">\n\t<td class=\"column-1\"><a href=\"https:\/\/www.centogene.com\/de\/covid-19\/test-centers\/testen-am-muenchner-flughafen.html\" target=\"_blank\" rel=\"noopener\">- Testcenter M\u00fcnchen Flughafen<\/a><\/td><td class=\"column-2\">Montag - Sonntag<\/td><td class=\"column-3\">05:00 - 22:00<\/td>\n<\/tr>\n<tr class=\"row-11\">\n\t<td class=\"column-1\"><a href=\"https:\/\/www.centogene.com\/de\/covid-19\/test-centers\/testen-am-duesseldorfer-flughafen.html\" target=\"_blank\" rel=\"noopener\">- D\u00fcsseldorf Airport<\/a><\/td><td class=\"column-2\">Montag- Sonntag<\/td><td class=\"column-3\">07:00 - 21:00<\/td>\n<\/tr>\n<tr class=\"row-12\">\n\t<td class=\"column-1\"><a href=\"https:\/\/www.centogene.com\/de\/covid-19\/test-centers\/abstrichzentrum-rostock.html\" target=\"_blank\" rel=\"noopener\">- Rostock Test Center<\/a><\/td><td class=\"column-2\">Montag - Freitag<\/td><td class=\"column-3\">08:00 - 16:00<\/td>\n<\/tr>\n<tr class=\"row-13\">\n\t<td class=\"column-1\"><a href=\"https:\/\/www.centogene.com\/de\/covid-19\/test-centers\/leipzig-nova-shopping-center.html\" target=\"_blank\" rel=\"noopener\">- Leipzig Testcenter im NOVA Shoppingcenter<\/a><\/td><td class=\"column-2\">Mittwoch<\/td><td class=\"column-3\">10:00 - 18:00<\/td>\n<\/tr>\n<\/tbody>\n<\/table>\n\n<\/div><!-- #tablepress-15 from cache -->\n<ul>\n<li>F\u00fcr die Testcenter <strong>Berlin<\/strong>, <strong>Hamburg<\/strong> und <strong>Leipzig<\/strong> empfiehlt sich zur Vermeidung langer Wartezeiten eine Terminbuchung.<\/li>\n<li>In der Regel sollte sp\u00e4testens 24 Stunden nach dem Test das Ergebnis vorliegen. Ist dieses negativ, erh\u00e4ltst du dein Ticket automatisch per E-Mail. Ggf. auch den Spamfilter pr\u00fcfen.<\/li>\n<\/ul>\n<p><strong>VOLLST\u00c4NDIG GEIMPFT?<\/strong><\/p>\n<p>Solltest du bereits geimpft- und dein Impfschutz vollst\u00e4ndig sein (zwei Wochen nach letzter Impfung), kannst du dein Impfzertifikat wie folgt hochladen:<\/p>\n<ul>\n<li>Bitte schick keine Fotos des gedruckten Zertifikats. Einfach das Impfzertifikat in die CovidWarn App laden, dort vom Zertifikat einen Screenshot anfertigen. ACHTUNG: Seit dem letzten Update sind in der CovPass App keine Screenshots mehr m\u00f6glich, deshalb nutze bitte die <a href=\"https:\/\/www.coronawarn.app\/de\/\" target=\"_blank\" rel=\"noopener\"><i class=\"fas fa-arrow-right\"><\/i> Corona-Warn-App<\/a><\/li>\n<li>Sofern du das Ticket selbst gekauft hast und dieses vollst\u00e4ndig personalisiert ist: Login auf <a href=\"https:\/\/www.tixforgigs.com\/\" target=\"_blank\" rel=\"noopener\">www.tixforgigs.com<\/a> -&gt; Meine Bestellungen -&gt; Personalisierung -&gt; Dein Ticket aufrufen -&gt; Rechts oben Upload nutzen und den Screenshot hochladen.<\/li>\n<li>Wenn jemand anderes das Ticket f\u00fcr dich gekauft hat: Bitte den\/die K\u00e4ufer*in nach Login auf <a href=\"https:\/\/www.tixforgigs.com\/\" target=\"_blank\" rel=\"noopener\">www.tixforgigs.com<\/a> -&gt; Meine Bestellungen -&gt; Personalisierung dein Ticket aufzurufen und dort den Button &#8222;Personalisierungsmail senden&#8220; zu klicken. Du erh\u00e4ltst dann einen Link und kannst wie oben beschrieben verfahren. Alternativ kannst du dein Zertifikat auch an den\/die Ticketk\u00e4uferIn schicken, damit er\/sie das f\u00fcr dich hochl\u00e4dt.<\/li>\n<\/ul>\n<\/div><\/div><\/div><\/div><\/div><\/div><\/div><\/section>\n","protected":false},"excerpt":{"rendered":"Aktuelle Hinweise zur PCR-TESTUNG LIEBE PARALLELWELTOURISTEN:INNEN, morgen (Mittwoch, 21. Juli) beginnt die PCR Testung f\u00fcr Nation of Gondwana Kranich. Bitte beachte dazu folgende Punkte: Zur Testung bei Centogene ist eine vorherige Registrierung unter www.corona.centogene.com erforderlich. Verwendet zur Registrierung bitte den Gutscheincode NoG2021Kranich Achtet genau darauf, dass der Name eurer Registrierung bei Centogene exakt mit dem...","protected":false},"author":1,"featured_media":0,"parent":0,"menu_order":0,"comment_status":"closed","ping_status":"closed","template":"","meta":{"inline_featured_image":false,"footnotes":""},"class_list":["post-1957","page","type-page","status-publish","hentry"],"yoast_head":"<!-- This site is optimized with the Yoast SEO plugin v23.1 - https:\/\/yoast.com\/wordpress\/plugins\/seo\/ -->\n<title>Hinweise zur PCR-Testung - Nation of Gondwana 2021<\/title>\n<meta name=\"robots\" content=\"index, follow, max-snippet:-1, max-image-preview:large, max-video-preview:-1\" \/>\n<link rel=\"canonical\" href=\"https:\/\/pyonen.de\/nog2021\/hinweise-zur-pcr-testung\/\" \/>\n<meta property=\"og:locale\" content=\"de_DE\" \/>\n<meta property=\"og:type\" content=\"article\" \/>\n<meta property=\"og:title\" content=\"Hinweise zur PCR-Testung - Nation of Gondwana 2021\" \/>\n<meta property=\"og:url\" content=\"https:\/\/pyonen.de\/nog2021\/hinweise-zur-pcr-testung\/\" \/>\n<meta property=\"og:site_name\" content=\"Nation of Gondwana 2021\" \/>\n<meta property=\"article:modified_time\" content=\"2021-07-20T19:09:27+00:00\" \/>\n<meta name=\"twitter:card\" content=\"summary_large_image\" \/>\n<meta name=\"twitter:label1\" content=\"Gesch\u00e4tzte Lesezeit\" \/>\n\t<meta name=\"twitter:data1\" content=\"2\u00a0Minuten\" \/>\n<script type=\"application\/ld+json\" class=\"yoast-schema-graph\">{\"@context\":\"https:\/\/schema.org\",\"@graph\":[{\"@type\":\"WebPage\",\"@id\":\"https:\/\/pyonen.de\/nog2021\/hinweise-zur-pcr-testung\/\",\"url\":\"https:\/\/pyonen.de\/nog2021\/hinweise-zur-pcr-testung\/\",\"name\":\"Hinweise zur PCR-Testung - Nation of Gondwana 2021\",\"isPartOf\":{\"@id\":\"https:\/\/pyonen.de\/nog2021\/#website\"},\"datePublished\":\"2021-07-13T21:09:26+00:00\",\"dateModified\":\"2021-07-20T19:09:27+00:00\",\"breadcrumb\":{\"@id\":\"https:\/\/pyonen.de\/nog2021\/hinweise-zur-pcr-testung\/#breadcrumb\"},\"inLanguage\":\"de\",\"potentialAction\":[{\"@type\":\"ReadAction\",\"target\":[\"https:\/\/pyonen.de\/nog2021\/hinweise-zur-pcr-testung\/\"]}]},{\"@type\":\"BreadcrumbList\",\"@id\":\"https:\/\/pyonen.de\/nog2021\/hinweise-zur-pcr-testung\/#breadcrumb\",\"itemListElement\":[{\"@type\":\"ListItem\",\"position\":1,\"name\":\"Startseite\",\"item\":\"https:\/\/pyonen.de\/nog2021\/\"},{\"@type\":\"ListItem\",\"position\":2,\"name\":\"Hinweise zur PCR-Testung\"}]},{\"@type\":\"WebSite\",\"@id\":\"https:\/\/pyonen.de\/nog2021\/#website\",\"url\":\"https:\/\/pyonen.de\/nog2021\/\",\"name\":\"Nation of Gondwana 2021\",\"description\":\"Festival am Waldsee | 22. - 24. Juli 2022 | Gr\u00fcnefeld bei Berlin\",\"potentialAction\":[{\"@type\":\"SearchAction\",\"target\":{\"@type\":\"EntryPoint\",\"urlTemplate\":\"https:\/\/pyonen.de\/nog2021\/?s={search_term_string}\"},\"query-input\":\"required name=search_term_string\"}],\"inLanguage\":\"de\"}]}<\/script>\n<!-- \/ Yoast SEO plugin. -->","yoast_head_json":{"title":"Hinweise zur PCR-Testung - Nation of Gondwana 2021","robots":{"index":"index","follow":"follow","max-snippet":"max-snippet:-1","max-image-preview":"max-image-preview:large","max-video-preview":"max-video-preview:-1"},"canonical":"https:\/\/pyonen.de\/nog2021\/hinweise-zur-pcr-testung\/","og_locale":"de_DE","og_type":"article","og_title":"Hinweise zur PCR-Testung - Nation of Gondwana 2021","og_url":"https:\/\/pyonen.de\/nog2021\/hinweise-zur-pcr-testung\/","og_site_name":"Nation of Gondwana 2021","article_modified_time":"2021-07-20T19:09:27+00:00","twitter_card":"summary_large_image","twitter_misc":{"Gesch\u00e4tzte Lesezeit":"2\u00a0Minuten"},"schema":{"@context":"https:\/\/schema.org","@graph":[{"@type":"WebPage","@id":"https:\/\/pyonen.de\/nog2021\/hinweise-zur-pcr-testung\/","url":"https:\/\/pyonen.de\/nog2021\/hinweise-zur-pcr-testung\/","name":"Hinweise zur PCR-Testung - Nation of Gondwana 2021","isPartOf":{"@id":"https:\/\/pyonen.de\/nog2021\/#website"},"datePublished":"2021-07-13T21:09:26+00:00","dateModified":"2021-07-20T19:09:27+00:00","breadcrumb":{"@id":"https:\/\/pyonen.de\/nog2021\/hinweise-zur-pcr-testung\/#breadcrumb"},"inLanguage":"de","potentialAction":[{"@type":"ReadAction","target":["https:\/\/pyonen.de\/nog2021\/hinweise-zur-pcr-testung\/"]}]},{"@type":"BreadcrumbList","@id":"https:\/\/pyonen.de\/nog2021\/hinweise-zur-pcr-testung\/#breadcrumb","itemListElement":[{"@type":"ListItem","position":1,"name":"Startseite","item":"https:\/\/pyonen.de\/nog2021\/"},{"@type":"ListItem","position":2,"name":"Hinweise zur PCR-Testung"}]},{"@type":"WebSite","@id":"https:\/\/pyonen.de\/nog2021\/#website","url":"https:\/\/pyonen.de\/nog2021\/","name":"Nation of Gondwana 2021","description":"Festival am Waldsee | 22. - 24. Juli 2022 | Gr\u00fcnefeld bei Berlin","potentialAction":[{"@type":"SearchAction","target":{"@type":"EntryPoint","urlTemplate":"https:\/\/pyonen.de\/nog2021\/?s={search_term_string}"},"query-input":"required name=search_term_string"}],"inLanguage":"de"}]}},"_links":{"self":[{"href":"https:\/\/pyonen.de\/nog2021\/wp-json\/wp\/v2\/pages\/1957"}],"collection":[{"href":"https:\/\/pyonen.de\/nog2021\/wp-json\/wp\/v2\/pages"}],"about":[{"href":"https:\/\/pyonen.de\/nog2021\/wp-json\/wp\/v2\/types\/page"}],"author":[{"embeddable":true,"href":"https:\/\/pyonen.de\/nog2021\/wp-json\/wp\/v2\/users\/1"}],"replies":[{"embeddable":true,"href":"https:\/\/pyonen.de\/nog2021\/wp-json\/wp\/v2\/comments?post=1957"}],"version-history":[{"count":20,"href":"https:\/\/pyonen.de\/nog2021\/wp-json\/wp\/v2\/pages\/1957\/revisions"}],"predecessor-version":[{"id":2051,"href":"https:\/\/pyonen.de\/nog2021\/wp-json\/wp\/v2\/pages\/1957\/revisions\/2051"}],"wp:attachment":[{"href":"https:\/\/pyonen.de\/nog2021\/wp-json\/wp\/v2\/media?parent=1957"}],"curies":[{"name":"wp","href":"https:\/\/api.w.org\/{rel}","templated":true}]}}