{"id":330,"date":"2019-04-04T21:07:38","date_gmt":"2019-04-04T19:07:38","guid":{"rendered":"http:\/\/pyonen.de\/nog2021\/?page_id=330"},"modified":"2021-04-29T19:14:14","modified_gmt":"2021-04-29T17:14:14","slug":"about","status":"publish","type":"page","link":"https:\/\/pyonen.de\/nog2021\/about\/?lang=en","title":{"rendered":"ABOUT"},"content":{"rendered":"<section class=\"l-section wpb_row us_custom_0e8075b6 has_text_color height_medium\"><div class=\"l-section-h i-cf\"><div class=\"g-cols vc_row via_flex valign_top type_default stacking_default\"><div class=\"vc_col-sm-12 wpb_column vc_column_container\"><div class=\"vc_column-inner\"><div class=\"wpb_wrapper\"><div class=\"wpb_text_column us_custom_6df4bc3a has_text_color\"><div class=\"wpb_wrapper\"><h3 style=\"text-align: center;\">\u272d Willkommen zum semifiktiven Parallelwelttourismus! \u272d Aus dem einj\u00e4hrigem Einsamkeitsministerium peitschen Proklamationen der Pyonen: sie laden zur postpandemischen Selbstenthemmung auf die Wiese in Gr\u00fcnefeld! \u272d Liebhabende des Freiluftfaktors verlasst eure Sorgenlandstriche und begebt euch in das Sprachlosigkeitskino der punkfidelen Raumlageorientierungs\u00adolympiade der sechsundzwanzigsten &amp; siebenundzwanzigsten Nation of Gondwana! \u272d Ger\u00e4uschsymphoniker:innen dirigieren unterst\u00fctzt durch Lichtdepeschen das Driftvergn\u00fcgen der technooptimistischen Schallwellenreitenden. \u272d Emotionsglutamat wird garantiert. \u272d<\/h3>\n<\/div><\/div><\/div><\/div><\/div><\/div><\/div><\/section><section class=\"l-section wpb_row height_medium\"><div class=\"l-section-h i-cf\"><div class=\"g-cols vc_row via_flex valign_top type_default stacking_default\"><div class=\"vc_col-sm-12 wpb_column vc_column_container has_bg_color\"><div class=\"vc_column-inner us_custom_f1dedcf2\"><div class=\"wpb_wrapper\"><div class=\"w-video align_none ratio_16x9 has_iframe\"><div class=\"w-video-h\"><iframe title=\"Youtube video player\" src=\"\/\/www.youtube.com\/embed\/-YaPltXv-dY?autoplay=0&controls=0&origin=https:\/\/pyonen.de\/nog2021&loop=0&mute=0\" allowfullscreen=\"1\" loading=\"lazy\"><\/iframe><\/div><div class=\"w-video-icon\" style=\"font-size:1.5rem;background:rgba(0,0,0,0.5);color:#fff\"><\/div><\/div><div class=\"wpb_text_column\"><div class=\"wpb_wrapper\"><div style=\"margin-top: 4px; font-size: 12px; line-height: 100%; color: #fff;\">Datenschutzhinweis: Diese Seite benutzt WP YouTube Lyte um YouTube Videos einzubetten. Die Thumbnails werden von YouTube-Servern geladen, aber diese werden von YouTube nicht verfolgt (es werden keine Cookies gesetzt). Wenn du jedoch auf den Play-Button klickst, kann und wird YouTube Informationen \u00fcber dich sammeln.<\/div>\n<\/div><\/div><\/div><\/div><\/div><\/div><\/div><\/section><section class=\"l-section wpb_row height_medium\"><div class=\"l-section-h i-cf\"><div class=\"g-cols vc_row via_flex valign_top type_default stacking_default\"><div class=\"vc_col-sm-12 wpb_column vc_column_container has_bg_color\"><div class=\"vc_column-inner us_custom_f1dedcf2\"><div class=\"wpb_wrapper\"><div class=\"w-grid type_masonry layout_gallery_default cols_5 with_isotope\" id=\"us_grid_1\" style=\"--gap:10px;\" data-filterable=\"true\"><style>@media (max-width:1280px){#us_grid_1 .w-grid-item{width:33.3333%}}@media (max-width:1024px){#us_grid_1 .w-grid-item{width:50%}}@media (max-width:600px){#us_grid_1 .w-grid-list{margin:0}#us_grid_1 .w-grid-item{width:100%;padding:0;margin-bottom:var(--gap,0px)}}.layout_gallery_default .w-grid-item-h{}<\/style><div class=\"w-grid-list\">\t<article class=\"w-grid-item size_1x1 post-136 attachment type-attachment status-inherit hentry\" data-id=\"136\">\r\n\t\t<div class=\"w-grid-item-h\">\r\n\t\t\t\t\t\t\t<a ref=\"magnificPopupGrid\" href=\"https:\/\/pyonen.de\/nog2021\/wp-content\/uploads\/2019\/04\/45614346841_446fa6e6b8_k.jpg\" class=\"w-grid-item-anchor\" aria-label=\"45614346841_446fa6e6b8_k\"><\/a>\r\n\t\t\t\t\t\t<div class=\"w-post-elm post_image usg_post_image_1 stretched\"><img loading=\"lazy\" decoding=\"async\" width=\"400\" height=\"300\" src=\"https:\/\/pyonen.de\/nog2021\/wp-content\/uploads\/2019\/04\/45614346841_446fa6e6b8_k-400x300.jpg\" class=\"attachment-us_400_300_crop size-us_400_300_crop\" alt=\"\" \/><\/div>\t\t<\/div>\r\n\t\t\t<\/article>\r\n\t<article class=\"w-grid-item size_1x1 post-131 attachment type-attachment status-inherit hentry\" data-id=\"131\">\r\n\t\t<div class=\"w-grid-item-h\">\r\n\t\t\t\t\t\t\t<a ref=\"magnificPopupGrid\" href=\"https:\/\/pyonen.de\/nog2021\/wp-content\/uploads\/2019\/04\/45563786762_31f3c3b709_k.jpg\" class=\"w-grid-item-anchor\" aria-label=\"45563786762_31f3c3b709_k\"><\/a>\r\n\t\t\t\t\t\t<div class=\"w-post-elm post_image usg_post_image_1 stretched\"><img loading=\"lazy\" decoding=\"async\" width=\"400\" height=\"300\" src=\"https:\/\/pyonen.de\/nog2021\/wp-content\/uploads\/2019\/04\/45563786762_31f3c3b709_k-400x300.jpg\" class=\"attachment-us_400_300_crop size-us_400_300_crop\" alt=\"\" \/><\/div>\t\t<\/div>\r\n\t\t\t<\/article>\r\n\t<article class=\"w-grid-item size_1x1 post-133 attachment type-attachment status-inherit hentry\" data-id=\"133\">\r\n\t\t<div class=\"w-grid-item-h\">\r\n\t\t\t\t\t\t\t<a ref=\"magnificPopupGrid\" href=\"https:\/\/pyonen.de\/nog2021\/wp-content\/uploads\/2019\/04\/45614283291_8635ee8d55_k.jpg\" class=\"w-grid-item-anchor\" aria-label=\"45614283291_8635ee8d55_k\"><\/a>\r\n\t\t\t\t\t\t<div class=\"w-post-elm post_image usg_post_image_1 stretched\"><img loading=\"lazy\" decoding=\"async\" width=\"400\" height=\"300\" src=\"https:\/\/pyonen.de\/nog2021\/wp-content\/uploads\/2019\/04\/45614283291_8635ee8d55_k-400x300.jpg\" class=\"attachment-us_400_300_crop size-us_400_300_crop\" alt=\"\" \/><\/div>\t\t<\/div>\r\n\t\t\t<\/article>\r\n\t<article class=\"w-grid-item size_1x1 post-126 attachment type-attachment status-inherit hentry\" data-id=\"126\">\r\n\t\t<div class=\"w-grid-item-h\">\r\n\t\t\t\t\t\t\t<a ref=\"magnificPopupGrid\" href=\"https:\/\/pyonen.de\/nog2021\/wp-content\/uploads\/2019\/04\/44700668065_a856a5af7c_k.jpg\" class=\"w-grid-item-anchor\" aria-label=\"44700668065_a856a5af7c_k\"><\/a>\r\n\t\t\t\t\t\t<div class=\"w-post-elm post_image usg_post_image_1 stretched\"><img loading=\"lazy\" decoding=\"async\" width=\"400\" height=\"300\" src=\"https:\/\/pyonen.de\/nog2021\/wp-content\/uploads\/2019\/04\/44700668065_a856a5af7c_k-400x300.jpg\" class=\"attachment-us_400_300_crop size-us_400_300_crop\" alt=\"\" \/><\/div>\t\t<\/div>\r\n\t\t\t<\/article>\r\n\t<article class=\"w-grid-item size_1x1 post-127 attachment type-attachment status-inherit hentry\" data-id=\"127\">\r\n\t\t<div class=\"w-grid-item-h\">\r\n\t\t\t\t\t\t\t<a ref=\"magnificPopupGrid\" href=\"https:\/\/pyonen.de\/nog2021\/wp-content\/uploads\/2019\/04\/44889840764_983e8fd96c_k.jpg\" class=\"w-grid-item-anchor\" aria-label=\"44889840764_983e8fd96c_k\"><\/a>\r\n\t\t\t\t\t\t<div class=\"w-post-elm post_image usg_post_image_1 stretched\"><img loading=\"lazy\" decoding=\"async\" width=\"400\" height=\"300\" src=\"https:\/\/pyonen.de\/nog2021\/wp-content\/uploads\/2019\/04\/44889840764_983e8fd96c_k-400x300.jpg\" class=\"attachment-us_400_300_crop size-us_400_300_crop\" alt=\"\" \/><\/div>\t\t<\/div>\r\n\t\t\t<\/article>\r\n\t<article class=\"w-grid-item size_1x1 post-124 attachment type-attachment status-inherit hentry\" data-id=\"124\">\r\n\t\t<div class=\"w-grid-item-h\">\r\n\t\t\t\t\t\t\t<a ref=\"magnificPopupGrid\" href=\"https:\/\/pyonen.de\/nog2021\/wp-content\/uploads\/2019\/04\/44700633685_b3722e5701_k.jpg\" class=\"w-grid-item-anchor\" aria-label=\"44700633685_b3722e5701_k\"><\/a>\r\n\t\t\t\t\t\t<div class=\"w-post-elm post_image usg_post_image_1 stretched\"><img loading=\"lazy\" decoding=\"async\" width=\"400\" height=\"300\" src=\"https:\/\/pyonen.de\/nog2021\/wp-content\/uploads\/2019\/04\/44700633685_b3722e5701_k-400x300.jpg\" class=\"attachment-us_400_300_crop size-us_400_300_crop\" alt=\"\" \/><\/div>\t\t<\/div>\r\n\t\t\t<\/article>\r\n\t<article class=\"w-grid-item size_1x1 post-130 attachment type-attachment status-inherit hentry\" data-id=\"130\">\r\n\t\t<div class=\"w-grid-item-h\">\r\n\t\t\t\t\t\t\t<a ref=\"magnificPopupGrid\" href=\"https:\/\/pyonen.de\/nog2021\/wp-content\/uploads\/2019\/04\/44889898314_768bb4ba02_k.jpg\" class=\"w-grid-item-anchor\" aria-label=\"44889898314_768bb4ba02_k\"><\/a>\r\n\t\t\t\t\t\t<div class=\"w-post-elm post_image usg_post_image_1 stretched\"><img loading=\"lazy\" decoding=\"async\" width=\"400\" height=\"300\" src=\"https:\/\/pyonen.de\/nog2021\/wp-content\/uploads\/2019\/04\/44889898314_768bb4ba02_k-400x300.jpg\" class=\"attachment-us_400_300_crop size-us_400_300_crop\" alt=\"\" \/><\/div>\t\t<\/div>\r\n\t\t\t<\/article>\r\n\t<article class=\"w-grid-item size_1x1 post-132 attachment type-attachment status-inherit hentry\" data-id=\"132\">\r\n\t\t<div class=\"w-grid-item-h\">\r\n\t\t\t\t\t\t\t<a ref=\"magnificPopupGrid\" href=\"https:\/\/pyonen.de\/nog2021\/wp-content\/uploads\/2019\/04\/45563843342_a202b7255e_k.jpg\" class=\"w-grid-item-anchor\" aria-label=\"45563843342_a202b7255e_k\"><\/a>\r\n\t\t\t\t\t\t<div class=\"w-post-elm post_image usg_post_image_1 stretched\"><img loading=\"lazy\" decoding=\"async\" width=\"400\" height=\"300\" src=\"https:\/\/pyonen.de\/nog2021\/wp-content\/uploads\/2019\/04\/45563843342_a202b7255e_k-400x300.jpg\" class=\"attachment-us_400_300_crop size-us_400_300_crop\" alt=\"\" \/><\/div>\t\t<\/div>\r\n\t\t\t<\/article>\r\n\t<article class=\"w-grid-item size_1x1 post-122 attachment type-attachment status-inherit hentry\" data-id=\"122\">\r\n\t\t<div class=\"w-grid-item-h\">\r\n\t\t\t\t\t\t\t<a ref=\"magnificPopupGrid\" href=\"https:\/\/pyonen.de\/nog2021\/wp-content\/uploads\/2019\/04\/30673365297_4cf9e315fc_k.jpg\" class=\"w-grid-item-anchor\" aria-label=\"30673365297_4cf9e315fc_k\"><\/a>\r\n\t\t\t\t\t\t<div class=\"w-post-elm post_image usg_post_image_1 stretched\"><img loading=\"lazy\" decoding=\"async\" width=\"400\" height=\"300\" src=\"https:\/\/pyonen.de\/nog2021\/wp-content\/uploads\/2019\/04\/30673365297_4cf9e315fc_k-400x300.jpg\" class=\"attachment-us_400_300_crop size-us_400_300_crop\" alt=\"\" \/><\/div>\t\t<\/div>\r\n\t\t\t<\/article>\r\n\t<article class=\"w-grid-item size_1x1 post-128 attachment type-attachment status-inherit hentry\" data-id=\"128\">\r\n\t\t<div class=\"w-grid-item-h\">\r\n\t\t\t\t\t\t\t<a ref=\"magnificPopupGrid\" href=\"https:\/\/pyonen.de\/nog2021\/wp-content\/uploads\/2019\/04\/44889859384_2b3589752f_k.jpg\" class=\"w-grid-item-anchor\" aria-label=\"44889859384_2b3589752f_k\"><\/a>\r\n\t\t\t\t\t\t<div class=\"w-post-elm post_image usg_post_image_1 stretched\"><img loading=\"lazy\" decoding=\"async\" width=\"400\" height=\"300\" src=\"https:\/\/pyonen.de\/nog2021\/wp-content\/uploads\/2019\/04\/44889859384_2b3589752f_k-400x300.jpg\" class=\"attachment-us_400_300_crop size-us_400_300_crop\" alt=\"\" \/><\/div>\t\t<\/div>\r\n\t\t\t<\/article>\r\n\t<article class=\"w-grid-item size_1x1 post-134 attachment type-attachment status-inherit hentry\" data-id=\"134\">\r\n\t\t<div class=\"w-grid-item-h\">\r\n\t\t\t\t\t\t\t<a ref=\"magnificPopupGrid\" href=\"https:\/\/pyonen.de\/nog2021\/wp-content\/uploads\/2019\/04\/45614301241_b1c00139db_k.jpg\" class=\"w-grid-item-anchor\" aria-label=\"45614301241_b1c00139db_k\"><\/a>\r\n\t\t\t\t\t\t<div class=\"w-post-elm post_image usg_post_image_1 stretched\"><img loading=\"lazy\" decoding=\"async\" width=\"400\" height=\"300\" src=\"https:\/\/pyonen.de\/nog2021\/wp-content\/uploads\/2019\/04\/45614301241_b1c00139db_k-400x300.jpg\" class=\"attachment-us_400_300_crop size-us_400_300_crop\" alt=\"\" \/><\/div>\t\t<\/div>\r\n\t\t\t<\/article>\r\n\t<article class=\"w-grid-item size_1x1 post-135 attachment type-attachment status-inherit hentry\" data-id=\"135\">\r\n\t\t<div class=\"w-grid-item-h\">\r\n\t\t\t\t\t\t\t<a ref=\"magnificPopupGrid\" href=\"https:\/\/pyonen.de\/nog2021\/wp-content\/uploads\/2019\/04\/45614322801_2b6e97cf25_k.jpg\" class=\"w-grid-item-anchor\" aria-label=\"45614322801_2b6e97cf25_k\"><\/a>\r\n\t\t\t\t\t\t<div class=\"w-post-elm post_image usg_post_image_1 stretched\"><img loading=\"lazy\" decoding=\"async\" width=\"400\" height=\"300\" src=\"https:\/\/pyonen.de\/nog2021\/wp-content\/uploads\/2019\/04\/45614322801_2b6e97cf25_k-400x300.jpg\" class=\"attachment-us_400_300_crop size-us_400_300_crop\" alt=\"\" \/><\/div>\t\t<\/div>\r\n\t\t\t<\/article>\r\n\t<article class=\"w-grid-item size_1x1 post-123 attachment type-attachment status-inherit hentry\" data-id=\"123\">\r\n\t\t<div class=\"w-grid-item-h\">\r\n\t\t\t\t\t\t\t<a ref=\"magnificPopupGrid\" href=\"https:\/\/pyonen.de\/nog2021\/wp-content\/uploads\/2019\/04\/43796867540_90d390760b_k.jpg\" class=\"w-grid-item-anchor\" aria-label=\"43796867540_90d390760b_k\"><\/a>\r\n\t\t\t\t\t\t<div class=\"w-post-elm post_image usg_post_image_1 stretched\"><img loading=\"lazy\" decoding=\"async\" width=\"400\" height=\"300\" src=\"https:\/\/pyonen.de\/nog2021\/wp-content\/uploads\/2019\/04\/43796867540_90d390760b_k-400x300.jpg\" class=\"attachment-us_400_300_crop size-us_400_300_crop\" alt=\"\" \/><\/div>\t\t<\/div>\r\n\t\t\t<\/article>\r\n\t<article class=\"w-grid-item size_1x1 post-125 attachment type-attachment status-inherit hentry\" data-id=\"125\">\r\n\t\t<div class=\"w-grid-item-h\">\r\n\t\t\t\t\t\t\t<a ref=\"magnificPopupGrid\" href=\"https:\/\/pyonen.de\/nog2021\/wp-content\/uploads\/2019\/04\/44700637795_0c5b2f8ac1_k.jpg\" class=\"w-grid-item-anchor\" aria-label=\"44700637795_0c5b2f8ac1_k\"><\/a>\r\n\t\t\t\t\t\t<div class=\"w-post-elm post_image usg_post_image_1 stretched\"><img loading=\"lazy\" decoding=\"async\" width=\"400\" height=\"300\" src=\"https:\/\/pyonen.de\/nog2021\/wp-content\/uploads\/2019\/04\/44700637795_0c5b2f8ac1_k-400x300.jpg\" class=\"attachment-us_400_300_crop size-us_400_300_crop\" alt=\"\" \/><\/div>\t\t<\/div>\r\n\t\t\t<\/article>\r\n\t<article class=\"w-grid-item size_1x1 post-129 attachment type-attachment status-inherit hentry\" data-id=\"129\">\r\n\t\t<div class=\"w-grid-item-h\">\r\n\t\t\t\t\t\t\t<a ref=\"magnificPopupGrid\" href=\"https:\/\/pyonen.de\/nog2021\/wp-content\/uploads\/2019\/04\/44889867214_836c1a0f1f_k.jpg\" class=\"w-grid-item-anchor\" aria-label=\"44889867214_836c1a0f1f_k\"><\/a>\r\n\t\t\t\t\t\t<div class=\"w-post-elm post_image usg_post_image_1 stretched\"><img loading=\"lazy\" decoding=\"async\" width=\"400\" height=\"300\" src=\"https:\/\/pyonen.de\/nog2021\/wp-content\/uploads\/2019\/04\/44889867214_836c1a0f1f_k-400x300.jpg\" class=\"attachment-us_400_300_crop size-us_400_300_crop\" alt=\"\" \/><\/div>\t\t<\/div>\r\n\t\t\t<\/article>\r\n<\/div><div class=\"w-grid-preloader\">\t<div class=\"g-preloader type_1\">\r\n\t\t<div><\/div>\r\n\t<\/div>\r\n\t<\/div>\t<div class=\"w-grid-json hidden\" onclick='return {&quot;action&quot;:&quot;us_ajax_grid&quot;,&quot;infinite_scroll&quot;:0,&quot;max_num_pages&quot;:1,&quot;pagination&quot;:&quot;none&quot;,&quot;template_vars&quot;:{&quot;columns&quot;:&quot;5&quot;,&quot;exclude_items&quot;:&quot;none&quot;,&quot;img_size&quot;:&quot;us_400_300_crop&quot;,&quot;ignore_items_size&quot;:0,&quot;items_layout&quot;:&quot;gallery_default&quot;,&quot;items_offset&quot;:&quot;1&quot;,&quot;load_animation&quot;:&quot;none&quot;,&quot;overriding_link&quot;:&quot;%7B%22type%22%3A%22popup_image%22%7D&quot;,&quot;post_id&quot;:0,&quot;query_args&quot;:{&quot;post_type&quot;:[&quot;attachment&quot;],&quot;post__in&quot;:[&quot;136&quot;,&quot;135&quot;,&quot;134&quot;,&quot;133&quot;,&quot;132&quot;,&quot;131&quot;,&quot;130&quot;,&quot;129&quot;,&quot;128&quot;,&quot;127&quot;,&quot;126&quot;,&quot;125&quot;,&quot;124&quot;,&quot;123&quot;,&quot;122&quot;],&quot;post_status&quot;:&quot;inherit&quot;,&quot;post_mime_type&quot;:&quot;image&quot;,&quot;posts_per_page&quot;:&quot;15&quot;},&quot;orderby_query_args&quot;:{&quot;orderby&quot;:&quot;RAND(261381507)&quot;},&quot;type&quot;:&quot;masonry&quot;,&quot;us_grid_post_type&quot;:&quot;attachment&quot;,&quot;us_grid_ajax_index&quot;:1,&quot;us_grid_filter_query_string&quot;:null,&quot;us_grid_index&quot;:1,&quot;page_args&quot;:[]}}'><\/div>\r\n\t<\/div><\/div><\/div><\/div><\/div><\/div><\/section>\n","protected":false},"excerpt":{"rendered":"","protected":false},"author":1,"featured_media":0,"parent":0,"menu_order":0,"comment_status":"closed","ping_status":"closed","template":"","meta":{"inline_featured_image":false,"footnotes":""},"class_list":["post-330","page","type-page","status-publish","hentry"],"yoast_head":"<!-- This site is optimized with the Yoast SEO plugin v23.1 - https:\/\/yoast.com\/wordpress\/plugins\/seo\/ -->\n<title>ABOUT - Nation of Gondwana 2021<\/title>\n<meta name=\"robots\" content=\"index, follow, max-snippet:-1, max-image-preview:large, max-video-preview:-1\" \/>\n<link rel=\"canonical\" href=\"https:\/\/pyonen.de\/nog2021\/about\/?lang=en\" \/>\n<meta property=\"og:locale\" content=\"de_DE\" \/>\n<meta property=\"og:type\" content=\"article\" \/>\n<meta property=\"og:title\" content=\"ABOUT - Nation of Gondwana 2021\" \/>\n<meta property=\"og:url\" content=\"https:\/\/pyonen.de\/nog2021\/about\/?lang=en\" \/>\n<meta property=\"og:site_name\" content=\"Nation of Gondwana 2021\" \/>\n<meta property=\"article:modified_time\" content=\"2021-04-29T17:14:14+00:00\" \/>\n<meta name=\"twitter:card\" content=\"summary_large_image\" \/>\n<meta name=\"twitter:label1\" content=\"Gesch\u00e4tzte Lesezeit\" \/>\n\t<meta name=\"twitter:data1\" content=\"1\u00a0Minute\" \/>\n<script type=\"application\/ld+json\" class=\"yoast-schema-graph\">{\"@context\":\"https:\/\/schema.org\",\"@graph\":[{\"@type\":\"WebPage\",\"@id\":\"https:\/\/pyonen.de\/nog2021\/about\/?lang=en\",\"url\":\"https:\/\/pyonen.de\/nog2021\/about\/?lang=en\",\"name\":\"ABOUT - Nation of Gondwana 2021\",\"isPartOf\":{\"@id\":\"https:\/\/pyonen.de\/nog2021\/#website\"},\"datePublished\":\"2019-04-04T19:07:38+00:00\",\"dateModified\":\"2021-04-29T17:14:14+00:00\",\"breadcrumb\":{\"@id\":\"https:\/\/pyonen.de\/nog2021\/about\/?lang=en#breadcrumb\"},\"inLanguage\":\"de\",\"potentialAction\":[{\"@type\":\"ReadAction\",\"target\":[\"https:\/\/pyonen.de\/nog2021\/about\/?lang=en\"]}]},{\"@type\":\"BreadcrumbList\",\"@id\":\"https:\/\/pyonen.de\/nog2021\/about\/?lang=en#breadcrumb\",\"itemListElement\":[{\"@type\":\"ListItem\",\"position\":1,\"name\":\"Startseite\",\"item\":\"https:\/\/pyonen.de\/nog2021\/\"},{\"@type\":\"ListItem\",\"position\":2,\"name\":\"ABOUT\"}]},{\"@type\":\"WebSite\",\"@id\":\"https:\/\/pyonen.de\/nog2021\/#website\",\"url\":\"https:\/\/pyonen.de\/nog2021\/\",\"name\":\"Nation of Gondwana 2021\",\"description\":\"Festival am Waldsee | 22. - 24. Juli 2022 | Gr\u00fcnefeld bei Berlin\",\"potentialAction\":[{\"@type\":\"SearchAction\",\"target\":{\"@type\":\"EntryPoint\",\"urlTemplate\":\"https:\/\/pyonen.de\/nog2021\/?s={search_term_string}\"},\"query-input\":\"required name=search_term_string\"}],\"inLanguage\":\"de\"}]}<\/script>\n<!-- \/ Yoast SEO plugin. -->","yoast_head_json":{"title":"ABOUT - Nation of Gondwana 2021","robots":{"index":"index","follow":"follow","max-snippet":"max-snippet:-1","max-image-preview":"max-image-preview:large","max-video-preview":"max-video-preview:-1"},"canonical":"https:\/\/pyonen.de\/nog2021\/about\/?lang=en","og_locale":"de_DE","og_type":"article","og_title":"ABOUT - Nation of Gondwana 2021","og_url":"https:\/\/pyonen.de\/nog2021\/about\/?lang=en","og_site_name":"Nation of Gondwana 2021","article_modified_time":"2021-04-29T17:14:14+00:00","twitter_card":"summary_large_image","twitter_misc":{"Gesch\u00e4tzte Lesezeit":"1\u00a0Minute"},"schema":{"@context":"https:\/\/schema.org","@graph":[{"@type":"WebPage","@id":"https:\/\/pyonen.de\/nog2021\/about\/?lang=en","url":"https:\/\/pyonen.de\/nog2021\/about\/?lang=en","name":"ABOUT - Nation of Gondwana 2021","isPartOf":{"@id":"https:\/\/pyonen.de\/nog2021\/#website"},"datePublished":"2019-04-04T19:07:38+00:00","dateModified":"2021-04-29T17:14:14+00:00","breadcrumb":{"@id":"https:\/\/pyonen.de\/nog2021\/about\/?lang=en#breadcrumb"},"inLanguage":"de","potentialAction":[{"@type":"ReadAction","target":["https:\/\/pyonen.de\/nog2021\/about\/?lang=en"]}]},{"@type":"BreadcrumbList","@id":"https:\/\/pyonen.de\/nog2021\/about\/?lang=en#breadcrumb","itemListElement":[{"@type":"ListItem","position":1,"name":"Startseite","item":"https:\/\/pyonen.de\/nog2021\/"},{"@type":"ListItem","position":2,"name":"ABOUT"}]},{"@type":"WebSite","@id":"https:\/\/pyonen.de\/nog2021\/#website","url":"https:\/\/pyonen.de\/nog2021\/","name":"Nation of Gondwana 2021","description":"Festival am Waldsee | 22. - 24. Juli 2022 | Gr\u00fcnefeld bei Berlin","potentialAction":[{"@type":"SearchAction","target":{"@type":"EntryPoint","urlTemplate":"https:\/\/pyonen.de\/nog2021\/?s={search_term_string}"},"query-input":"required name=search_term_string"}],"inLanguage":"de"}]}},"_links":{"self":[{"href":"https:\/\/pyonen.de\/nog2021\/wp-json\/wp\/v2\/pages\/330"}],"collection":[{"href":"https:\/\/pyonen.de\/nog2021\/wp-json\/wp\/v2\/pages"}],"about":[{"href":"https:\/\/pyonen.de\/nog2021\/wp-json\/wp\/v2\/types\/page"}],"author":[{"embeddable":true,"href":"https:\/\/pyonen.de\/nog2021\/wp-json\/wp\/v2\/users\/1"}],"replies":[{"embeddable":true,"href":"https:\/\/pyonen.de\/nog2021\/wp-json\/wp\/v2\/comments?post=330"}],"version-history":[{"count":10,"href":"https:\/\/pyonen.de\/nog2021\/wp-json\/wp\/v2\/pages\/330\/revisions"}],"predecessor-version":[{"id":1570,"href":"https:\/\/pyonen.de\/nog2021\/wp-json\/wp\/v2\/pages\/330\/revisions\/1570"}],"wp:attachment":[{"href":"https:\/\/pyonen.de\/nog2021\/wp-json\/wp\/v2\/media?parent=330"}],"curies":[{"name":"wp","href":"https:\/\/api.w.org\/{rel}","templated":true}]}}