{"id":42,"date":"2019-04-04T21:08:31","date_gmt":"2019-04-04T19:08:31","guid":{"rendered":"http:\/\/pyonen.de\/nog2021\/?page_id=42"},"modified":"2021-12-09T10:49:19","modified_gmt":"2021-12-09T09:49:19","slug":"tickets","status":"publish","type":"page","link":"https:\/\/pyonen.de\/nog2021\/tickets\/","title":{"rendered":"TICKETS"},"content":{"rendered":"<section class=\"l-section wpb_row us_custom_cf362e21 height_auto\"><div class=\"l-section-h i-cf\"><div class=\"g-cols vc_row via_flex valign_top type_default stacking_default\" style=\"--additional-gap:20px;\"><div class=\"vc_col-sm-12 wpb_column vc_column_container has_text_color has_bg_color\"><div class=\"vc_column-inner us_custom_1d55626f\"><div class=\"wpb_wrapper\"><div class=\"wpb_text_column us_custom_eb849559 ticket-column\"><div class=\"wpb_wrapper\"><h1 style=\"text-align: center;\"><i class=\"fas fa-ticket-alt\"><\/i> TICKETSSHOP<\/h1>\n<hr \/>\n<p><strong>NATION OF GONDWANA 2022 (22. \u2013 24. Juli) &#8211; Ticketvorverkauf ab Fr\u00fchling hier!<\/strong><\/p>\n<p><a href=\"https:\/\/mailing.pyonen.de\/lists\/\" target=\"_blank\" rel=\"noopener\">\u00bb Melde Dich f\u00fcr unseren Newsletter an<\/a> und erhalte aktuelle Informationen und den genauen Vorverkaufstermin&#8230;<br \/>\n<!--Grunds\u00e4tzlich: Jedes Ticket wird beim Kauf personalisiert. Nur so k\u00f6nnen wir Testungen korrekt zuordnen und im Zweifel Kontakte sicher nachverfolgen. Die Anreise muss aus Hygieneschutzgr\u00fcnden (<a href=\"https:\/\/pyonen.de\/nog2021\/hygienekonzept\/\">siehe Hygienekonzept &amp; FAQs<\/a>) dieses Jahr anders organisiert werden. <strong>\u00d6PNV und Shuttlebusse wird es nicht geben<\/strong>, da wir m\u00f6glichst kleine Cluster bilden wollen.\n\n<strong>Es wird ausschlie\u00dflich eine Anfahrt mit dem Auto oder Fahrrad m\u00f6glich sein.<\/strong>\n\nDeshalb wird es nur untenstehend aufgef\u00fchrte Tickets im Bundle geben, es ist nicht m\u00f6glich ein einzelnes Festivalticket zu erwerben.--><\/p>\n<\/div><\/div><\/div><\/div><\/div><\/div><\/div><\/section>\n","protected":false},"excerpt":{"rendered":"TICKETSSHOP NATION OF GONDWANA 2022 (22. \u2013 24. Juli) &#8211; Ticketvorverkauf ab Fr\u00fchling hier! \u00bb Melde Dich f\u00fcr unseren Newsletter an und erhalte aktuelle Informationen und den genauen Vorverkaufstermin&#8230;","protected":false},"author":1,"featured_media":0,"parent":0,"menu_order":0,"comment_status":"closed","ping_status":"closed","template":"","meta":{"inline_featured_image":false,"footnotes":""},"class_list":["post-42","page","type-page","status-publish","hentry"],"yoast_head":"<!-- This site is optimized with the Yoast SEO plugin v23.1 - https:\/\/yoast.com\/wordpress\/plugins\/seo\/ -->\n<title>TICKETS - Nation of Gondwana 2021<\/title>\n<meta name=\"robots\" content=\"index, follow, max-snippet:-1, max-image-preview:large, max-video-preview:-1\" \/>\n<link rel=\"canonical\" href=\"https:\/\/pyonen.de\/nog2021\/tickets\/\" \/>\n<meta property=\"og:locale\" content=\"de_DE\" \/>\n<meta property=\"og:type\" content=\"article\" \/>\n<meta property=\"og:title\" content=\"TICKETS - Nation of Gondwana 2021\" \/>\n<meta property=\"og:url\" content=\"https:\/\/pyonen.de\/nog2021\/tickets\/\" \/>\n<meta property=\"og:site_name\" content=\"Nation of Gondwana 2021\" \/>\n<meta property=\"article:modified_time\" content=\"2021-12-09T09:49:19+00:00\" \/>\n<meta name=\"twitter:card\" content=\"summary_large_image\" \/>\n<meta name=\"twitter:label1\" content=\"Gesch\u00e4tzte Lesezeit\" \/>\n\t<meta name=\"twitter:data1\" content=\"2\u00a0Minuten\" \/>\n<script type=\"application\/ld+json\" class=\"yoast-schema-graph\">{\"@context\":\"https:\/\/schema.org\",\"@graph\":[{\"@type\":\"WebPage\",\"@id\":\"https:\/\/pyonen.de\/nog2021\/tickets\/\",\"url\":\"https:\/\/pyonen.de\/nog2021\/tickets\/\",\"name\":\"TICKETS - Nation of Gondwana 2021\",\"isPartOf\":{\"@id\":\"https:\/\/pyonen.de\/nog2021\/#website\"},\"datePublished\":\"2019-04-04T19:08:31+00:00\",\"dateModified\":\"2021-12-09T09:49:19+00:00\",\"breadcrumb\":{\"@id\":\"https:\/\/pyonen.de\/nog2021\/tickets\/#breadcrumb\"},\"inLanguage\":\"de\",\"potentialAction\":[{\"@type\":\"ReadAction\",\"target\":[\"https:\/\/pyonen.de\/nog2021\/tickets\/\"]}]},{\"@type\":\"BreadcrumbList\",\"@id\":\"https:\/\/pyonen.de\/nog2021\/tickets\/#breadcrumb\",\"itemListElement\":[{\"@type\":\"ListItem\",\"position\":1,\"name\":\"Startseite\",\"item\":\"https:\/\/pyonen.de\/nog2021\/\"},{\"@type\":\"ListItem\",\"position\":2,\"name\":\"TICKETS\"}]},{\"@type\":\"WebSite\",\"@id\":\"https:\/\/pyonen.de\/nog2021\/#website\",\"url\":\"https:\/\/pyonen.de\/nog2021\/\",\"name\":\"Nation of Gondwana 2021\",\"description\":\"Festival am Waldsee | 22. - 24. Juli 2022 | Gr\u00fcnefeld bei Berlin\",\"potentialAction\":[{\"@type\":\"SearchAction\",\"target\":{\"@type\":\"EntryPoint\",\"urlTemplate\":\"https:\/\/pyonen.de\/nog2021\/?s={search_term_string}\"},\"query-input\":\"required name=search_term_string\"}],\"inLanguage\":\"de\"}]}<\/script>\n<!-- \/ Yoast SEO plugin. -->","yoast_head_json":{"title":"TICKETS - Nation of Gondwana 2021","robots":{"index":"index","follow":"follow","max-snippet":"max-snippet:-1","max-image-preview":"max-image-preview:large","max-video-preview":"max-video-preview:-1"},"canonical":"https:\/\/pyonen.de\/nog2021\/tickets\/","og_locale":"de_DE","og_type":"article","og_title":"TICKETS - Nation of Gondwana 2021","og_url":"https:\/\/pyonen.de\/nog2021\/tickets\/","og_site_name":"Nation of Gondwana 2021","article_modified_time":"2021-12-09T09:49:19+00:00","twitter_card":"summary_large_image","twitter_misc":{"Gesch\u00e4tzte Lesezeit":"2\u00a0Minuten"},"schema":{"@context":"https:\/\/schema.org","@graph":[{"@type":"WebPage","@id":"https:\/\/pyonen.de\/nog2021\/tickets\/","url":"https:\/\/pyonen.de\/nog2021\/tickets\/","name":"TICKETS - Nation of Gondwana 2021","isPartOf":{"@id":"https:\/\/pyonen.de\/nog2021\/#website"},"datePublished":"2019-04-04T19:08:31+00:00","dateModified":"2021-12-09T09:49:19+00:00","breadcrumb":{"@id":"https:\/\/pyonen.de\/nog2021\/tickets\/#breadcrumb"},"inLanguage":"de","potentialAction":[{"@type":"ReadAction","target":["https:\/\/pyonen.de\/nog2021\/tickets\/"]}]},{"@type":"BreadcrumbList","@id":"https:\/\/pyonen.de\/nog2021\/tickets\/#breadcrumb","itemListElement":[{"@type":"ListItem","position":1,"name":"Startseite","item":"https:\/\/pyonen.de\/nog2021\/"},{"@type":"ListItem","position":2,"name":"TICKETS"}]},{"@type":"WebSite","@id":"https:\/\/pyonen.de\/nog2021\/#website","url":"https:\/\/pyonen.de\/nog2021\/","name":"Nation of Gondwana 2021","description":"Festival am Waldsee | 22. - 24. Juli 2022 | Gr\u00fcnefeld bei Berlin","potentialAction":[{"@type":"SearchAction","target":{"@type":"EntryPoint","urlTemplate":"https:\/\/pyonen.de\/nog2021\/?s={search_term_string}"},"query-input":"required name=search_term_string"}],"inLanguage":"de"}]}},"_links":{"self":[{"href":"https:\/\/pyonen.de\/nog2021\/wp-json\/wp\/v2\/pages\/42"}],"collection":[{"href":"https:\/\/pyonen.de\/nog2021\/wp-json\/wp\/v2\/pages"}],"about":[{"href":"https:\/\/pyonen.de\/nog2021\/wp-json\/wp\/v2\/types\/page"}],"author":[{"embeddable":true,"href":"https:\/\/pyonen.de\/nog2021\/wp-json\/wp\/v2\/users\/1"}],"replies":[{"embeddable":true,"href":"https:\/\/pyonen.de\/nog2021\/wp-json\/wp\/v2\/comments?post=42"}],"version-history":[{"count":120,"href":"https:\/\/pyonen.de\/nog2021\/wp-json\/wp\/v2\/pages\/42\/revisions"}],"predecessor-version":[{"id":2110,"href":"https:\/\/pyonen.de\/nog2021\/wp-json\/wp\/v2\/pages\/42\/revisions\/2110"}],"wp:attachment":[{"href":"https:\/\/pyonen.de\/nog2021\/wp-json\/wp\/v2\/media?parent=42"}],"curies":[{"name":"wp","href":"https:\/\/api.w.org\/{rel}","templated":true}]}}