{"id":44,"date":"2019-04-04T21:08:46","date_gmt":"2019-04-04T19:08:46","guid":{"rendered":"http:\/\/pyonen.de\/nog2021\/?page_id=44"},"modified":"2021-12-09T11:52:14","modified_gmt":"2021-12-09T10:52:14","slug":"anfahrt","status":"publish","type":"page","link":"https:\/\/pyonen.de\/nog2021\/anfahrt\/","title":{"rendered":"ANFAHRT"},"content":{"rendered":"<section class=\"l-section wpb_row us_custom_cf362e21 height_auto\"><div class=\"l-section-h i-cf\"><div class=\"g-cols vc_row via_flex valign_top type_default stacking_default\" style=\"--additional-gap:20px;\"><div class=\"vc_col-sm-4 wpb_column vc_column_container has_text_color has_bg_color\"><div class=\"vc_column-inner us_custom_1d55626f\"><div class=\"wpb_wrapper\"><div class=\"wpb_text_column hintergrund01\"><div class=\"wpb_wrapper\"><div class=\"title-pink\">Mit dem Bassliner<\/div>\n<hr \/>\n<p>In Zusammenarbeit mit <strong>BASSLINER<\/strong> wird es au\u00dferdem die M\u00f6glichkeit geben mit Mini-Vans an- und abzureisen. Die Kleinbusse werden dabei mit euch gemeinsam unsere Testung vor Ort durchlaufen und euch erst auf dem Acker aussteigen lassen.<\/p>\n<p>Auch diese Anreiseoption steht unter den Ma\u00dfgaben des Hygienekonzeptes und den Vorgaben zum Modellprojekt.<\/p>\n<p>KFZ- als auch Fahrrad-Bundles k\u00f6nnen einfach eine Fahrt \u00fcber <a href=\"https:\/\/bassliner.org\/de\">Bassliner buchen<\/a> und einsteigen<\/p>\n<p><strong>grundlegende Voraussetzung ist bekannterma\u00dfen die vorgelagerte PCR-Testung und somit ein g\u00fcltiges Festivalticket!<\/strong><\/p>\n<p>Weitere Infos und einen Vorverkauf f\u00fcr die Bustickets gibt es ab dem 21.06.2021 via <a href=\"https:\/\/bassliner.org\/de\">https:\/\/bassliner.org\/de<\/a><\/p>\n<\/div><\/div><\/div><\/div><\/div><div class=\"vc_col-sm-4 wpb_column vc_column_container has_text_color has_bg_color\"><div class=\"vc_column-inner us_custom_1d55626f\"><div class=\"wpb_wrapper\"><div class=\"wpb_text_column hintergrund01\"><div class=\"wpb_wrapper\"><div class=\"title-pink\">Mit dem Auto<\/div>\n<hr \/>\n<ul>\n<li>Wer mit einem KfZ anreisen will, ben\u00f6tigt hierf\u00fcr ein Auto-Bundle. Diese bestehen aus jeweils 1 KFZ-Ticket und, je nach Gr\u00f6\u00dfe eurer Fahrgemeinschaft 1 \u2013 5 Festivaltickets.<\/li>\n<li>Bitte tut euch fr\u00fchzeitig vor Kauf eines Auto-Bundles zu Fahrgemeinschaften zusammen!<\/li>\n<li>In diesem Jahr wird ein deutlich h\u00f6heres Kontingent an KFZ-Tickets verf\u00fcgbar sein.<\/li>\n<li>Im Ort gibt es keine weiteren Parkm\u00f6glichkeiten, hier parkende Fahrzeuge werden abgeschleppt.<\/li>\n<\/ul>\n<p>Westlicher Berliner Ring, Abfahrt Falken\u00adsee, dann \u00fcber Paaren nach 14621 Gr\u00fcne\u00adfeld<\/p>\n<\/div><\/div><div class=\"w-image us_custom_af6a9b6a align_none\"><div class=\"w-image-h\"><img decoding=\"async\" width=\"560\" height=\"450\" src=\"https:\/\/pyonen.de\/nog2021\/wp-content\/uploads\/2021\/04\/nog2021-map-01.png\" class=\"attachment-full size-full\" alt=\"\" loading=\"lazy\" srcset=\"https:\/\/pyonen.de\/nog2021\/wp-content\/uploads\/2021\/04\/nog2021-map-01.png 560w, https:\/\/pyonen.de\/nog2021\/wp-content\/uploads\/2021\/04\/nog2021-map-01-300x241.png 300w\" sizes=\"(max-width: 560px) 100vw, 560px\" \/><\/div><\/div><\/div><\/div><\/div><div class=\"vc_col-sm-4 wpb_column vc_column_container has_text_color has_bg_color\"><div class=\"vc_column-inner us_custom_1d55626f\"><div class=\"wpb_wrapper\"><div class=\"wpb_text_column hintergrund01\"><div class=\"wpb_wrapper\"><div class=\"title-pink\">Mit dem Fahrrad<\/div>\n<hr \/>\n<p>Wer mit einem Fahrrad anreisen will, ben\u00f6tigt hierf\u00fcr ein Fahrrad-Bundle. Diese bestehen aus jeweils 1 Fahrrad-Garderoben-Ticket und 1 Festivalticket.<\/p>\n<p>Dieses Jahr gibt es wieder eine \u00fcberwachte Fahrradgarderobe.<\/p>\n<p><strong>Routenvorschl\u00e4ge f\u00fcr Fahrradfahrer:<\/strong><\/p>\n<p>ab Berlin Gesundbrunnen<br \/>\n<a href=\"https:\/\/bikexberlin.github.io\/assets\/routes\/Berlin-NoG.kml\" target=\"_blank\" rel=\"noopener\">KML<\/a>, <a href=\"https:\/\/bikexberlin.github.io\/assets\/routes\/Berlin-NoG.gpx\" target=\"_blank\" rel=\"noopener\">GPX<\/a>, <a href=\"https:\/\/www.komoot.de\/tour\/411300513?share_token=aciq15fns0Rq2vZ6X0RawVUbwtjf9GdDD0o5OA4W4Zae0zkWZ7&amp;ref=wtd\" target=\"_blank\" rel=\"noopener\">Komoot<\/a><\/p>\n<p>ab S-Bahnhof Hennigsdorf<br \/>\n<a href=\"https:\/\/bikexberlin.github.io\/assets\/routes\/Hennigsdorf-NoG.kml\" target=\"_blank\" rel=\"noopener\">KML<\/a>, <a href=\"https:\/\/bikexberlin.github.io\/assets\/routes\/Hennigsdorf-NoG.gpx\" target=\"_blank\" rel=\"noopener\">GPX<\/a>, <a href=\"https:\/\/www.komoot.de\/tour\/411302440?share_token=a1kX8DDfPKZkiTWpG3mDCfmOOAhfXs6VDJTtrF71WDLwOosw4f&amp;ref=wtd\" target=\"_blank\" rel=\"noopener\">Komoot<\/a><\/p>\n<\/div><\/div><div class=\"wpb_text_column us_custom_af6a9b6a hintergrund01\"><div class=\"wpb_wrapper\"><div class=\"title-pink\">Gemeinsam mit dem Fahrrad zur Nation<\/div>\n<hr \/>\n<p><strong>\u00b7<\/strong> Freitag 10:30, 45 km ab Blochplatz am S+U Gesundbrunnen<\/p>\n<p><strong>\u00b7<\/strong> Freitag 15:00, 24 km ab Postplatz am S Hennigsdorf<\/p>\n<p><strong>\u00b7<\/strong> Vorher bitte <a href=\"https:\/\/docs.google.com\/forms\/d\/e\/1FAIpQLSc1iLwtnX0_UrH54_iTZacpK8icAXGgiJOj23Npgyox1CRlNw\/viewform\" target=\"_blank\" rel=\"noopener\">hier registrieren<\/a><\/p>\n<p><strong>\u00b7<\/strong> Bis zu 1 Zelt + 1 Gep\u00e4ckst\u00fcck k\u00f6nnen wir f\u00fcr euch Gr\u00fcnefeld transportieren. Es gibt keinen R\u00fccktransport.<\/p>\n<p><strong>\u00b7<\/strong> Beschriftet euer Gep\u00e4ck mit Namen und Adresse<\/p>\n<p><strong>\u00b7<\/strong> Gem\u00e4chliches Tempo. Wir fahren keine Rennen und richten uns nach den Langsamsten.<\/p>\n<p><strong>\u00b7<\/strong> <a href=\"https:\/\/t.me\/joinchat\/OOwbQd5xRctiMTYy\" target=\"_blank\" rel=\"noopener\">Telegram-Gruppe<\/a> f\u00fcr Austausch und Fragen<\/p>\n<p>Mehr Infos? <a href=\"https:\/\/bikexberlin.github.io\/\" target=\"_blank\" rel=\"noopener\">Bitte hier entlang<\/a><\/p>\n<\/div><\/div><\/div><\/div><\/div><\/div><\/div><\/section>\n","protected":false},"excerpt":{"rendered":"Mit dem Bassliner In Zusammenarbeit mit BASSLINER wird es au\u00dferdem die M\u00f6glichkeit geben mit Mini-Vans an- und abzureisen. Die Kleinbusse werden dabei mit euch gemeinsam unsere Testung vor Ort durchlaufen und euch erst auf dem Acker aussteigen lassen. Auch diese Anreiseoption steht unter den Ma\u00dfgaben des Hygienekonzeptes und den Vorgaben zum Modellprojekt. KFZ- als auch...","protected":false},"author":1,"featured_media":0,"parent":0,"menu_order":0,"comment_status":"closed","ping_status":"closed","template":"","meta":{"inline_featured_image":false,"footnotes":""},"class_list":["post-44","page","type-page","status-publish","hentry"],"yoast_head":"<!-- This site is optimized with the Yoast SEO plugin v23.1 - https:\/\/yoast.com\/wordpress\/plugins\/seo\/ -->\n<title>ANFAHRT - Nation of Gondwana 2021<\/title>\n<meta name=\"robots\" content=\"index, follow, max-snippet:-1, max-image-preview:large, max-video-preview:-1\" \/>\n<link rel=\"canonical\" href=\"https:\/\/pyonen.de\/nog2021\/anfahrt\/\" \/>\n<meta property=\"og:locale\" content=\"de_DE\" \/>\n<meta property=\"og:type\" content=\"article\" \/>\n<meta property=\"og:title\" content=\"ANFAHRT - Nation of Gondwana 2021\" \/>\n<meta property=\"og:url\" content=\"https:\/\/pyonen.de\/nog2021\/anfahrt\/\" \/>\n<meta property=\"og:site_name\" content=\"Nation of Gondwana 2021\" \/>\n<meta property=\"article:modified_time\" content=\"2021-12-09T10:52:14+00:00\" \/>\n<meta name=\"twitter:card\" content=\"summary_large_image\" \/>\n<meta name=\"twitter:label1\" content=\"Gesch\u00e4tzte Lesezeit\" \/>\n\t<meta name=\"twitter:data1\" content=\"3\u00a0Minuten\" \/>\n<script type=\"application\/ld+json\" class=\"yoast-schema-graph\">{\"@context\":\"https:\/\/schema.org\",\"@graph\":[{\"@type\":\"WebPage\",\"@id\":\"https:\/\/pyonen.de\/nog2021\/anfahrt\/\",\"url\":\"https:\/\/pyonen.de\/nog2021\/anfahrt\/\",\"name\":\"ANFAHRT - Nation of Gondwana 2021\",\"isPartOf\":{\"@id\":\"https:\/\/pyonen.de\/nog2021\/#website\"},\"datePublished\":\"2019-04-04T19:08:46+00:00\",\"dateModified\":\"2021-12-09T10:52:14+00:00\",\"breadcrumb\":{\"@id\":\"https:\/\/pyonen.de\/nog2021\/anfahrt\/#breadcrumb\"},\"inLanguage\":\"de\",\"potentialAction\":[{\"@type\":\"ReadAction\",\"target\":[\"https:\/\/pyonen.de\/nog2021\/anfahrt\/\"]}]},{\"@type\":\"BreadcrumbList\",\"@id\":\"https:\/\/pyonen.de\/nog2021\/anfahrt\/#breadcrumb\",\"itemListElement\":[{\"@type\":\"ListItem\",\"position\":1,\"name\":\"Startseite\",\"item\":\"https:\/\/pyonen.de\/nog2021\/\"},{\"@type\":\"ListItem\",\"position\":2,\"name\":\"ANFAHRT\"}]},{\"@type\":\"WebSite\",\"@id\":\"https:\/\/pyonen.de\/nog2021\/#website\",\"url\":\"https:\/\/pyonen.de\/nog2021\/\",\"name\":\"Nation of Gondwana 2021\",\"description\":\"Festival am Waldsee | 22. - 24. Juli 2022 | Gr\u00fcnefeld bei Berlin\",\"potentialAction\":[{\"@type\":\"SearchAction\",\"target\":{\"@type\":\"EntryPoint\",\"urlTemplate\":\"https:\/\/pyonen.de\/nog2021\/?s={search_term_string}\"},\"query-input\":\"required name=search_term_string\"}],\"inLanguage\":\"de\"}]}<\/script>\n<!-- \/ Yoast SEO plugin. -->","yoast_head_json":{"title":"ANFAHRT - Nation of Gondwana 2021","robots":{"index":"index","follow":"follow","max-snippet":"max-snippet:-1","max-image-preview":"max-image-preview:large","max-video-preview":"max-video-preview:-1"},"canonical":"https:\/\/pyonen.de\/nog2021\/anfahrt\/","og_locale":"de_DE","og_type":"article","og_title":"ANFAHRT - Nation of Gondwana 2021","og_url":"https:\/\/pyonen.de\/nog2021\/anfahrt\/","og_site_name":"Nation of Gondwana 2021","article_modified_time":"2021-12-09T10:52:14+00:00","twitter_card":"summary_large_image","twitter_misc":{"Gesch\u00e4tzte Lesezeit":"3\u00a0Minuten"},"schema":{"@context":"https:\/\/schema.org","@graph":[{"@type":"WebPage","@id":"https:\/\/pyonen.de\/nog2021\/anfahrt\/","url":"https:\/\/pyonen.de\/nog2021\/anfahrt\/","name":"ANFAHRT - Nation of Gondwana 2021","isPartOf":{"@id":"https:\/\/pyonen.de\/nog2021\/#website"},"datePublished":"2019-04-04T19:08:46+00:00","dateModified":"2021-12-09T10:52:14+00:00","breadcrumb":{"@id":"https:\/\/pyonen.de\/nog2021\/anfahrt\/#breadcrumb"},"inLanguage":"de","potentialAction":[{"@type":"ReadAction","target":["https:\/\/pyonen.de\/nog2021\/anfahrt\/"]}]},{"@type":"BreadcrumbList","@id":"https:\/\/pyonen.de\/nog2021\/anfahrt\/#breadcrumb","itemListElement":[{"@type":"ListItem","position":1,"name":"Startseite","item":"https:\/\/pyonen.de\/nog2021\/"},{"@type":"ListItem","position":2,"name":"ANFAHRT"}]},{"@type":"WebSite","@id":"https:\/\/pyonen.de\/nog2021\/#website","url":"https:\/\/pyonen.de\/nog2021\/","name":"Nation of Gondwana 2021","description":"Festival am Waldsee | 22. - 24. Juli 2022 | Gr\u00fcnefeld bei Berlin","potentialAction":[{"@type":"SearchAction","target":{"@type":"EntryPoint","urlTemplate":"https:\/\/pyonen.de\/nog2021\/?s={search_term_string}"},"query-input":"required name=search_term_string"}],"inLanguage":"de"}]}},"_links":{"self":[{"href":"https:\/\/pyonen.de\/nog2021\/wp-json\/wp\/v2\/pages\/44"}],"collection":[{"href":"https:\/\/pyonen.de\/nog2021\/wp-json\/wp\/v2\/pages"}],"about":[{"href":"https:\/\/pyonen.de\/nog2021\/wp-json\/wp\/v2\/types\/page"}],"author":[{"embeddable":true,"href":"https:\/\/pyonen.de\/nog2021\/wp-json\/wp\/v2\/users\/1"}],"replies":[{"embeddable":true,"href":"https:\/\/pyonen.de\/nog2021\/wp-json\/wp\/v2\/comments?post=44"}],"version-history":[{"count":41,"href":"https:\/\/pyonen.de\/nog2021\/wp-json\/wp\/v2\/pages\/44\/revisions"}],"predecessor-version":[{"id":2129,"href":"https:\/\/pyonen.de\/nog2021\/wp-json\/wp\/v2\/pages\/44\/revisions\/2129"}],"wp:attachment":[{"href":"https:\/\/pyonen.de\/nog2021\/wp-json\/wp\/v2\/media?parent=44"}],"curies":[{"name":"wp","href":"https:\/\/api.w.org\/{rel}","templated":true}]}}