{"id":46,"date":"2019-04-04T21:09:02","date_gmt":"2019-04-04T19:09:02","guid":{"rendered":"http:\/\/pyonen.de\/nog2021\/?page_id=46"},"modified":"2021-06-22T22:40:43","modified_gmt":"2021-06-22T20:40:43","slug":"danke","status":"publish","type":"page","link":"https:\/\/pyonen.de\/nog2021\/danke\/","title":{"rendered":"DANKE"},"content":{"rendered":"<section class=\"l-section wpb_row us_custom_cf362e21 height_auto\"><div class=\"l-section-h i-cf\"><div class=\"g-cols vc_row via_flex valign_top type_default stacking_default\" style=\"--additional-gap:20px;\"><div class=\"vc_col-sm-4 wpb_column vc_column_container has_text_color has_bg_color\"><div class=\"vc_column-inner us_custom_1d55626f\"><div class=\"wpb_wrapper\"><div class=\"wpb_text_column hintergrund01\"><div class=\"wpb_wrapper\"><div class=\"title-pink\">Unser Dank gilt:<\/div>\n<hr \/>\n<p>\u272d den Bewohnern und Be\u00adwohner\u00adinnen des Ortes Gr\u00fcnefeld.<br \/>\n<a class=\"e\" href=\"http:\/\/www.gruenefeld-im-havelland.de\/\/\">gruenefeld-im-havelland.de<\/a><\/p>\n<p>\u272d dem B\u00fcrgermeister <strong>Bodo Oehme<\/strong> und dem Amtsdirektor a.D. <strong>Kurt Hartley<\/strong> f\u00fcr Ihre konstruktive Unterst\u00fctzung.<\/p>\n<p>\u272d der freiwilligen Feuerwehr Gr\u00fcnefeld f\u00fcr ihren unersch\u00f6pflichen Einsatz. <a class=\"e\" href=\"http:\/\/www.feuerwehr-gruenefeld.de\/\" target=\"_blank\" rel=\"noopener noreferrer\">feuerwehr-gruenefeld.de<\/a><\/p>\n<p>\u272d der <a href=\"https:\/\/www.spielplatz-hammer.de\" target=\"_blank\" rel=\"noopener\">hammer SHM GmbH<\/a> f\u00fcr die Strandreinigung.<\/p>\n<p>\u272d den Architekturstudenten der <a class=\"e\" href=\"https:\/\/www.b-tu.de\/\" target=\"_blank\" rel=\"noopener noreferrer\">BTU Cottbus<\/a> f\u00fcr wunderbare Holzkonstruktionen.<\/p>\n<p>\u272d allen Helfern und Helferinnen!<\/p>\n<\/div><\/div><\/div><\/div><\/div><div class=\"vc_col-sm-4 wpb_column vc_column_container has_text_color has_bg_color\"><div class=\"vc_column-inner us_custom_1d55626f\"><div class=\"wpb_wrapper\"><div class=\"wpb_text_column hintergrund01\"><div class=\"wpb_wrapper\"><div class=\"title-pink\">Tips f\u00fcr&#8217;s Havelland<\/div>\n<hr \/>\n<p>\u272d <a class=\"e\" href=\"http:\/\/www.havelland-tourismus.de\/\">havelland-tourismus.de<\/a><br \/>\n\u272d <a class=\"e\" href=\"http:\/\/www.havelland.de\/\">havelland.de<\/a><br \/>\n\u272d <a class=\"e\" href=\"http:\/\/www.reiseland-brandenburg.de\/reiseziele\/havelland.html\">Reiseziele im Havelland<\/a><\/p>\n<\/div><\/div><\/div><\/div><\/div><div class=\"vc_col-sm-4 wpb_column vc_column_container has_text_color has_bg_color\"><div class=\"vc_column-inner us_custom_1d55626f\"><div class=\"wpb_wrapper\"><div class=\"wpb_text_column hintergrund01\"><div class=\"wpb_wrapper\"><div class=\"title-pink\">Fotos<\/div>\n<hr \/>\n<p>Fotos, freundlicherweise zur Verf\u00fcgung gestellt von: Ringo &amp; Hendrik a.k.a. <a class=\"e\" href=\"https:\/\/www.flickr.com\/photos\/31387206@N07\/\" target=\"_blank\" rel=\"noopener noreferrer\">Spiritzone<\/a> @ flickr.com<\/p>\n<\/div><\/div><\/div><\/div><\/div><\/div><\/div><\/section>\n","protected":false},"excerpt":{"rendered":"Unser Dank gilt: \u272d den Bewohnern und Be\u00adwohner\u00adinnen des Ortes Gr\u00fcnefeld. gruenefeld-im-havelland.de \u272d dem B\u00fcrgermeister Bodo Oehme und dem Amtsdirektor a.D. Kurt Hartley f\u00fcr Ihre konstruktive Unterst\u00fctzung. \u272d der freiwilligen Feuerwehr Gr\u00fcnefeld f\u00fcr ihren unersch\u00f6pflichen Einsatz. feuerwehr-gruenefeld.de \u272d der hammer SHM GmbH f\u00fcr die Strandreinigung. \u272d den Architekturstudenten der BTU Cottbus f\u00fcr wunderbare Holzkonstruktionen. \u272d...","protected":false},"author":1,"featured_media":0,"parent":0,"menu_order":0,"comment_status":"closed","ping_status":"closed","template":"","meta":{"inline_featured_image":false,"footnotes":""},"class_list":["post-46","page","type-page","status-publish","hentry"],"yoast_head":"<!-- This site is optimized with the Yoast SEO plugin v23.1 - https:\/\/yoast.com\/wordpress\/plugins\/seo\/ -->\n<title>DANKE - Nation of Gondwana 2021<\/title>\n<meta name=\"robots\" content=\"index, follow, max-snippet:-1, max-image-preview:large, max-video-preview:-1\" \/>\n<link rel=\"canonical\" href=\"https:\/\/pyonen.de\/nog2021\/danke\/\" \/>\n<meta property=\"og:locale\" content=\"de_DE\" \/>\n<meta property=\"og:type\" content=\"article\" \/>\n<meta property=\"og:title\" content=\"DANKE - Nation of Gondwana 2021\" \/>\n<meta property=\"og:url\" content=\"https:\/\/pyonen.de\/nog2021\/danke\/\" \/>\n<meta property=\"og:site_name\" content=\"Nation of Gondwana 2021\" \/>\n<meta property=\"article:modified_time\" content=\"2021-06-22T20:40:43+00:00\" \/>\n<meta name=\"twitter:card\" content=\"summary_large_image\" \/>\n<meta name=\"twitter:label1\" content=\"Gesch\u00e4tzte Lesezeit\" \/>\n\t<meta name=\"twitter:data1\" content=\"1\u00a0Minute\" \/>\n<script type=\"application\/ld+json\" class=\"yoast-schema-graph\">{\"@context\":\"https:\/\/schema.org\",\"@graph\":[{\"@type\":\"WebPage\",\"@id\":\"https:\/\/pyonen.de\/nog2021\/danke\/\",\"url\":\"https:\/\/pyonen.de\/nog2021\/danke\/\",\"name\":\"DANKE - Nation of Gondwana 2021\",\"isPartOf\":{\"@id\":\"https:\/\/pyonen.de\/nog2021\/#website\"},\"datePublished\":\"2019-04-04T19:09:02+00:00\",\"dateModified\":\"2021-06-22T20:40:43+00:00\",\"breadcrumb\":{\"@id\":\"https:\/\/pyonen.de\/nog2021\/danke\/#breadcrumb\"},\"inLanguage\":\"de\",\"potentialAction\":[{\"@type\":\"ReadAction\",\"target\":[\"https:\/\/pyonen.de\/nog2021\/danke\/\"]}]},{\"@type\":\"BreadcrumbList\",\"@id\":\"https:\/\/pyonen.de\/nog2021\/danke\/#breadcrumb\",\"itemListElement\":[{\"@type\":\"ListItem\",\"position\":1,\"name\":\"Startseite\",\"item\":\"https:\/\/pyonen.de\/nog2021\/\"},{\"@type\":\"ListItem\",\"position\":2,\"name\":\"DANKE\"}]},{\"@type\":\"WebSite\",\"@id\":\"https:\/\/pyonen.de\/nog2021\/#website\",\"url\":\"https:\/\/pyonen.de\/nog2021\/\",\"name\":\"Nation of Gondwana 2021\",\"description\":\"Festival am Waldsee | 22. - 24. Juli 2022 | Gr\u00fcnefeld bei Berlin\",\"potentialAction\":[{\"@type\":\"SearchAction\",\"target\":{\"@type\":\"EntryPoint\",\"urlTemplate\":\"https:\/\/pyonen.de\/nog2021\/?s={search_term_string}\"},\"query-input\":\"required name=search_term_string\"}],\"inLanguage\":\"de\"}]}<\/script>\n<!-- \/ Yoast SEO plugin. -->","yoast_head_json":{"title":"DANKE - Nation of Gondwana 2021","robots":{"index":"index","follow":"follow","max-snippet":"max-snippet:-1","max-image-preview":"max-image-preview:large","max-video-preview":"max-video-preview:-1"},"canonical":"https:\/\/pyonen.de\/nog2021\/danke\/","og_locale":"de_DE","og_type":"article","og_title":"DANKE - Nation of Gondwana 2021","og_url":"https:\/\/pyonen.de\/nog2021\/danke\/","og_site_name":"Nation of Gondwana 2021","article_modified_time":"2021-06-22T20:40:43+00:00","twitter_card":"summary_large_image","twitter_misc":{"Gesch\u00e4tzte Lesezeit":"1\u00a0Minute"},"schema":{"@context":"https:\/\/schema.org","@graph":[{"@type":"WebPage","@id":"https:\/\/pyonen.de\/nog2021\/danke\/","url":"https:\/\/pyonen.de\/nog2021\/danke\/","name":"DANKE - Nation of Gondwana 2021","isPartOf":{"@id":"https:\/\/pyonen.de\/nog2021\/#website"},"datePublished":"2019-04-04T19:09:02+00:00","dateModified":"2021-06-22T20:40:43+00:00","breadcrumb":{"@id":"https:\/\/pyonen.de\/nog2021\/danke\/#breadcrumb"},"inLanguage":"de","potentialAction":[{"@type":"ReadAction","target":["https:\/\/pyonen.de\/nog2021\/danke\/"]}]},{"@type":"BreadcrumbList","@id":"https:\/\/pyonen.de\/nog2021\/danke\/#breadcrumb","itemListElement":[{"@type":"ListItem","position":1,"name":"Startseite","item":"https:\/\/pyonen.de\/nog2021\/"},{"@type":"ListItem","position":2,"name":"DANKE"}]},{"@type":"WebSite","@id":"https:\/\/pyonen.de\/nog2021\/#website","url":"https:\/\/pyonen.de\/nog2021\/","name":"Nation of Gondwana 2021","description":"Festival am Waldsee | 22. - 24. Juli 2022 | Gr\u00fcnefeld bei Berlin","potentialAction":[{"@type":"SearchAction","target":{"@type":"EntryPoint","urlTemplate":"https:\/\/pyonen.de\/nog2021\/?s={search_term_string}"},"query-input":"required name=search_term_string"}],"inLanguage":"de"}]}},"_links":{"self":[{"href":"https:\/\/pyonen.de\/nog2021\/wp-json\/wp\/v2\/pages\/46"}],"collection":[{"href":"https:\/\/pyonen.de\/nog2021\/wp-json\/wp\/v2\/pages"}],"about":[{"href":"https:\/\/pyonen.de\/nog2021\/wp-json\/wp\/v2\/types\/page"}],"author":[{"embeddable":true,"href":"https:\/\/pyonen.de\/nog2021\/wp-json\/wp\/v2\/users\/1"}],"replies":[{"embeddable":true,"href":"https:\/\/pyonen.de\/nog2021\/wp-json\/wp\/v2\/comments?post=46"}],"version-history":[{"count":17,"href":"https:\/\/pyonen.de\/nog2021\/wp-json\/wp\/v2\/pages\/46\/revisions"}],"predecessor-version":[{"id":1813,"href":"https:\/\/pyonen.de\/nog2021\/wp-json\/wp\/v2\/pages\/46\/revisions\/1813"}],"wp:attachment":[{"href":"https:\/\/pyonen.de\/nog2021\/wp-json\/wp\/v2\/media?parent=46"}],"curies":[{"name":"wp","href":"https:\/\/api.w.org\/{rel}","templated":true}]}}