{"id":782,"date":"2020-04-08T17:35:46","date_gmt":"2020-04-08T15:35:46","guid":{"rendered":"http:\/\/pyonen.de\/nog2021\/?page_id=782"},"modified":"2021-06-05T17:05:39","modified_gmt":"2021-06-05T15:05:39","slug":"arbeiten-auf-der-nation-anmeldung","status":"publish","type":"page","link":"https:\/\/pyonen.de\/nog2021\/arbeiten-auf-der-nation-anmeldung\/","title":{"rendered":"Arbeiten auf der Nation &#8211; Anmeldung"},"content":{"rendered":"<section class=\"l-section wpb_row us_custom_0490361b height_auto\"><div class=\"l-section-h i-cf\"><div class=\"g-cols vc_row via_flex valign_top type_default stacking_default\"><div class=\"vc_col-sm-12 wpb_column vc_column_container\"><div class=\"vc_column-inner us_custom_31230ae7\"><div class=\"wpb_wrapper\"><div class=\"wpb_text_column us_custom_0490361b\"><div class=\"wpb_wrapper\"><h1 style=\"text-align: center;\">Arbeiten auf der Nation &#8211; Anmeldung &#8211;<\/h1>\n<\/div><\/div><\/div><\/div><\/div><\/div><\/div><\/section><section class=\"l-section wpb_row height_medium\"><div class=\"l-section-h i-cf\"><div class=\"g-cols vc_row via_flex valign_top type_default stacking_default\" style=\"--additional-gap:20px;\"><div class=\"vc_col-sm-6 wpb_column vc_column_container has_text_color has_bg_color\"><div class=\"vc_column-inner us_custom_ebf9f408\"><div class=\"wpb_wrapper\"><div class=\"wpb_text_column us_custom_1148168e\"><div class=\"wpb_wrapper\"><p style=\"text-align: center;\">[fc id=&#8217;6&#8242; align=&#8217;left&#8216;][\/fc]<\/p>\n<\/div><\/div><\/div><\/div><\/div><div class=\"vc_col-sm-6 wpb_column vc_column_container has_text_color has_bg_color\"><div class=\"vc_column-inner us_custom_6e284d27\"><div class=\"wpb_wrapper\"><div class=\"wpb_text_column us_custom_7a7639b7 has_text_color\"><div class=\"wpb_wrapper\"><p><strong>Schriftliche Einwilligung gem\u00e4\u00df Datenschutz<\/strong><\/p>\n<p>Die im nebenstehenden Formular angegebenen personenbezogenen Daten die allein zum Zwecke der Kontaktaufnahme mit Interessierten notwendig sind, werden auf Grundlage gesetzlicher Berechtigungen erhoben.<\/p>\n<p><strong>Rechte der\/des Betroffenen: Auskunft, Berichtigung, L\u00f6schung und Sperrung, Widerspruchsrecht<\/strong><\/p>\n<p>Du bist gem\u00e4\u00df \u00a7 34 <a href=\"https:\/\/www.datenschutz.org\/bdsg\/\">BDSG<\/a> jederzeit berechtigt, gegen\u00fcber der artevent GmbH (Vertragspartner) um umfangreiche <strong>Auskunftserteilung<\/strong> zu den zu Deiner Person gespeicherten Daten zu ersuchen.<\/p>\n<p>Gem\u00e4\u00df \u00a7 <a href=\"https:\/\/www.datenschutz.org\/20-35-bdsg\/\">35 BDSG<\/a> kannst Du jederzeit gegen\u00fcber der artevent GmbH (Vertragspartner) die <strong>Berichtigung, L\u00f6schung und Sperrung<\/strong> einzelner personenbezogener Daten verlangen.<\/p>\n<p>Artevent GmbH<br \/>\nMarkus Ossevorth<br \/>\nPappelallee 27<br \/>\n10437 Berlin<\/p>\n<p>M: <a href=\"mailto:info@artevent.de\">info@artevent.de<\/a><\/p>\n<p>T: +49 (0)30 4465 1699<br \/>\nF: +49 (0)30 44651698<\/p>\n<p>Du kannst dar\u00fcber hinaus jederzeit ohne Angabe von Gr\u00fcnden von Deinem <a href=\"https:\/\/www.datenschutz.org\/widerrufsrecht\/\"><strong>Widerspruchsrecht<\/strong><\/a> Gebrauch machen und die erteilte Einwilligungserkl\u00e4rung mit Wirkung f\u00fcr die Zukunft ab\u00e4ndern oder g\u00e4nzlich widerrufen. Du kannst den Widerruf entweder postalisch, per E-Mail oder per Fax an den Vertragspartner \u00fcbermitteln. Es entstehen Dir dabei keine anderen Kosten als die Portokosten bzw. die \u00dcbermittlungskosten nach den bestehenden Basistarifen.<\/p>\n<\/div><\/div><\/div><\/div><\/div><\/div><\/div><\/section>\n","protected":false},"excerpt":{"rendered":"Arbeiten auf der Nation &#8211; Anmeldung &#8211; [fc id=&#8217;6&#8242; align=&#8217;left&#8216;][\/fc] Schriftliche Einwilligung gem\u00e4\u00df Datenschutz Die im nebenstehenden Formular angegebenen personenbezogenen Daten die allein zum Zwecke der Kontaktaufnahme mit Interessierten notwendig sind, werden auf Grundlage gesetzlicher Berechtigungen erhoben. Rechte der\/des Betroffenen: Auskunft, Berichtigung, L\u00f6schung und Sperrung, Widerspruchsrecht Du bist gem\u00e4\u00df \u00a7 34 BDSG jederzeit berechtigt, gegen\u00fcber...","protected":false},"author":7,"featured_media":0,"parent":0,"menu_order":0,"comment_status":"closed","ping_status":"closed","template":"","meta":{"inline_featured_image":false,"footnotes":""},"class_list":["post-782","page","type-page","status-publish","hentry"],"yoast_head":"<!-- This site is optimized with the Yoast SEO plugin v23.1 - https:\/\/yoast.com\/wordpress\/plugins\/seo\/ -->\n<title>Arbeiten auf der Nation - Anmeldung - Nation of Gondwana 2021<\/title>\n<meta name=\"robots\" content=\"noindex, nofollow\" \/>\n<meta property=\"og:locale\" content=\"de_DE\" \/>\n<meta property=\"og:type\" content=\"article\" \/>\n<meta property=\"og:title\" content=\"Arbeiten auf der Nation - Anmeldung - Nation of Gondwana 2021\" \/>\n<meta property=\"og:url\" content=\"https:\/\/pyonen.de\/nog2021\/arbeiten-auf-der-nation-anmeldung\/\" \/>\n<meta property=\"og:site_name\" content=\"Nation of Gondwana 2021\" \/>\n<meta property=\"article:modified_time\" content=\"2021-06-05T15:05:39+00:00\" \/>\n<meta name=\"twitter:card\" content=\"summary_large_image\" \/>\n<meta name=\"twitter:label1\" content=\"Gesch\u00e4tzte Lesezeit\" \/>\n\t<meta name=\"twitter:data1\" content=\"1\u00a0Minute\" \/>\n<script type=\"application\/ld+json\" class=\"yoast-schema-graph\">{\"@context\":\"https:\/\/schema.org\",\"@graph\":[{\"@type\":\"WebPage\",\"@id\":\"https:\/\/pyonen.de\/nog2021\/arbeiten-auf-der-nation-anmeldung\/\",\"url\":\"https:\/\/pyonen.de\/nog2021\/arbeiten-auf-der-nation-anmeldung\/\",\"name\":\"Arbeiten auf der Nation - Anmeldung - Nation of Gondwana 2021\",\"isPartOf\":{\"@id\":\"https:\/\/pyonen.de\/nog2021\/#website\"},\"datePublished\":\"2020-04-08T15:35:46+00:00\",\"dateModified\":\"2021-06-05T15:05:39+00:00\",\"breadcrumb\":{\"@id\":\"https:\/\/pyonen.de\/nog2021\/arbeiten-auf-der-nation-anmeldung\/#breadcrumb\"},\"inLanguage\":\"de\",\"potentialAction\":[{\"@type\":\"ReadAction\",\"target\":[\"https:\/\/pyonen.de\/nog2021\/arbeiten-auf-der-nation-anmeldung\/\"]}]},{\"@type\":\"BreadcrumbList\",\"@id\":\"https:\/\/pyonen.de\/nog2021\/arbeiten-auf-der-nation-anmeldung\/#breadcrumb\",\"itemListElement\":[{\"@type\":\"ListItem\",\"position\":1,\"name\":\"Startseite\",\"item\":\"https:\/\/pyonen.de\/nog2021\/\"},{\"@type\":\"ListItem\",\"position\":2,\"name\":\"Arbeiten auf der Nation &#8211; Anmeldung\"}]},{\"@type\":\"WebSite\",\"@id\":\"https:\/\/pyonen.de\/nog2021\/#website\",\"url\":\"https:\/\/pyonen.de\/nog2021\/\",\"name\":\"Nation of Gondwana 2021\",\"description\":\"Festival am Waldsee | 22. - 24. Juli 2022 | Gr\u00fcnefeld bei Berlin\",\"potentialAction\":[{\"@type\":\"SearchAction\",\"target\":{\"@type\":\"EntryPoint\",\"urlTemplate\":\"https:\/\/pyonen.de\/nog2021\/?s={search_term_string}\"},\"query-input\":\"required name=search_term_string\"}],\"inLanguage\":\"de\"}]}<\/script>\n<!-- \/ Yoast SEO plugin. -->","yoast_head_json":{"title":"Arbeiten auf der Nation - Anmeldung - Nation of Gondwana 2021","robots":{"index":"noindex","follow":"nofollow"},"og_locale":"de_DE","og_type":"article","og_title":"Arbeiten auf der Nation - Anmeldung - Nation of Gondwana 2021","og_url":"https:\/\/pyonen.de\/nog2021\/arbeiten-auf-der-nation-anmeldung\/","og_site_name":"Nation of Gondwana 2021","article_modified_time":"2021-06-05T15:05:39+00:00","twitter_card":"summary_large_image","twitter_misc":{"Gesch\u00e4tzte Lesezeit":"1\u00a0Minute"},"schema":{"@context":"https:\/\/schema.org","@graph":[{"@type":"WebPage","@id":"https:\/\/pyonen.de\/nog2021\/arbeiten-auf-der-nation-anmeldung\/","url":"https:\/\/pyonen.de\/nog2021\/arbeiten-auf-der-nation-anmeldung\/","name":"Arbeiten auf der Nation - Anmeldung - Nation of Gondwana 2021","isPartOf":{"@id":"https:\/\/pyonen.de\/nog2021\/#website"},"datePublished":"2020-04-08T15:35:46+00:00","dateModified":"2021-06-05T15:05:39+00:00","breadcrumb":{"@id":"https:\/\/pyonen.de\/nog2021\/arbeiten-auf-der-nation-anmeldung\/#breadcrumb"},"inLanguage":"de","potentialAction":[{"@type":"ReadAction","target":["https:\/\/pyonen.de\/nog2021\/arbeiten-auf-der-nation-anmeldung\/"]}]},{"@type":"BreadcrumbList","@id":"https:\/\/pyonen.de\/nog2021\/arbeiten-auf-der-nation-anmeldung\/#breadcrumb","itemListElement":[{"@type":"ListItem","position":1,"name":"Startseite","item":"https:\/\/pyonen.de\/nog2021\/"},{"@type":"ListItem","position":2,"name":"Arbeiten auf der Nation &#8211; Anmeldung"}]},{"@type":"WebSite","@id":"https:\/\/pyonen.de\/nog2021\/#website","url":"https:\/\/pyonen.de\/nog2021\/","name":"Nation of Gondwana 2021","description":"Festival am Waldsee | 22. - 24. Juli 2022 | Gr\u00fcnefeld bei Berlin","potentialAction":[{"@type":"SearchAction","target":{"@type":"EntryPoint","urlTemplate":"https:\/\/pyonen.de\/nog2021\/?s={search_term_string}"},"query-input":"required name=search_term_string"}],"inLanguage":"de"}]}},"_links":{"self":[{"href":"https:\/\/pyonen.de\/nog2021\/wp-json\/wp\/v2\/pages\/782"}],"collection":[{"href":"https:\/\/pyonen.de\/nog2021\/wp-json\/wp\/v2\/pages"}],"about":[{"href":"https:\/\/pyonen.de\/nog2021\/wp-json\/wp\/v2\/types\/page"}],"author":[{"embeddable":true,"href":"https:\/\/pyonen.de\/nog2021\/wp-json\/wp\/v2\/users\/7"}],"replies":[{"embeddable":true,"href":"https:\/\/pyonen.de\/nog2021\/wp-json\/wp\/v2\/comments?post=782"}],"version-history":[{"count":19,"href":"https:\/\/pyonen.de\/nog2021\/wp-json\/wp\/v2\/pages\/782\/revisions"}],"predecessor-version":[{"id":1755,"href":"https:\/\/pyonen.de\/nog2021\/wp-json\/wp\/v2\/pages\/782\/revisions\/1755"}],"wp:attachment":[{"href":"https:\/\/pyonen.de\/nog2021\/wp-json\/wp\/v2\/media?parent=782"}],"curies":[{"name":"wp","href":"https:\/\/api.w.org\/{rel}","templated":true}]}}