{"id":2418,"date":"2020-03-19T08:49:40","date_gmt":"2020-03-19T07:49:40","guid":{"rendered":"https:\/\/pyonen.de\/nog2022\/covid-19\/"},"modified":"2022-07-19T17:31:47","modified_gmt":"2022-07-19T15:31:47","slug":"covid-19","status":"publish","type":"page","link":"https:\/\/pyonen.de\/nog2022\/covid-19\/","title":{"rendered":"COVID-19"},"content":{"rendered":"<section class=\"l-section wpb_row us_custom_0f8f44b7 height_medium\"><div class=\"l-section-h i-cf\"><div class=\"g-cols vc_row via_grid cols_1 laptops-cols_inherit tablets-cols_inherit mobiles-cols_1 valign_top type_default stacking_default\"><div class=\"wpb_column vc_column_container us_custom_9a39dbdb has_text_color has_bg_color\"><div class=\"vc_column-inner\"><div class=\"wpb_text_column list-style-agb covid-absage\"><div class=\"wpb_wrapper\"><h1>CORONAVIRUS \/ COVID-19<\/h1>\n<hr \/>\n<p>30. Juni 2022<\/p>\n<p><strong>Allerliebste Freund:innen der elektronischen Abfahrt,<\/strong><\/p>\n<p>nun ist leider doch der Punkt gekommen: wir sehen uns in Hinblick auf die rapide steigenden COVID-19 Fallzahlen dazu gezwungen, aktiv zu werden und haben folgende Ma\u00dfnahme verpflichtend f\u00fcr <strong>ALLE<\/strong> beschlossen:<\/p>\n<p><strong>Jede:r Parallelwelttourist:in MUSS vor Betreten des Ackers ein tagesaktuelles (maximal 24h altes-) negatives Schnelltestergebnis von einer offiziellen Teststelle vorweisen.<\/strong><\/p>\n<p>Diese Testergebnisse werden wir bei Einlass im Rahmen unserer logistischen M\u00f6glichkeiten kontrollieren:<\/p>\n<p><strong>Ohne negatives Ergebnis wird kein Einlass gew\u00e4hrt!<\/strong><\/p>\n<p>Unsere Crew wird ab dem ersten Aufbautag durchgehend t\u00e4glich getestet.<\/p>\n<p>Wir bitten um euer Verst\u00e4ndnis, dass die aktuelle Situation diesen Schritt notwendig macht.<\/p>\n<p>Uns ist bewusst, dass diese niedrigschwellige Ma\u00dfnahme in dieser Hinsicht nur ein wenig Mehr an Sicherheit bieten kann. Wir sind aber der festen \u00dcberzeugung, dass wir nicht tatenlos bleiben k\u00f6nnen und deshalb tun, was aktuell in unseren M\u00f6glichkeiten steht.<\/p>\n<p>Weitere Informationen folgen in den Tagen vor Veranstaltung.<\/p>\n<p><strong>Eure Pyonen<\/strong><\/p>\n<\/div><\/div><\/div><\/div><\/div><\/div><\/section>\n","protected":false},"excerpt":{"rendered":"CORONAVIRUS \/ COVID-19 30. Juni 2022 Allerliebste Freund:innen der elektronischen Abfahrt, nun ist leider doch der Punkt gekommen: wir sehen uns in Hinblick auf die rapide steigenden COVID-19 Fallzahlen dazu gezwungen, aktiv zu werden und haben folgende Ma\u00dfnahme verpflichtend f\u00fcr ALLE beschlossen: Jede:r Parallelwelttourist:in MUSS vor Betreten des Ackers ein tagesaktuelles (maximal 24h altes-) negatives...","protected":false},"author":1,"featured_media":0,"parent":0,"menu_order":0,"comment_status":"closed","ping_status":"closed","template":"","meta":{"inline_featured_image":false,"footnotes":""},"class_list":["post-2418","page","type-page","status-publish","hentry"],"yoast_head":"<!-- This site is optimized with the Yoast SEO plugin v23.1 - https:\/\/yoast.com\/wordpress\/plugins\/seo\/ -->\n<title>COVID-19 - Nation of Gondwana 2022<\/title>\n<meta name=\"robots\" content=\"index, follow, max-snippet:-1, max-image-preview:large, max-video-preview:-1\" \/>\n<link rel=\"canonical\" href=\"https:\/\/pyonen.de\/nog2022\/covid-19\/\" \/>\n<meta property=\"og:locale\" content=\"de_DE\" \/>\n<meta property=\"og:type\" content=\"article\" \/>\n<meta property=\"og:title\" content=\"COVID-19 - Nation of Gondwana 2022\" \/>\n<meta property=\"og:url\" content=\"https:\/\/pyonen.de\/nog2022\/covid-19\/\" \/>\n<meta property=\"og:site_name\" content=\"Nation of Gondwana 2022\" \/>\n<meta property=\"article:publisher\" content=\"https:\/\/www.facebook.com\/pyonen\" \/>\n<meta property=\"article:modified_time\" content=\"2022-07-19T15:31:47+00:00\" \/>\n<meta property=\"og:image\" content=\"https:\/\/pyonen.de\/nog2022\/wp-content\/uploads\/2022\/04\/NOG2022-EventPhoto-1200x628-300dpi.png\" \/>\n\t<meta property=\"og:image:width\" content=\"1200\" \/>\n\t<meta property=\"og:image:height\" content=\"628\" \/>\n\t<meta property=\"og:image:type\" content=\"image\/png\" \/>\n<meta name=\"twitter:card\" content=\"summary_large_image\" \/>\n<meta name=\"twitter:label1\" content=\"Gesch\u00e4tzte Lesezeit\" \/>\n\t<meta name=\"twitter:data1\" content=\"1\u00a0Minute\" \/>\n<script type=\"application\/ld+json\" class=\"yoast-schema-graph\">{\"@context\":\"https:\/\/schema.org\",\"@graph\":[{\"@type\":\"WebPage\",\"@id\":\"https:\/\/pyonen.de\/nog2022\/covid-19\/\",\"url\":\"https:\/\/pyonen.de\/nog2022\/covid-19\/\",\"name\":\"COVID-19 - Nation of Gondwana 2022\",\"isPartOf\":{\"@id\":\"https:\/\/pyonen.de\/nog2022\/#website\"},\"datePublished\":\"2020-03-19T07:49:40+00:00\",\"dateModified\":\"2022-07-19T15:31:47+00:00\",\"breadcrumb\":{\"@id\":\"https:\/\/pyonen.de\/nog2022\/covid-19\/#breadcrumb\"},\"inLanguage\":\"de\",\"potentialAction\":[{\"@type\":\"ReadAction\",\"target\":[\"https:\/\/pyonen.de\/nog2022\/covid-19\/\"]}]},{\"@type\":\"BreadcrumbList\",\"@id\":\"https:\/\/pyonen.de\/nog2022\/covid-19\/#breadcrumb\",\"itemListElement\":[{\"@type\":\"ListItem\",\"position\":1,\"name\":\"Startseite\",\"item\":\"https:\/\/pyonen.de\/nog2022\/\"},{\"@type\":\"ListItem\",\"position\":2,\"name\":\"COVID-19\"}]},{\"@type\":\"WebSite\",\"@id\":\"https:\/\/pyonen.de\/nog2022\/#website\",\"url\":\"https:\/\/pyonen.de\/nog2022\/\",\"name\":\"Nation of Gondwana 2022\",\"description\":\"Festival am Waldsee | 22. - 24. Juli 2022 | Gr\u00fcnefeld bei Berlin\",\"publisher\":{\"@id\":\"https:\/\/pyonen.de\/nog2022\/#organization\"},\"potentialAction\":[{\"@type\":\"SearchAction\",\"target\":{\"@type\":\"EntryPoint\",\"urlTemplate\":\"https:\/\/pyonen.de\/nog2022\/?s={search_term_string}\"},\"query-input\":\"required name=search_term_string\"}],\"inLanguage\":\"de\"},{\"@type\":\"Organization\",\"@id\":\"https:\/\/pyonen.de\/nog2022\/#organization\",\"name\":\"Nation of Gondwana\",\"url\":\"https:\/\/pyonen.de\/nog2022\/\",\"logo\":{\"@type\":\"ImageObject\",\"inLanguage\":\"de\",\"@id\":\"https:\/\/pyonen.de\/nog2022\/#\/schema\/logo\/image\/\",\"url\":\"https:\/\/pyonen.de\/nog2022\/wp-content\/uploads\/2022\/04\/site-logo.png\",\"contentUrl\":\"https:\/\/pyonen.de\/nog2022\/wp-content\/uploads\/2022\/04\/site-logo.png\",\"width\":512,\"height\":512,\"caption\":\"Nation of Gondwana\"},\"image\":{\"@id\":\"https:\/\/pyonen.de\/nog2022\/#\/schema\/logo\/image\/\"},\"sameAs\":[\"https:\/\/www.facebook.com\/pyonen\",\"https:\/\/www.youtube.com\/user\/pyonen\/videos\",\"https:\/\/de.wikipedia.org\/wiki\/Nation_of_Gondwana\"]}]}<\/script>\n<!-- \/ Yoast SEO plugin. -->","yoast_head_json":{"title":"COVID-19 - Nation of Gondwana 2022","robots":{"index":"index","follow":"follow","max-snippet":"max-snippet:-1","max-image-preview":"max-image-preview:large","max-video-preview":"max-video-preview:-1"},"canonical":"https:\/\/pyonen.de\/nog2022\/covid-19\/","og_locale":"de_DE","og_type":"article","og_title":"COVID-19 - Nation of Gondwana 2022","og_url":"https:\/\/pyonen.de\/nog2022\/covid-19\/","og_site_name":"Nation of Gondwana 2022","article_publisher":"https:\/\/www.facebook.com\/pyonen","article_modified_time":"2022-07-19T15:31:47+00:00","og_image":[{"width":1200,"height":628,"url":"https:\/\/pyonen.de\/nog2022\/wp-content\/uploads\/2022\/04\/NOG2022-EventPhoto-1200x628-300dpi.png","type":"image\/png"}],"twitter_card":"summary_large_image","twitter_misc":{"Gesch\u00e4tzte Lesezeit":"1\u00a0Minute"},"schema":{"@context":"https:\/\/schema.org","@graph":[{"@type":"WebPage","@id":"https:\/\/pyonen.de\/nog2022\/covid-19\/","url":"https:\/\/pyonen.de\/nog2022\/covid-19\/","name":"COVID-19 - Nation of Gondwana 2022","isPartOf":{"@id":"https:\/\/pyonen.de\/nog2022\/#website"},"datePublished":"2020-03-19T07:49:40+00:00","dateModified":"2022-07-19T15:31:47+00:00","breadcrumb":{"@id":"https:\/\/pyonen.de\/nog2022\/covid-19\/#breadcrumb"},"inLanguage":"de","potentialAction":[{"@type":"ReadAction","target":["https:\/\/pyonen.de\/nog2022\/covid-19\/"]}]},{"@type":"BreadcrumbList","@id":"https:\/\/pyonen.de\/nog2022\/covid-19\/#breadcrumb","itemListElement":[{"@type":"ListItem","position":1,"name":"Startseite","item":"https:\/\/pyonen.de\/nog2022\/"},{"@type":"ListItem","position":2,"name":"COVID-19"}]},{"@type":"WebSite","@id":"https:\/\/pyonen.de\/nog2022\/#website","url":"https:\/\/pyonen.de\/nog2022\/","name":"Nation of Gondwana 2022","description":"Festival am Waldsee | 22. - 24. Juli 2022 | Gr\u00fcnefeld bei Berlin","publisher":{"@id":"https:\/\/pyonen.de\/nog2022\/#organization"},"potentialAction":[{"@type":"SearchAction","target":{"@type":"EntryPoint","urlTemplate":"https:\/\/pyonen.de\/nog2022\/?s={search_term_string}"},"query-input":"required name=search_term_string"}],"inLanguage":"de"},{"@type":"Organization","@id":"https:\/\/pyonen.de\/nog2022\/#organization","name":"Nation of Gondwana","url":"https:\/\/pyonen.de\/nog2022\/","logo":{"@type":"ImageObject","inLanguage":"de","@id":"https:\/\/pyonen.de\/nog2022\/#\/schema\/logo\/image\/","url":"https:\/\/pyonen.de\/nog2022\/wp-content\/uploads\/2022\/04\/site-logo.png","contentUrl":"https:\/\/pyonen.de\/nog2022\/wp-content\/uploads\/2022\/04\/site-logo.png","width":512,"height":512,"caption":"Nation of Gondwana"},"image":{"@id":"https:\/\/pyonen.de\/nog2022\/#\/schema\/logo\/image\/"},"sameAs":["https:\/\/www.facebook.com\/pyonen","https:\/\/www.youtube.com\/user\/pyonen\/videos","https:\/\/de.wikipedia.org\/wiki\/Nation_of_Gondwana"]}]}},"_links":{"self":[{"href":"https:\/\/pyonen.de\/nog2022\/wp-json\/wp\/v2\/pages\/2418"}],"collection":[{"href":"https:\/\/pyonen.de\/nog2022\/wp-json\/wp\/v2\/pages"}],"about":[{"href":"https:\/\/pyonen.de\/nog2022\/wp-json\/wp\/v2\/types\/page"}],"author":[{"embeddable":true,"href":"https:\/\/pyonen.de\/nog2022\/wp-json\/wp\/v2\/users\/1"}],"replies":[{"embeddable":true,"href":"https:\/\/pyonen.de\/nog2022\/wp-json\/wp\/v2\/comments?post=2418"}],"version-history":[{"count":3,"href":"https:\/\/pyonen.de\/nog2022\/wp-json\/wp\/v2\/pages\/2418\/revisions"}],"predecessor-version":[{"id":2497,"href":"https:\/\/pyonen.de\/nog2022\/wp-json\/wp\/v2\/pages\/2418\/revisions\/2497"}],"wp:attachment":[{"href":"https:\/\/pyonen.de\/nog2022\/wp-json\/wp\/v2\/media?parent=2418"}],"curies":[{"name":"wp","href":"https:\/\/api.w.org\/{rel}","templated":true}]}}