{"id":42,"date":"2019-04-04T21:08:31","date_gmt":"2019-04-04T19:08:31","guid":{"rendered":"http:\/\/pyonen.de\/nog2022\/?page_id=42"},"modified":"2022-04-07T11:47:00","modified_gmt":"2022-04-07T09:47:00","slug":"tickets","status":"publish","type":"page","link":"https:\/\/pyonen.de\/nog2022\/tickets\/","title":{"rendered":"TICKETS"},"content":{"rendered":"<section class=\"l-section wpb_row us_custom_abc0cf90 height_auto\"><div class=\"l-section-h i-cf\"><div class=\"g-cols vc_row via_grid cols_1 laptops-cols_inherit tablets-cols_inherit mobiles-cols_1 valign_top type_default stacking_default\" style=\"--gap:calc(3rem + 20px);\"><div class=\"wpb_column vc_column_container us_custom_f00809f9 has_text_color\"><div class=\"vc_column-inner\"><div class=\"wpb_text_column us_custom_eb849559 ticket-column\"><div class=\"wpb_wrapper\"><h1 style=\"text-align: center;\"><i class=\"fas fa-ticket-alt\"><\/i> TICKETSSHOP<\/h1>\n<\/div><\/div><\/div><\/div><\/div><\/div><\/section><section class=\"l-section wpb_row us_custom_de01fb1c height_auto\"><div class=\"l-section-h i-cf\"><div class=\"g-cols vc_row via_grid cols_3 laptops-cols_inherit tablets-cols_inherit mobiles-cols_1 valign_top type_default stacking_default\" style=\"--gap:calc(3rem + 20px);\"><div class=\"wpb_column vc_column_container us_custom_d236fe84 has_text_color has_bg_color\"><div class=\"vc_column-inner\"><div class=\"wpb_text_column ticket-column\"><div class=\"wpb_wrapper\"><div class=\"title-pink\">TICKETS<\/div>\n<hr \/>\n<p><i class=\"fas fa-angle-right\"><\/i> Im Ticketpreis ist bereits ein M\u00fcllpfand in H\u00f6he von 5 EUR enthalten.<\/p>\n<p><i class=\"fas fa-angle-right\"><\/i> Die Zustimmung zu unseren <a class=\"e\" href=\"\/nog2022\/agb\/\">AGB<\/a> ist Bedingung f\u00fcr den Kauf von Tickets! Wir hoffen hiermit, den gewinn\u00adbringenden Weiterverkauf der Tickets unterbinden zu k\u00f6nnen.<\/p>\n<p><i class=\"fas fa-angle-right\"><\/i> Die Zustimmung zu unserer <a class=\"e\" href=\"\/nog2022\/selbstverstaendnis\/\">Selbstverst\u00e4ndniserkl\u00e4rung<\/a> ist Bedingung f\u00fcr den Kauf von Tickets!<\/p>\n<\/div><\/div><\/div><\/div><div class=\"wpb_column vc_column_container us_custom_84248e01 has_text_color has_bg_color\"><div class=\"vc_column-inner\"><div class=\"wpb_text_column ticket-column\"><div class=\"wpb_wrapper\"><div class=\"title-pink\">KFZ TICKETS<\/div>\n<hr \/>\n<p><i class=\"fas fa-angle-right\"><\/i> Wer mit einem KfZ anreisen will, ben\u00f6tigt hierf\u00fcr ein KFZ-Ticket! Die Campingfl\u00e4che ist begrenzt, die Tickets sind deshalb kontingentiert und erfahrungsgem\u00e4\u00df sehr schnell ausgebucht.<\/p>\n<p><i class=\"fas fa-angle-right\"><\/i> Es wird ab Bahnhof Nauen wieder kostenlose Shuttlebusse geben mit denen ihr bequem und umweltfreundlich auf die Nation kommt (siehe <a class=\"e\" href=\"\/nog2022\/anfahrt\/\">Anfahrt<\/a>).<\/p>\n<p>Im Ort gibt es <strong>keine<\/strong> weiteren Parkm\u00f6glichkeiten, hier parkende Fahrzeuge werden abgeschleppt.<\/p>\n<p><!--Wer mit dem Auto kommen will, muss (zus\u00e4tzlich) ein Auto\u00adticket bestellen.--><\/p>\n<\/div><\/div><\/div><\/div><div class=\"wpb_column vc_column_container us_custom_84248e01 has_text_color has_bg_color\"><div class=\"vc_column-inner\"><div class=\"wpb_text_column ticket-column\"><div class=\"wpb_wrapper\"><div class=\"title-pink\">FAHRRADGARDEROBE<\/div>\n<hr \/>\n<p><i class=\"fas fa-angle-right\"><\/i> Dieses Jahr gibt es wieder eine \u00fcberwachte Fahrradgarderobe.<\/p>\n<p><i class=\"fas fa-angle-right\"><\/i> Bitte bucht euch bereits jetzt einen Stellplatz, so dass wir unsere Kapazit\u00e4ten entsprechend anpassen k\u00f6nnen. Danke!<\/p>\n<p><!--Die Tickets f\u00fcr die Fahrradgarderobe sind leider bereits ausverkauft.--><\/p>\n<\/div><\/div><\/div><\/div><\/div><\/div><\/section><section class=\"l-section wpb_row us_custom_0f8f44b7 height_auto\"><div class=\"l-section-h i-cf\"><div class=\"g-cols vc_row via_grid cols_1 laptops-cols_inherit tablets-cols_inherit mobiles-cols_1 valign_top type_default stacking_default\"><div class=\"wpb_column vc_column_container us_custom_e26ecdf6 ticketshop has_bg_color\"><div class=\"vc_column-inner\"><div class=\"wpb_text_column\"><div class=\"wpb_wrapper\"><div class=\"title-pink\">TICKETSHOP<\/div>\n<hr \/>\n<p><!--<\/p>\n\n\n\n\n\n\n\n\n<h5>KRANICH (23.-25.07.2021) ist AUSVERKAUFT!<\/h5>\n\n\n\n\n\n\n\n\n<p>--><\/p>\n<div id=\"tfg-templateConainer\"><\/div>\n<p><script async src=\"https:\/\/www.tixforgigs.com\/bundles\/templatesystem\/tixforgigs_template\" onload=\"tixforgigs.init(this,'tfg-templateConainer','6c336e17-7b1b-4976-9c6d-b1553a694cbc', null, 'null')\"><\/script><\/p>\n<p><!--<\/p>\n\n\n\n\n\n\n\n\n<div id=\"tfg-templateConainer\"><\/div>\n\n\n\n\n\n\n\n\n<p><script async src=\"https:\/\/www.tixforgigs.com\/bundles\/templatesystem\/tixforgigs_template\" onload=\"tixforgigs.init(this,'tfg-templateConainer','c5a9222b-4d50-4487-b163-73453a893aa1', 36856, 'null')\"><\/script>--><\/p>\n<\/div><\/div><div class=\"wpb_text_column\"><div class=\"wpb_wrapper\"><p><!--<\/p>\n\n\n\n\n\n\n\n\n<hr \/>\n\n\n\n\n\n\n\n\n<div class=\"klein\"><i class=\"fas fa-hand-point-right\"><\/i> Die komplette Ticketabwicklung l\u00e4uft \u00fcber <a href=\"https:\/\/www.tixforgigs.com\" target=\"_blank\" rel=\"noopener noreferrer\">TixforGigs<\/a>. Bei Fragen oder Problemen bitte Kontakt aufnehmen unter: E-Mail: <a href=\"mailto:support@tixforgigs.com\" target=\"_blank\" rel=\"noopener noreferrer\">support@tixforgigs.com<\/a> oder <a href=\"https:\/\/www.tixforgigs.com\/site\/Pages\/FAQ.aspx#4_06\" target=\"_blank\" rel=\"noopener noreferrer\">hier<\/a> F.A.Q.s ansehen. Die Allgemeinen Gesch\u00e4fts\u00ad\u00adbedingungen (AGB) sind <a href=\"https:\/\/www.tixforgigs.com\/de-de\/Home\/GeneralTermsAndConditions\" target=\"_blank\" rel=\"noopener\">hier einzusehen<\/a>.<\/div>\n\n\n\n\n\n\n\n\n<p>--><\/p>\n<\/div><\/div><div class=\"wpb_text_column us_custom_0f088a09 has_text_color\"><div class=\"wpb_wrapper\"><hr \/>\n<div class=\"klein\"><i class=\"fas fa-hand-point-right\"><\/i> Die komplette Ticketabwicklung l\u00e4uft \u00fcber <a href=\"https:\/\/www.tixforgigs.com\" target=\"_blank\" rel=\"noopener noreferrer\">TixforGigs<\/a>. Bei Fragen oder Problemen bitte Kontakt aufnehmen unter: E-Mail: <a href=\"mailto:support@tixforgigs.com\" target=\"_blank\" rel=\"noopener noreferrer\">support@tixforgigs.com<\/a> oder <a href=\"https:\/\/www.tixforgigs.com\/site\/Pages\/FAQ.aspx#4_06\" target=\"_blank\" rel=\"noopener noreferrer\">hier<\/a> F.A.Q.s ansehen<\/div>\n<\/div><\/div><\/div><\/div><\/div><\/div><\/section>\n","protected":false},"excerpt":{"rendered":"TICKETSSHOP TICKETS Im Ticketpreis ist bereits ein M\u00fcllpfand in H\u00f6he von 5 EUR enthalten. Die Zustimmung zu unseren AGB ist Bedingung f\u00fcr den Kauf von Tickets! Wir hoffen hiermit, den gewinn\u00adbringenden Weiterverkauf der Tickets unterbinden zu k\u00f6nnen. Die Zustimmung zu unserer Selbstverst\u00e4ndniserkl\u00e4rung ist Bedingung f\u00fcr den Kauf von Tickets! KFZ TICKETS Wer mit einem KfZ...","protected":false},"author":1,"featured_media":0,"parent":0,"menu_order":0,"comment_status":"closed","ping_status":"closed","template":"","meta":{"inline_featured_image":false,"footnotes":""},"class_list":["post-42","page","type-page","status-publish","hentry"],"yoast_head":"<!-- This site is optimized with the Yoast SEO plugin v23.1 - https:\/\/yoast.com\/wordpress\/plugins\/seo\/ -->\n<title>TICKETS - Nation of Gondwana 2022<\/title>\n<meta name=\"robots\" content=\"index, follow, max-snippet:-1, max-image-preview:large, max-video-preview:-1\" \/>\n<link rel=\"canonical\" href=\"https:\/\/pyonen.de\/nog2022\/tickets\/\" \/>\n<meta property=\"og:locale\" content=\"de_DE\" \/>\n<meta property=\"og:type\" content=\"article\" \/>\n<meta property=\"og:title\" content=\"TICKETS - Nation of Gondwana 2022\" \/>\n<meta property=\"og:url\" content=\"https:\/\/pyonen.de\/nog2022\/tickets\/\" \/>\n<meta property=\"og:site_name\" content=\"Nation of Gondwana 2022\" \/>\n<meta property=\"article:publisher\" content=\"https:\/\/www.facebook.com\/pyonen\" \/>\n<meta property=\"article:modified_time\" content=\"2022-04-07T09:47:00+00:00\" \/>\n<meta property=\"og:image\" content=\"https:\/\/pyonen.de\/nog2022\/wp-content\/uploads\/2022\/04\/NOG2022-EventPhoto-1200x628-300dpi.png\" \/>\n\t<meta property=\"og:image:width\" content=\"1200\" \/>\n\t<meta property=\"og:image:height\" content=\"628\" \/>\n\t<meta property=\"og:image:type\" content=\"image\/png\" \/>\n<meta name=\"twitter:card\" content=\"summary_large_image\" \/>\n<meta name=\"twitter:label1\" content=\"Gesch\u00e4tzte Lesezeit\" \/>\n\t<meta name=\"twitter:data1\" content=\"2\u00a0Minuten\" \/>\n<script type=\"application\/ld+json\" class=\"yoast-schema-graph\">{\"@context\":\"https:\/\/schema.org\",\"@graph\":[{\"@type\":\"WebPage\",\"@id\":\"https:\/\/pyonen.de\/nog2022\/tickets\/\",\"url\":\"https:\/\/pyonen.de\/nog2022\/tickets\/\",\"name\":\"TICKETS - Nation of Gondwana 2022\",\"isPartOf\":{\"@id\":\"https:\/\/pyonen.de\/nog2022\/#website\"},\"datePublished\":\"2019-04-04T19:08:31+00:00\",\"dateModified\":\"2022-04-07T09:47:00+00:00\",\"breadcrumb\":{\"@id\":\"https:\/\/pyonen.de\/nog2022\/tickets\/#breadcrumb\"},\"inLanguage\":\"de\",\"potentialAction\":[{\"@type\":\"ReadAction\",\"target\":[\"https:\/\/pyonen.de\/nog2022\/tickets\/\"]}]},{\"@type\":\"BreadcrumbList\",\"@id\":\"https:\/\/pyonen.de\/nog2022\/tickets\/#breadcrumb\",\"itemListElement\":[{\"@type\":\"ListItem\",\"position\":1,\"name\":\"Startseite\",\"item\":\"https:\/\/pyonen.de\/nog2022\/\"},{\"@type\":\"ListItem\",\"position\":2,\"name\":\"TICKETS\"}]},{\"@type\":\"WebSite\",\"@id\":\"https:\/\/pyonen.de\/nog2022\/#website\",\"url\":\"https:\/\/pyonen.de\/nog2022\/\",\"name\":\"Nation of Gondwana 2022\",\"description\":\"Festival am Waldsee | 22. - 24. Juli 2022 | Gr\u00fcnefeld bei Berlin\",\"publisher\":{\"@id\":\"https:\/\/pyonen.de\/nog2022\/#organization\"},\"potentialAction\":[{\"@type\":\"SearchAction\",\"target\":{\"@type\":\"EntryPoint\",\"urlTemplate\":\"https:\/\/pyonen.de\/nog2022\/?s={search_term_string}\"},\"query-input\":\"required name=search_term_string\"}],\"inLanguage\":\"de\"},{\"@type\":\"Organization\",\"@id\":\"https:\/\/pyonen.de\/nog2022\/#organization\",\"name\":\"Nation of Gondwana\",\"url\":\"https:\/\/pyonen.de\/nog2022\/\",\"logo\":{\"@type\":\"ImageObject\",\"inLanguage\":\"de\",\"@id\":\"https:\/\/pyonen.de\/nog2022\/#\/schema\/logo\/image\/\",\"url\":\"https:\/\/pyonen.de\/nog2022\/wp-content\/uploads\/2022\/04\/site-logo.png\",\"contentUrl\":\"https:\/\/pyonen.de\/nog2022\/wp-content\/uploads\/2022\/04\/site-logo.png\",\"width\":512,\"height\":512,\"caption\":\"Nation of Gondwana\"},\"image\":{\"@id\":\"https:\/\/pyonen.de\/nog2022\/#\/schema\/logo\/image\/\"},\"sameAs\":[\"https:\/\/www.facebook.com\/pyonen\",\"https:\/\/www.youtube.com\/user\/pyonen\/videos\",\"https:\/\/de.wikipedia.org\/wiki\/Nation_of_Gondwana\"]}]}<\/script>\n<!-- \/ Yoast SEO plugin. -->","yoast_head_json":{"title":"TICKETS - Nation of Gondwana 2022","robots":{"index":"index","follow":"follow","max-snippet":"max-snippet:-1","max-image-preview":"max-image-preview:large","max-video-preview":"max-video-preview:-1"},"canonical":"https:\/\/pyonen.de\/nog2022\/tickets\/","og_locale":"de_DE","og_type":"article","og_title":"TICKETS - Nation of Gondwana 2022","og_url":"https:\/\/pyonen.de\/nog2022\/tickets\/","og_site_name":"Nation of Gondwana 2022","article_publisher":"https:\/\/www.facebook.com\/pyonen","article_modified_time":"2022-04-07T09:47:00+00:00","og_image":[{"width":1200,"height":628,"url":"https:\/\/pyonen.de\/nog2022\/wp-content\/uploads\/2022\/04\/NOG2022-EventPhoto-1200x628-300dpi.png","type":"image\/png"}],"twitter_card":"summary_large_image","twitter_misc":{"Gesch\u00e4tzte Lesezeit":"2\u00a0Minuten"},"schema":{"@context":"https:\/\/schema.org","@graph":[{"@type":"WebPage","@id":"https:\/\/pyonen.de\/nog2022\/tickets\/","url":"https:\/\/pyonen.de\/nog2022\/tickets\/","name":"TICKETS - Nation of Gondwana 2022","isPartOf":{"@id":"https:\/\/pyonen.de\/nog2022\/#website"},"datePublished":"2019-04-04T19:08:31+00:00","dateModified":"2022-04-07T09:47:00+00:00","breadcrumb":{"@id":"https:\/\/pyonen.de\/nog2022\/tickets\/#breadcrumb"},"inLanguage":"de","potentialAction":[{"@type":"ReadAction","target":["https:\/\/pyonen.de\/nog2022\/tickets\/"]}]},{"@type":"BreadcrumbList","@id":"https:\/\/pyonen.de\/nog2022\/tickets\/#breadcrumb","itemListElement":[{"@type":"ListItem","position":1,"name":"Startseite","item":"https:\/\/pyonen.de\/nog2022\/"},{"@type":"ListItem","position":2,"name":"TICKETS"}]},{"@type":"WebSite","@id":"https:\/\/pyonen.de\/nog2022\/#website","url":"https:\/\/pyonen.de\/nog2022\/","name":"Nation of Gondwana 2022","description":"Festival am Waldsee | 22. - 24. Juli 2022 | Gr\u00fcnefeld bei Berlin","publisher":{"@id":"https:\/\/pyonen.de\/nog2022\/#organization"},"potentialAction":[{"@type":"SearchAction","target":{"@type":"EntryPoint","urlTemplate":"https:\/\/pyonen.de\/nog2022\/?s={search_term_string}"},"query-input":"required name=search_term_string"}],"inLanguage":"de"},{"@type":"Organization","@id":"https:\/\/pyonen.de\/nog2022\/#organization","name":"Nation of Gondwana","url":"https:\/\/pyonen.de\/nog2022\/","logo":{"@type":"ImageObject","inLanguage":"de","@id":"https:\/\/pyonen.de\/nog2022\/#\/schema\/logo\/image\/","url":"https:\/\/pyonen.de\/nog2022\/wp-content\/uploads\/2022\/04\/site-logo.png","contentUrl":"https:\/\/pyonen.de\/nog2022\/wp-content\/uploads\/2022\/04\/site-logo.png","width":512,"height":512,"caption":"Nation of Gondwana"},"image":{"@id":"https:\/\/pyonen.de\/nog2022\/#\/schema\/logo\/image\/"},"sameAs":["https:\/\/www.facebook.com\/pyonen","https:\/\/www.youtube.com\/user\/pyonen\/videos","https:\/\/de.wikipedia.org\/wiki\/Nation_of_Gondwana"]}]}},"_links":{"self":[{"href":"https:\/\/pyonen.de\/nog2022\/wp-json\/wp\/v2\/pages\/42"}],"collection":[{"href":"https:\/\/pyonen.de\/nog2022\/wp-json\/wp\/v2\/pages"}],"about":[{"href":"https:\/\/pyonen.de\/nog2022\/wp-json\/wp\/v2\/types\/page"}],"author":[{"embeddable":true,"href":"https:\/\/pyonen.de\/nog2022\/wp-json\/wp\/v2\/users\/1"}],"replies":[{"embeddable":true,"href":"https:\/\/pyonen.de\/nog2022\/wp-json\/wp\/v2\/comments?post=42"}],"version-history":[{"count":135,"href":"https:\/\/pyonen.de\/nog2022\/wp-json\/wp\/v2\/pages\/42\/revisions"}],"predecessor-version":[{"id":2344,"href":"https:\/\/pyonen.de\/nog2022\/wp-json\/wp\/v2\/pages\/42\/revisions\/2344"}],"wp:attachment":[{"href":"https:\/\/pyonen.de\/nog2022\/wp-json\/wp\/v2\/media?parent=42"}],"curies":[{"name":"wp","href":"https:\/\/api.w.org\/{rel}","templated":true}]}}