{"id":198,"date":"2019-04-07T11:49:16","date_gmt":"2019-04-07T09:49:16","guid":{"rendered":"https:\/\/pyonen.de\/nog2024\/?page_id=198"},"modified":"2024-04-10T22:17:20","modified_gmt":"2024-04-10T20:17:20","slug":"agb","status":"publish","type":"page","link":"https:\/\/pyonen.de\/nog2024\/agb\/","title":{"rendered":"AGB"},"content":{"rendered":"<section class=\"l-section wpb_row height_medium\"><div class=\"l-section-h i-cf\"><div class=\"g-cols vc_row via_flex valign_top type_default stacking_default\"><div class=\"vc_col-sm-12 wpb_column vc_column_container\"><div class=\"vc_column-inner\"><div class=\"wpb_wrapper\"><div class=\"wpb_text_column\"><div class=\"wpb_wrapper\"><h1>Allgemeine Gesch\u00e4fts\u00adbedingungen<\/h1>\n<h3>Besondere Gesch\u00e4ftsbedingungen f\u00fcr den Verkauf von Tickets f\u00fcr das Nation of Gondwana Festival \/ Besucherordnung<\/h3>\n<p><strong>1.<\/strong> Der Veranstaltungsvertrag kommt mit Aush\u00e4ndigung der Eintrittskarte an den Kartenerwerber zustande. Dabei sagt der Erwerber verbindlich zu, die Eintrittskarte(n) ausschlie\u00dflich f\u00fcr private Zwecke zu nutzen. Jedes Ticket ist nur f\u00fcr eine Person g\u00fcltig. Kinder und Jugendliche k\u00f6nnen keine Karten erwerben. Der Erwerber sagt verbindlich zu, dass er vollj\u00e4hrig ist.<\/p>\n<p><strong>2.<\/strong> Bei einem Abschluss des Veranstaltungsvertrages bei artevent GmbH oder in einer autorisierten Verkaufsstelle kommt der Veranstaltungsvertrag mit artevent GmbH durch \u00dcbergabe der Tickets, bei einer telefonischen Bestellung durch die Nennung der Buchungsnummer durch den Mitarbeiter von artevent GmbH zustande. Bei einer telefonischen Bestellung hat der Besteller die M\u00f6glichkeit, die AGB vorab in den Vorverkaufsstellen und unter www.pyonen.de einzusehen. Dar\u00fcber hinaus werden ihm die AGB zusammen mit den bestellten Tickets unverz\u00fcglich nach Vertragsschluss \u00fcbersandt. Der Besteller wird bei einer telefonischen Bestellung vor dem Bestellvorgang darauf hingewiesen, dass er durch die Fortsetzung der Bestellung die Einbeziehung dieser AGB akzeptiert, ohne dass ihm die AGB vor Vertragsschluss \u00fcbersandt werden.<\/p>\n<p><strong>3.<\/strong> Bei einer Bestellung im Online-Buchungssystem geht das Angebot f\u00fcr einen Vertragsabschluss vom Besteller aus, sobald dieser eine Bestellung eines Tickets ausl\u00f6st. Sofern artevent GmbH das Angebot des Bestellers annimmt, best\u00e4tigt er dies durch eine E-Mail, die gleichzeitig die Angebotsannahme darstellt.<\/p>\n<p><strong>4.<\/strong> Die Rechte und Pflichten aus dem durch die Eintrittskarte dokumentierten Veranstaltungsvertrag k\u00f6nnen an einen Dritten nur dadurch \u00fcbertragen werden, dass der Dritte in den Veranstaltungsvertrag unter \u00dcbernahme s\u00e4mtlicher Rechte und Pflichten eintritt. Dieser Eintritt setzt die Zustimmung von artevent GmbH voraus, die insbesondere bei der Ver\u00e4u\u00dferung des Besuchsrechtes oder von Tickets im Rahmen von nicht von artevent GmbH autorisierten Auktionen, insbesondere im Internet oder \u00fcber sonstige, nicht von artevent GmbH autorisierte Internet-Marktpl\u00e4tze oder Internet-Ticketb\u00f6rsen nicht erteilt wird.<\/p>\n<p><strong>5.<\/strong> Jeder Besteller darf \u2013 unabh\u00e4ngig von der Zahl der Bestellvorg\u00e4nge \u2013 maximal die Zahl von Tickets bestellen, die artevent GmbH f\u00fcr die jeweilige Veranstaltung als H\u00f6chstmenge ausweist. Eine Umgehung dieses Verbots durch die Angabe unterschiedlicher Namen ist untersagt. Aus Gr\u00fcnden der Kontaktverfolgung im Falles einer Corona-Infektion hat der Veranstalter das Recht die Tickets zu personalisieren. Hierzu m\u00fcssen die Besteller ihre Kontaktdaten wahrheitsgem\u00e4\u00df und vollst\u00e4ndig angeben. Zutritt zu der Veranstaltung wird nur gew\u00e4hrt, wenn der sich der Ticketinhaber ausweisen kann und die Namen auf dem Ticket und auf dem Ausweisdokument \u00fcbereinstimmen. Ausweisen kann sich der Besucher mit amtlichen Ausweis- und Identifikationsdokumenten mit Foto, wie etwa Personalausweis, Reisepass oder F\u00fchrerschein.<br \/>\nDie Personalisierung kann auch nach Ticketerwerb vom Veranstalter verlangt werden.<br \/>\nartevent GmbH ist bei einem Versto\u00df gegen die Verpflichtungen aus Satz 1, 2, 3 und\/oder 4 berechtigt, von den vom Besteller geschlossenen Veranstaltungsvertr\u00e4gen durch Sperrung der Tickets zur\u00fcckzutreten.<\/p>\n<p><strong>6.<\/strong> Zur Vermeidung von Gewaltt\u00e4tigkeiten und Straftaten im Zusammenhang mit dem Veranstaltungsbesuch, zur Durchsetzung von Besuchsverboten, zur Unterbindung des Weiterverkaufs von Tickets zu \u00fcberh\u00f6hten Preisen und im Interesse der Sicherheit der Zuschauer wird die Zustimmung von artevent GmbH zum Eintritt eines Dritten in den Veranstaltungsvertrag gem\u00e4\u00df Ziffer 4. in den folgenden F\u00e4llen nicht erteilt:<\/p>\n<ul>\n<li>bei der Ver\u00e4u\u00dferung des Besuchsrechts oder von Tickets, wenn der angebotene bzw. erzielte (Auktionen) Wiederverkaufspreis das f\u00fcr diese Besuchsrechte\/Tickets von artevent GmbH geschuldete Entgelt zuz\u00fcglich einer Pauschale von 2 Euro um mehr als 10 % \u00fcbersteigt; dies gilt insbesondere auch im Rahmen einer privaten Weitergabe (der privaten Ver\u00e4u\u00dferung bei ebay stimmt artevent GmbH unter den genannten Voraussetzungen nicht zu).;<\/li>\n<li>bei der Ver\u00e4u\u00dferung des Besuchsrechts oder von Tickets im Rahmen von nicht von artevent GmbH autorisierten Auktionen (insbesondere im Internet) selbst oder durch Dritte;<\/li>\n<li>bei der Ver\u00e4u\u00dferung des Besuchsrechts oder von Tickets \u00fcber nicht von artevent GmbH autorisierte Internet-Marktpl\u00e4tze oder Internet-Ticketb\u00f6rsen selbst oder durch Dritte;<\/li>\n<li>bei gewerblicher oder kommerzieller Ver\u00e4u\u00dferung des Besuchsrechts oder der erworbenen Tickets ohne ausdr\u00fcckliche vorherige schriftliche Zustimmung durch artevent GmbH;<\/li>\n<li>bei Ver\u00e4u\u00dferung des Besuchsrechts oder von Tickets ohne ausdr\u00fccklichen Hinweis auf diese AGB, insbesondere diese Ziffer.<\/li>\n<li>Eine Ver\u00e4u\u00dferung der unter den oben genannten Vorgaben ist nur auf der Plattform <a href=\"https:\/\/www.tixforgigs.com\/de-DE\" target=\"_blank\" rel=\"noopener\">www.tixforgigs.com<\/a> gestattet.<\/li>\n<\/ul>\n<p>Voraussetzung f\u00fcr die Zustimmung der artevent GmbH ist, dass die Kontaktdaten des K\u00e4ufers nach Ziffer 5 Satz 3 vollst\u00e4ndig vorliegen.<\/p>\n<p><strong>7.<\/strong> Eine Weitergabe oder ein Anbieten von Besuchsrechten oder Tickets unter Versto\u00df gegen die in Ziffer 6. genannten Punkte ist untersagt. Der Vertragspartner sichert durch Abschluss des Veranstaltungsvertrages oder durch Eintritt in denselben zu, nicht gegen dieses Verbot zu versto\u00dfen. Der Ticketinhaber sichert durch Vorlage des Tickets am Veranstaltungseingang zu, zum Besuch der Veranstaltung berechtigt zu sein und das Ticket insbesondere nicht im Rahmen einer Weitergabe in den in Ziffer 6. genannten F\u00e4llen erhalten zu haben.<\/p>\n<p><strong>8.<\/strong> F\u00fcr jeden Versto\u00df gegen das in Ziffer 7. genannte Verbot ist der Vertragspartner an artevent GmbH zur Zahlung einer Vertragsstrafe, deren H\u00f6he von artevent GmbH nach billigem Ermessen festzusetzen ist, die h\u00f6chstens jedoch 2.500,00 EUR betragen darf, verpflichtet. Ma\u00dfgeblich f\u00fcr die Anzahl der Verst\u00f6\u00dfe ist die Zahl der rechtswidrig angebotenen Besuchsrechte oder Tickets.<\/p>\n<p><strong>9.<\/strong> Bei einem Versto\u00df gegen das Verbot gem\u00e4\u00df Ziffer 7. Satz 1 oder einer falschen Zusicherung nach Ziffer 7. Satz 2 und 3 ist der artevent GmbH berechtigt,<\/p>\n<ul>\n<li>vom Veranstaltungsvertrag zur\u00fcckzutreten und\/oder<\/li>\n<li>die Tickets zu sperren und dem Ticketinhaber den Besuch der Veranstaltung zu verweigern.<\/li>\n<\/ul>\n<p>Sofern der Vertragspartner aufgrund des R\u00fccktritts oder der Sperrung einen R\u00fcckerstattungsanspruch haben sollte, ist artevent GmbH verpflichtet, diesen im Rahmen der Festsetzung der Vertragsstrafe zu ber\u00fccksichtigen. Bei einem Versto\u00df gegen das Verbot gem\u00e4\u00df Ziffer 7. Satz 1 beh\u00e4lt sich artevent GmbH ferner vor, den jeweiligen Vertragspartner in Zukunft vom Ticketerwerb auszuschlie\u00dfen.<\/p>\n<p><strong>10.<\/strong>Bei Verlust oder Diebstahl von Tickets und rechtzeitiger schriftlicher Meldung durch den Vertragspartner besteht ein Anspruch auf Ersatz von Einzelkarten nicht. Kann artevent GmbH das Ticket jedoch sperren, wird dem Vertragspartner ein Ersatzticket gegen Zahlung einer Bearbeitungsgeb\u00fchr von 10,00 EUR ausgeh\u00e4ndigt. artevent GmbH \u00fcbertr\u00e4gt die Abwicklung des Ticketing in Deutschland an folgenden Partner: TixforGigs, K\u00e4the- Kollwitz-Stra\u00dfe 60, 04109 Leipzig, Deutschland.<\/p>\n<p><strong>11.<\/strong> Gef\u00e4hrliche Gegenst\u00e4nde wie pyrotechnische Artikel, Fackeln, Waffen jeder Art sowie Gegenst\u00e4nde, die zu erheblichen Verletzungen f\u00fchren k\u00f6nnen, d\u00fcrfen zu Naton of Gondwana nicht mitgebracht werden.<\/p>\n<p><strong>12.<\/strong> Vor Betreten des Veranstaltungsgel\u00e4ndes (gesondert vom Campingbereich abgetrennter B\u00fchnenbereich) sind sperrige Gegenst\u00e4nde aller Art, s\u00e4mtliche Arten von Rucks\u00e4cken und Tragegestellen sowie Taschen, die gr\u00f6\u00dfer als DIN A4 (ca. 20\u00d730 cm) sind, abzugeben. In Zweifelsf\u00e4llen bitten wir Sie, der Entscheidung des Aufsichtspersonals Folge zu leisten. Abgesperrte Bereiche und Podeste d\u00fcrfen nicht betreten werden. Tiere haben keinen Zutritt.<\/p>\n<p><strong>13.<\/strong> Die Mitnahme von Foto-\/Videokameras und sonstigen Bild- und Tonaufnahmeger\u00e4ten zu kommerziellen Zwecken ist grunds\u00e4tzlich nicht gestattet. artevent GmbH kann Besuchern mit verbotswidrig mitgef\u00fchrten Ger\u00e4ten den Eintritt verweigern bzw. derartige Ger\u00e4te bis zum Ende der Veranstaltung einziehen. Ton-, Foto-, oder Videoaufnahmen, au\u00dfer f\u00fcr rein private Nutzung, sind grunds\u00e4tzlich untersagt. Missbrauch wird zivil- und strafrechtlich verfolgt.<\/p>\n<p><strong>14.<\/strong> Der Ordnungsdienst darf Personen \u2013 auch durch den Einsatz technischer Hilfsmittel \u2013 dahingehend untersuchen, ob sie aufgrund von Alkohol- oder Drogenkonsum oder wegen Mitf\u00fchren von Waffen oder von gef\u00e4hrlichen pyrotechnischen Gegenst\u00e4nden ein Sicherheitsrisiko darstellen. artevent GmbH ist in solchen F\u00e4llen berechtigt, den Zutritt zu der Veranstaltung zu verweigern. Betrunkene oder unter Drogen stehende Personen haben keinen Zutritt. Zuschauer haben den auf der Eintrittskarte f\u00fcr die jeweilige Veranstaltung angegebenen Platz einzunehmen. Den Anweisungen des Ordnungsdienstes ist Folge zu leisten. Bei Verst\u00f6\u00dfen kann die Karte eingezogen sowie ein Platzverbot ausgesprochen werden. Das Mitbringen von Transparenten zu kommerzieller Nutzung ist untersagt.<\/p>\n<p><strong>15.<\/strong> Kein Ersatz bei Abbruch, Verlegung oder Verlust der Karte. Bei erm\u00e4\u00dfigten Karten ist die entsprechende Berechtigung vorzuzeigen. R\u00fcckgabe oder Umtausch sind ausgeschlossen.<\/p>\n<p><strong>16.<\/strong> Wir weisen den Nutzer dieser Eintrittskarte ausdr\u00fccklich darauf hin, dass bei Nation of Gondwana Film- und Fotoaufnahmen get\u00e4tigt werden, die auch den Nutzer in erkennbarer Weise wiedergeben k\u00f6nnen. Mit dem Erwerb der Eintrittskarte und dem Eintritt erkl\u00e4rt sich der Nutzer mit der Aufzeichnung von Bildnissen auch seiner Person sowie deren inhaltlich, zeitlich und r\u00e4umlich unbeschr\u00e4nkten Auswertung und Nutzung, insbesondere durch Film, Fernsehen und Video einverstanden.<\/p>\n<p><strong>17.<\/strong> Wird die Veranstaltung nicht durchgef\u00fchrt, so wird dem K\u00e4ufer gegen Vorlage der erworbenen Eintrittskarte der gezahlte Betrag zur\u00fcckerstattet. Bei einer Absage, die die artevent GmbH nicht zu vertreten hat, werden dem K\u00e4ufer lediglich Ticketpreis und M\u00fcllpfand nicht jedoch die Vorverkaufsgeb\u00fchren erstattet. Bei Abbruch einer Veranstaltung, die die artevent GmbH verursacht hat, hat der Kunde einen anteiligen Anspruch auf R\u00fcckerstattung des Kartenpreises. Weitere Anspr\u00fcche stehen den Besuchern nicht zu. Bei Abruch der Veranstaltung aus klimatischen oder wetterbedingten Umst\u00e4nden besteht kein Anspruch auf Erstattung des Kartenpreises.<\/p>\n<p><strong>18.<\/strong> artevent GmbH haftet hinsichtlich des Vertrages \u00fcber den Veranstaltungsbesuch f\u00fcr schuldhaft verursachte Sch\u00e4den an Leben, K\u00f6rper und Gesundheit max in H\u00f6he von 3 Millionen Euro. F\u00fcr Sch\u00e4den an sonstigen G\u00fctern im vorgenannten T\u00e4tigkeitsfeld von artevent GmbH gilt Folgendes: artevent GmbH haftet bei Vorsatz im Umfang oder bei grober Fahrl\u00e4ssigkeit bis max 1 Millionen Euro, wenn wesentliche Vertragspflichten verletzt werden. Bei grober Fahrl\u00e4ssigkeit ist die Haftung auf den vertragstypischen, unmittelbaren Durchschnittsschaden beschr\u00e4nkt, wenn nur unwesentliche Vertragspflichten verletzt wurden. In gleichem Umfang ist die Haftung begrenzt bei leicht fahrl\u00e4ssiger Verletzung wesentlicher Vertragspflichten. Bei leicht fahrl\u00e4ssiger Verletzung unwesentlicher Vertragspflichten haftet artevent GmbH nicht. Soweit die Haftung von artevent GmbH ausgeschlossen oder beschr\u00e4nkt ist, gilt dies auch f\u00fcr die Haftung der eingeschalteten Erf\u00fcllungs- und Verrichtungsgehilfen. artevent GmbH haftet nicht f\u00fcr St\u00f6rungen, die durch au\u00dferhalb ihres Einflussbereichs liegende Umst\u00e4nde verursacht werden. Dies gilt insbesondere f\u00fcr Beeintr\u00e4chtigungen, die auf den Ausfall oder die St\u00f6rung des Telefonkommunikationsnetzes und der Stromversorgung zur\u00fcckzuf\u00fchren sind.<\/p>\n<p><strong>19.<\/strong> Bei Vorliegen eines wichtigen Grundes, insbesondere dann, wenn ein Besucher auf dem Gel\u00e4nde Straftaten (z. B. K\u00f6rperverletzungen, Diebst\u00e4hle, Drogenhandel) begeht, ist artevent GmbH berechtigt, den Besucher von der Veranstaltung auszuschlie\u00dfen. Macht artevent GmbH von ihrem Ausschlussrecht Gebrauch, so verliert die Eintrittskarte ihre G\u00fcltigkeit. Ein Anspruch auf R\u00fcckerstattung des Kartenwertes ist ausgeschlossen. Den Anweisungen des Ordnungspersonals ist Folge zu leisten.<\/p>\n<p><strong>20.<\/strong> Wir machen Sie darauf aufmerksam, dass die Besucher f\u00fcr alle durch ihr Verhalten entstandenen Sch\u00e4den haften. Den Anweisungen des Aufsichtspersonals ist uneingeschr\u00e4nkt Folge zu leisten. Besuchern, die sich wiederholt nicht an die Besucherordnung und an die Anweisungen des Aufsichtspersonals halten, k\u00f6nnen vom Veranstaltungsort verwiesen bzw. es kann grunds\u00e4tzliches Platzverbot auch f\u00fcr zuk\u00fcnftige Veranstaltungen ausgesprochen werden.<\/p>\n<p><strong>21.<\/strong> Menschen, die das 18. Lebensjahr nicht vollendet haben ist der Zutritt zu der Veranstaltung grunds\u00e4tzlich und ohne Ausnahme untersagt. Jedwede Person, die das 18. Lebensjahr nicht vollendet hat und auf dem Veranstaltungsort angetroffen wird, wird unmittelbar vom Veranstaltungsort und der Veranstaltung ausgeschlossen.<\/p>\n<p><strong>22.<\/strong> Die Mitnahme von Haustieren jedweder Art auf die Veranstaltung Nation of Gondwana ist untersagt. Eine Mitnahme kann zum sofortigen Verweis vom Veranstaltungsgel\u00e4nde f\u00fchren.<\/p>\n<p><strong>23.<\/strong> Die erworbene Eintrittskarte wird vor Ort durch ein am Armgelenk zu befestigendes B\u00e4ndchen ersetzt. Das ordnungsgem\u00e4\u00df verschlossen am Arm getragene B\u00e4ndchen berechtigt zum Eintritt auf das Festivalgel\u00e4nde w\u00e4hrend des Festivalzeitraumes. Dieses darf nicht an andere Personen weitergegeben werden. Eine Manipulation, Weitergabe oder das Vort\u00e4uschen einer falschen Berechtigung (VIP-B\u00e4ndchen) f\u00fchrt zum sofortigen Ausschluss der Veranstaltung und zieht straf- wie zivilrechtliche Konsequenzen nach sich. Eine R\u00fcckerstattung des Kartenwertes bei Verlassen des Gel\u00e4ndes vor oder w\u00e4hrend der Veranstaltung ist ausgeschlossen.<\/p>\n<p><strong>24.<\/strong> Cashless Systeme \u2013 Fristen<\/p>\n<p>Auf der Veranstaltung wird ein bargeldloses Zahlsystem f\u00fcr den Erwerb von Waren angeboten. Die Frist f\u00fcr die R\u00fcckerstattung von Guthaben aus diesem System endet am 30.09.2024<\/p>\n<p>artevent GmbH, 10. April 2024<\/p>\n<p>&#8212;<\/p>\n<p><strong>Ein solidarisches und respektvolles Miteinander steht f\u00fcr uns auch beim Feiern ganz oben! Mit dem Kauf des Tickets f\u00fcr die Nation of Gondwana 2024 nimmst Du unser Selbstverst\u00e4ndnis zu Kenntnis:<\/strong><\/p>\n<p>Wir streben eine gemeinsame diskriminierungsfreiere Zeit auf dem Acker an, in der sich alle m\u00f6glichst wohl und willkommen f\u00fchlen. Wir legen sehr viel Wert auf einen respektvollen und achtsamen Umgang miteinander. Jede Person bringt eigene Erfahrungen mit auf den Acker und setzt Grenzen unterschiedlich, daher erwarten wir Konsens &amp; Empathie in jeder Situation &#8211; ohne Ausnahme.<\/p>\n<p>Wir wollen gemeinsam feiern, unabh\u00e4ngig von der ethnischen Zugeh\u00f6rigkeit, der sexuellen Orientierung, der Geschlechtsidentit\u00e4t, des kulturellen Hintergrunds, des Alters, der Lernm\u00f6glichkeiten oder der sichtbaren und unsichtbaren Behinderungen. Wir erkennen an, dass unsere Veranstaltung nicht per se diskriminierungsfrei ist. Deshalb arbeiten wir mit einem intersektionalen betroffenenorientierten Ansatz daran, die Nation of Gondwana Jahr f\u00fcr Jahr sicherer zu machen.<\/p>\n<ul>\n<li style=\"list-style-type: none;\">\n<ul>\n<li>Wir sagen Nein zu sexualisierten, rassistischen, ableistischen, homo-, inter- und transfeindlichen Gewaltakten.<\/li>\n<li>Wir sagen Nein zu rechten bzw. extrem rechten Tendenzen, Handlungen oder Gedankengut, egal in welcher Form.<\/li>\n<li>Wir sagen Nein zu antisemitischen und antimuslimischen \u00c4u\u00dferungen und Aktionen.<\/li>\n<li>Wir sagen Nein zu diskriminierenden und verletzenden \u00dcbergriffen, egal ob verbal oder k\u00f6rperlich.<\/li>\n<li>Wir wollen keine Nationalfahnen auf dem Acker.<\/li>\n<li>Wir legen Wert auf die Pers\u00f6nlichkeitsrechte des Einzelnen, dazu geh\u00f6rt auch das Recht am eigenen Bild. Fotografiere oder filme keine Personen ohne deren klares Einverst\u00e4ndnis.<\/li>\n<li>Gegens\u00e4tzliches Verhalten wird geahndet und kann unter Umst\u00e4nden zu einem direkten Verweis des Platzes f\u00fchren!<\/li>\n<\/ul>\n<\/li>\n<\/ul>\n<p>Wir m\u00f6chten an dieser Stelle noch einmal auf unser Awareness-Team vom Safer Space (gegen\u00fcber vom Spelunkeeingang) hinweisen, welches rund um die Uhr f\u00fcr Dich ansprechbar ist und f\u00fcr ALLE Angelegenheiten ein offenes Ohr hat. Dort findest Du Unterst\u00fctzung, Hilfe und Schutz.<\/p>\n<p>Um ausnahmslos allen eine sch\u00f6ne Nation of Gondwana 2024 zu bereiten, bist auch Du gefragt! Wende dich sofort an uns, wenn du dich unwohl f\u00fchlst oder eine unangenehme Situation wahrnimmst. Grunds\u00e4tzlich sind alle Mitarbeiter*innen \u00fcber Funk verbunden und k\u00f6nnen schnell Unterst\u00fctzung organisieren. Du kannst dich auch direkt an unser Awareness-Team, welches an gr\u00fcnen Warnwesten zu erkennen ist, oder an unsere Security wenden.<\/p>\n<p><strong>Denn gemeinsam Feiern bedeutet f\u00fcr uns auch, gemeinsam aufeinander achtgeben.<\/strong><\/p>\n<\/div><\/div><\/div><\/div><\/div><\/div><\/div><\/section>\n","protected":false},"excerpt":{"rendered":"Allgemeine Gesch\u00e4fts\u00adbedingungen Besondere Gesch\u00e4ftsbedingungen f\u00fcr den Verkauf von Tickets f\u00fcr das Nation of Gondwana Festival \/ Besucherordnung 1. Der Veranstaltungsvertrag kommt mit Aush\u00e4ndigung der Eintrittskarte an den Kartenerwerber zustande. Dabei sagt der Erwerber verbindlich zu, die Eintrittskarte(n) ausschlie\u00dflich f\u00fcr private Zwecke zu nutzen. Jedes Ticket ist nur f\u00fcr eine Person g\u00fcltig. Kinder und Jugendliche k\u00f6nnen...","protected":false},"author":1,"featured_media":0,"parent":0,"menu_order":0,"comment_status":"closed","ping_status":"closed","template":"","meta":{"inline_featured_image":false,"footnotes":""},"class_list":["post-198","page","type-page","status-publish","hentry"],"yoast_head":"<!-- This site is optimized with the Yoast SEO plugin v23.7 - https:\/\/yoast.com\/wordpress\/plugins\/seo\/ -->\n<title>AGB - Nation of Gondwana 2024<\/title>\n<meta name=\"robots\" content=\"noindex, nofollow\" \/>\n<meta property=\"og:locale\" content=\"de_DE\" \/>\n<meta property=\"og:type\" content=\"article\" \/>\n<meta property=\"og:title\" content=\"AGB - Nation of Gondwana 2024\" \/>\n<meta property=\"og:url\" content=\"https:\/\/pyonen.de\/nog2024\/agb\/\" \/>\n<meta property=\"og:site_name\" content=\"Nation of Gondwana 2024\" \/>\n<meta property=\"article:modified_time\" content=\"2024-04-10T20:17:20+00:00\" \/>\n<meta name=\"twitter:card\" content=\"summary_large_image\" \/>\n<meta name=\"twitter:label1\" content=\"Gesch\u00e4tzte Lesezeit\" \/>\n\t<meta name=\"twitter:data1\" content=\"12\u00a0Minuten\" \/>\n<script type=\"application\/ld+json\" class=\"yoast-schema-graph\">{\"@context\":\"https:\/\/schema.org\",\"@graph\":[{\"@type\":\"WebPage\",\"@id\":\"https:\/\/pyonen.de\/nog2024\/agb\/\",\"url\":\"https:\/\/pyonen.de\/nog2024\/agb\/\",\"name\":\"AGB - Nation of Gondwana 2024\",\"isPartOf\":{\"@id\":\"https:\/\/pyonen.de\/nog2024\/#website\"},\"datePublished\":\"2019-04-07T09:49:16+00:00\",\"dateModified\":\"2024-04-10T20:17:20+00:00\",\"breadcrumb\":{\"@id\":\"https:\/\/pyonen.de\/nog2024\/agb\/#breadcrumb\"},\"inLanguage\":\"de\",\"potentialAction\":[{\"@type\":\"ReadAction\",\"target\":[\"https:\/\/pyonen.de\/nog2024\/agb\/\"]}]},{\"@type\":\"BreadcrumbList\",\"@id\":\"https:\/\/pyonen.de\/nog2024\/agb\/#breadcrumb\",\"itemListElement\":[{\"@type\":\"ListItem\",\"position\":1,\"name\":\"Startseite\",\"item\":\"https:\/\/pyonen.de\/nog2024\/\"},{\"@type\":\"ListItem\",\"position\":2,\"name\":\"AGB\"}]},{\"@type\":\"WebSite\",\"@id\":\"https:\/\/pyonen.de\/nog2024\/#website\",\"url\":\"https:\/\/pyonen.de\/nog2024\/\",\"name\":\"Nation of Gondwana 2024\",\"description\":\"Festival am Waldsee | 19. - 21. Juli 2024 | Gr\u00fcnefeld bei Berlin\",\"potentialAction\":[{\"@type\":\"SearchAction\",\"target\":{\"@type\":\"EntryPoint\",\"urlTemplate\":\"https:\/\/pyonen.de\/nog2024\/?s={search_term_string}\"},\"query-input\":{\"@type\":\"PropertyValueSpecification\",\"valueRequired\":true,\"valueName\":\"search_term_string\"}}],\"inLanguage\":\"de\"}]}<\/script>\n<!-- \/ Yoast SEO plugin. -->","yoast_head_json":{"title":"AGB - Nation of Gondwana 2024","robots":{"index":"noindex","follow":"nofollow"},"og_locale":"de_DE","og_type":"article","og_title":"AGB - Nation of Gondwana 2024","og_url":"https:\/\/pyonen.de\/nog2024\/agb\/","og_site_name":"Nation of Gondwana 2024","article_modified_time":"2024-04-10T20:17:20+00:00","twitter_card":"summary_large_image","twitter_misc":{"Gesch\u00e4tzte Lesezeit":"12\u00a0Minuten"},"schema":{"@context":"https:\/\/schema.org","@graph":[{"@type":"WebPage","@id":"https:\/\/pyonen.de\/nog2024\/agb\/","url":"https:\/\/pyonen.de\/nog2024\/agb\/","name":"AGB - Nation of Gondwana 2024","isPartOf":{"@id":"https:\/\/pyonen.de\/nog2024\/#website"},"datePublished":"2019-04-07T09:49:16+00:00","dateModified":"2024-04-10T20:17:20+00:00","breadcrumb":{"@id":"https:\/\/pyonen.de\/nog2024\/agb\/#breadcrumb"},"inLanguage":"de","potentialAction":[{"@type":"ReadAction","target":["https:\/\/pyonen.de\/nog2024\/agb\/"]}]},{"@type":"BreadcrumbList","@id":"https:\/\/pyonen.de\/nog2024\/agb\/#breadcrumb","itemListElement":[{"@type":"ListItem","position":1,"name":"Startseite","item":"https:\/\/pyonen.de\/nog2024\/"},{"@type":"ListItem","position":2,"name":"AGB"}]},{"@type":"WebSite","@id":"https:\/\/pyonen.de\/nog2024\/#website","url":"https:\/\/pyonen.de\/nog2024\/","name":"Nation of Gondwana 2024","description":"Festival am Waldsee | 19. - 21. Juli 2024 | Gr\u00fcnefeld bei Berlin","potentialAction":[{"@type":"SearchAction","target":{"@type":"EntryPoint","urlTemplate":"https:\/\/pyonen.de\/nog2024\/?s={search_term_string}"},"query-input":{"@type":"PropertyValueSpecification","valueRequired":true,"valueName":"search_term_string"}}],"inLanguage":"de"}]}},"_links":{"self":[{"href":"https:\/\/pyonen.de\/nog2024\/wp-json\/wp\/v2\/pages\/198"}],"collection":[{"href":"https:\/\/pyonen.de\/nog2024\/wp-json\/wp\/v2\/pages"}],"about":[{"href":"https:\/\/pyonen.de\/nog2024\/wp-json\/wp\/v2\/types\/page"}],"author":[{"embeddable":true,"href":"https:\/\/pyonen.de\/nog2024\/wp-json\/wp\/v2\/users\/1"}],"replies":[{"embeddable":true,"href":"https:\/\/pyonen.de\/nog2024\/wp-json\/wp\/v2\/comments?post=198"}],"version-history":[{"count":38,"href":"https:\/\/pyonen.de\/nog2024\/wp-json\/wp\/v2\/pages\/198\/revisions"}],"predecessor-version":[{"id":2829,"href":"https:\/\/pyonen.de\/nog2024\/wp-json\/wp\/v2\/pages\/198\/revisions\/2829"}],"wp:attachment":[{"href":"https:\/\/pyonen.de\/nog2024\/wp-json\/wp\/v2\/media?parent=198"}],"curies":[{"name":"wp","href":"https:\/\/api.w.org\/{rel}","templated":true}]}}