{"id":2673,"date":"2024-04-10T16:10:10","date_gmt":"2024-04-10T14:10:10","guid":{"rendered":"https:\/\/pyonen.de\/nog2024\/?page_id=2673"},"modified":"2024-10-28T12:07:30","modified_gmt":"2024-10-28T11:07:30","slug":"tickets","status":"publish","type":"page","link":"https:\/\/pyonen.de\/nog2024\/tickets\/","title":{"rendered":"Tickets"},"content":{"rendered":"<section class=\"l-section wpb_row height_medium full_height valign_center width_full\"><div class=\"l-section-h i-cf\"><div class=\"g-cols vc_row via_flex valign_top type_default stacking_default\"><div class=\"vc_col-sm-12 wpb_column vc_column_container\"><div class=\"vc_column-inner\"><div class=\"wpb_wrapper\"><div class=\"g-cols wpb_row via_flex valign_top type_default stacking_default\"><div class=\"vc_col-sm-3 wpb_column vc_column_container\"><div class=\"vc_column-inner\"><div class=\"wpb_wrapper\"><\/div><\/div><\/div><div class=\"vc_col-sm-6 wpb_column vc_column_container\"><div class=\"vc_column-inner us_custom_054fe07f\"><div class=\"wpb_wrapper\"><div class=\"w-image align_center\"><div class=\"w-image-h\"><img decoding=\"async\" width=\"1097\" height=\"707\" src=\"https:\/\/pyonen.de\/nog2024\/wp-content\/uploads\/2024\/04\/30-24-02.png\" class=\"attachment-full size-full\" alt=\"\" loading=\"lazy\" srcset=\"https:\/\/pyonen.de\/nog2024\/wp-content\/uploads\/2024\/04\/30-24-02.png 1097w, https:\/\/pyonen.de\/nog2024\/wp-content\/uploads\/2024\/04\/30-24-02-300x193.png 300w, https:\/\/pyonen.de\/nog2024\/wp-content\/uploads\/2024\/04\/30-24-02-1024x660.png 1024w\" sizes=\"(max-width: 1097px) 100vw, 1097px\" \/><\/div><\/div><\/div><\/div><\/div><div class=\"vc_col-sm-3 wpb_column vc_column_container\"><div class=\"vc_column-inner\"><div class=\"wpb_wrapper\"><\/div><\/div><\/div><\/div><div class=\"g-cols wpb_row us_custom_b96a4ec0 hide_on_mobiles via_flex valign_top type_default stacking_default\"><div class=\"vc_col-sm-12 wpb_column vc_column_container\"><div class=\"vc_column-inner\"><div class=\"wpb_wrapper\"><div class=\"wpb_text_column us_custom_c7ac9dad\"><div class=\"wpb_wrapper\"><h1>TICKETSHOP<\/h1>\n<\/div><\/div><\/div><\/div><\/div><\/div><div class=\"g-cols wpb_row us_custom_3513b63c hide_on_default hide_on_laptops hide_on_tablets via_flex valign_top type_default stacking_default\"><div class=\"vc_col-sm-12 wpb_column vc_column_container\"><div class=\"vc_column-inner\"><div class=\"wpb_wrapper\"><div class=\"wpb_text_column us_custom_c7ac9dad\"><div class=\"wpb_wrapper\"><h1>TICKETSHOP<\/h1>\n<\/div><\/div><\/div><\/div><\/div><\/div><\/div><\/div><\/div><\/div><\/div><\/section><section class=\"l-section wpb_row us_custom_34ec3531 height_auto\"><div class=\"l-section-h i-cf\"><div class=\"g-cols vc_row via_flex valign_top type_default stacking_default\"><div class=\"vc_col-sm-12 wpb_column vc_column_container\"><div class=\"vc_column-inner us_custom_eb849559\"><div class=\"wpb_wrapper\"><div class=\"wpb_text_column us_custom_d44754bd\"><div class=\"wpb_wrapper\"><h2 style=\"font-size: 26px;\">ACHTUNG!<\/h2>\n<\/div><\/div><div class=\"wpb_text_column us_custom_551dfefe has_text_color\"><div class=\"wpb_wrapper\"><p>Unser Ticketvorverkauf f\u00fcr 2025 startet wie \u00fcblich Anfang April. Immer up-to-date bleiben \u00fcber unsere Pyonistische Parallelweltpost!<\/p>\n<p><a href=\"https:\/\/mailing.pyonen.de\/lists\/\" target=\"_blank\" rel=\"noopener\">\u00bb Hier geht es zur Anmeldung f\u00fcr unseren Newsletter&#8230;<\/a><br \/>\n<!--Viele Wege f\u00fchren ans Ende des Regenbogens, der einzig sichere Weg zum Ticket im World Wide Web f\u00fchrt aber nur \u00fcber <a href=\"https:\/\/www.tixforgigs.com\/de-DE\/Event\/48408\/nation-of-gondwana-2023-waldsee-bei-grunefeld-grunefeld-bei-schonwalde\" target=\"_blank\" rel=\"noopener\">TixforGigs<\/a>! Regelm\u00e4\u00dfig reinschauen lohnt sich, immer wieder tauchen r\u00fcckl\u00e4ufige Tickets auf. Mit der hauseigenen Wiederverkaufsfunktion k\u00f6nnt ihr Tickets inserieren, kaufen und umpersonalisieren.\n\nBitte seht unbedingt von K\u00e4ufen bei Facebook, Kleinanzeigen oder von dubiosen Angeboten au\u00dferhalb von <a href=\"https:\/\/www.tixforgigs.com\/de-DE\/Event\/48408\/nation-of-gondwana-2023-waldsee-bei-grunefeld-grunefeld-bei-schonwalde\" target=\"_blank\" rel=\"noopener\">TixforGigs<\/a> ab - hier sind Betr\u00fcgereien und Frustration praktisch vorprogrammiert!--><\/p>\n<\/div><\/div><\/div><\/div><\/div><\/div><\/div><\/section><section class=\"l-section wpb_row us_custom_f47d7a39 height_auto\"><div class=\"l-section-h i-cf\"><div class=\"g-cols vc_row via_flex valign_top type_default stacking_default\"><div class=\"vc_col-sm-12 wpb_column vc_column_container\"><div class=\"vc_column-inner\"><div class=\"wpb_wrapper\"><div class=\"wpb_text_column us_custom_4076faf9 has_text_color\"><div class=\"wpb_wrapper\"><div id=\"tfg-templateConainer\"><\/div>\n<p><script async src=\"https:\/\/www.tixforgigs.com\/bundles\/templatesystem\/tixforgigs_template\" onload=\"tixforgigs.init(this,'tfg-templateConainer','c5a9222b-4d50-4487-b163-73453a893aa1', 56145, 'null')\"><\/script><\/p>\n<\/div><\/div><div class=\"wpb_text_column us_custom_b057be58 ticketInfo has_text_color\"><div class=\"wpb_wrapper\"><div class=\"klein\"><i class=\"fas fa-hand-point-right\"><\/i> Die komplette Ticketabwicklung l\u00e4uft \u00fcber <a class=\"blueLink\" href=\"https:\/\/www.tixforgigs.com\" target=\"_blank\" rel=\"noopener noreferrer\">TixforGigs<\/a>. Bei Fragen oder Problemen bitte Kontakt aufnehmen unter: E-Mail: <a class=\"blueLink\" href=\"mailto:support@tixforgigs.com\" target=\"_blank\" rel=\"noopener noreferrer\">support@tixforgigs.com<\/a> oder <a class=\"blueLink\" href=\"https:\/\/www.tixforgigs.com\/site\/Pages\/FAQ.aspx#4_06\" target=\"_blank\" rel=\"noopener noreferrer\">hier<\/a> F.A.Q.s ansehen. Die Allgemeinen Gesch\u00e4fts\u00ad\u00adbedingungen (AGB) sind <a class=\"blueLink\" href=\"https:\/\/www.tixforgigs.com\/de-de\/Home\/GeneralTermsAndConditions\" target=\"_blank\" rel=\"noopener\">hier einzusehen<\/a>.<\/div>\n<\/div><\/div><\/div><\/div><\/div><\/div><\/div><\/section><section class=\"l-section wpb_row us_custom_97e5fd52 ticketInfo has_text_color height_auto\"><div class=\"l-section-h i-cf\"><div class=\"g-cols vc_row via_flex valign_top type_default stacking_default\" style=\"--additional-gap:20px;\"><div class=\"vc_col-sm-4 wpb_column vc_column_container\"><div class=\"vc_column-inner us_custom_693f4b1f\"><div class=\"wpb_wrapper\"><div class=\"wpb_text_column ticket-column\"><div class=\"wpb_wrapper\"><p>TICKETS<\/p>\n<p>Im Ticketpreis ist bereits ein M\u00fcllpfand in H\u00f6he von 5 EUR enthalten.<\/p>\n<p>Die Zustimmung zu unseren <a href=\"\/nog2024\/agb\/\" target=\"_blank\" rel=\"noopener\">AGB<\/a> ist Bedingung f\u00fcr den Kauf von Tickets! Wir hoffen hiermit, den gewinn\u00adbringenden Weiterverkauf der Tickets unterbinden zu k\u00f6nnen.<\/p>\n<p>Die Zustimmung zu unserer <a href=\"https:\/\/pyonen.de\/nog2024\/selbstverstaendnis\/\" target=\"_blank\" rel=\"noopener\">Selbstverst\u00e4ndniserkl\u00e4rung<\/a> ist Bedingung f\u00fcr den Kauf von Tickets!<\/p>\n<\/div><\/div><div class=\"wpb_text_column us_custom_3e2203ad ticket-column\"><div class=\"wpb_wrapper\"><p>FAHRRADGARDEROBE<\/p>\n<p>Dieses Jahr gibt es wieder eine \u00fcberwachte Fahrradgarderobe. Bitte bucht euch bereits jetzt einen Stellplatz, so dass wir unsere Kapazit\u00e4ten entsprechend anpassen k\u00f6nnen. Danke!<\/p>\n<\/div><\/div><\/div><\/div><\/div><div class=\"vc_col-sm-4 wpb_column vc_column_container\"><div class=\"vc_column-inner us_custom_693f4b1f\"><div class=\"wpb_wrapper\"><div class=\"wpb_text_column ticket-column\"><div class=\"wpb_wrapper\"><p>KFZ TICKETS<\/p>\n<p>Wer mit einem KfZ anreisen will, ben\u00f6tigt hierf\u00fcr ein KFZ-Ticket! Die Campingfl\u00e4che ist begrenzt, die Tickets sind deshalb kontingentiert und erfahrungsgem\u00e4\u00df sehr schnell ausgebucht.<\/p>\n<p>Es wird ab Bahnhof Nauen wieder kostenlose Shuttlebusse geben mit denen ihr bequem und umweltfreundlich auf die Nation kommt.<\/p>\n<p>Im Ort gibt es keine weiteren Parkm\u00f6glichkeiten, hier parkende Fahrzeuge werden abgeschleppt.<\/p>\n<\/div><\/div><\/div><\/div><\/div><div class=\"vc_col-sm-4 wpb_column vc_column_container\"><div class=\"vc_column-inner us_custom_693f4b1f\"><div class=\"wpb_wrapper\"><div class=\"wpb_text_column ticket-column\"><div class=\"wpb_wrapper\"><p>CARAVAN TICKETS<\/p>\n<p>F\u00fcr alle, die mit einem Wohnwagen, Wohnmobil, LKW oder Auto mit Anh\u00e4nger anreisen m\u00f6chten. Dieses Ticket dient zur besseren Planbarkeit der endlich gro\u00dfen Campingfl\u00e4che, da Caravans deutlich mehr Platz einnehmen.<\/p>\n<p>Es wird ab Bahnhof Nauen wieder kostenlose Shuttlebusse geben mit denen ihr bequem und umweltfreundlich auf die Nation kommt.<\/p>\n<p>Im Ort gibt es keine weiteren Parkm\u00f6glichkeiten, hier parkende Fahrzeuge werden abgeschleppt.<\/p>\n<\/div><\/div><\/div><\/div><\/div><\/div><\/div><\/section>\n","protected":false},"excerpt":{"rendered":"TICKETSHOP TICKETSHOP ACHTUNG! Unser Ticketvorverkauf f\u00fcr 2025 startet wie \u00fcblich Anfang April. Immer up-to-date bleiben \u00fcber unsere Pyonistische Parallelweltpost! \u00bb Hier geht es zur Anmeldung f\u00fcr unseren Newsletter&#8230; Die komplette Ticketabwicklung l\u00e4uft \u00fcber TixforGigs. Bei Fragen oder Problemen bitte Kontakt aufnehmen unter: E-Mail: support@tixforgigs.com oder hier F.A.Q.s ansehen. Die Allgemeinen Gesch\u00e4fts\u00ad\u00adbedingungen (AGB) sind hier einzusehen....","protected":false},"author":1,"featured_media":0,"parent":0,"menu_order":0,"comment_status":"closed","ping_status":"closed","template":"","meta":{"inline_featured_image":false,"footnotes":""},"class_list":["post-2673","page","type-page","status-publish","hentry"],"yoast_head":"<!-- This site is optimized with the Yoast SEO plugin v23.7 - https:\/\/yoast.com\/wordpress\/plugins\/seo\/ -->\n<title>Tickets - Nation of Gondwana 2024<\/title>\n<meta name=\"robots\" content=\"index, follow, max-snippet:-1, max-image-preview:large, max-video-preview:-1\" \/>\n<link rel=\"canonical\" href=\"https:\/\/pyonen.de\/nog2024\/tickets\/\" \/>\n<meta property=\"og:locale\" content=\"de_DE\" \/>\n<meta property=\"og:type\" content=\"article\" \/>\n<meta property=\"og:title\" content=\"Tickets - Nation of Gondwana 2024\" \/>\n<meta property=\"og:url\" content=\"https:\/\/pyonen.de\/nog2024\/tickets\/\" \/>\n<meta property=\"og:site_name\" content=\"Nation of Gondwana 2024\" \/>\n<meta property=\"article:modified_time\" content=\"2024-10-28T11:07:30+00:00\" \/>\n<meta name=\"twitter:card\" content=\"summary_large_image\" \/>\n<meta name=\"twitter:label1\" content=\"Gesch\u00e4tzte Lesezeit\" \/>\n\t<meta name=\"twitter:data1\" content=\"5\u00a0Minuten\" \/>\n<script type=\"application\/ld+json\" class=\"yoast-schema-graph\">{\"@context\":\"https:\/\/schema.org\",\"@graph\":[{\"@type\":\"WebPage\",\"@id\":\"https:\/\/pyonen.de\/nog2024\/tickets\/\",\"url\":\"https:\/\/pyonen.de\/nog2024\/tickets\/\",\"name\":\"Tickets - Nation of Gondwana 2024\",\"isPartOf\":{\"@id\":\"https:\/\/pyonen.de\/nog2024\/#website\"},\"datePublished\":\"2024-04-10T14:10:10+00:00\",\"dateModified\":\"2024-10-28T11:07:30+00:00\",\"breadcrumb\":{\"@id\":\"https:\/\/pyonen.de\/nog2024\/tickets\/#breadcrumb\"},\"inLanguage\":\"de\",\"potentialAction\":[{\"@type\":\"ReadAction\",\"target\":[\"https:\/\/pyonen.de\/nog2024\/tickets\/\"]}]},{\"@type\":\"BreadcrumbList\",\"@id\":\"https:\/\/pyonen.de\/nog2024\/tickets\/#breadcrumb\",\"itemListElement\":[{\"@type\":\"ListItem\",\"position\":1,\"name\":\"Startseite\",\"item\":\"https:\/\/pyonen.de\/nog2024\/\"},{\"@type\":\"ListItem\",\"position\":2,\"name\":\"Tickets\"}]},{\"@type\":\"WebSite\",\"@id\":\"https:\/\/pyonen.de\/nog2024\/#website\",\"url\":\"https:\/\/pyonen.de\/nog2024\/\",\"name\":\"Nation of Gondwana 2024\",\"description\":\"Festival am Waldsee | 19. - 21. Juli 2024 | Gr\u00fcnefeld bei Berlin\",\"potentialAction\":[{\"@type\":\"SearchAction\",\"target\":{\"@type\":\"EntryPoint\",\"urlTemplate\":\"https:\/\/pyonen.de\/nog2024\/?s={search_term_string}\"},\"query-input\":{\"@type\":\"PropertyValueSpecification\",\"valueRequired\":true,\"valueName\":\"search_term_string\"}}],\"inLanguage\":\"de\"}]}<\/script>\n<!-- \/ Yoast SEO plugin. -->","yoast_head_json":{"title":"Tickets - Nation of Gondwana 2024","robots":{"index":"index","follow":"follow","max-snippet":"max-snippet:-1","max-image-preview":"max-image-preview:large","max-video-preview":"max-video-preview:-1"},"canonical":"https:\/\/pyonen.de\/nog2024\/tickets\/","og_locale":"de_DE","og_type":"article","og_title":"Tickets - Nation of Gondwana 2024","og_url":"https:\/\/pyonen.de\/nog2024\/tickets\/","og_site_name":"Nation of Gondwana 2024","article_modified_time":"2024-10-28T11:07:30+00:00","twitter_card":"summary_large_image","twitter_misc":{"Gesch\u00e4tzte Lesezeit":"5\u00a0Minuten"},"schema":{"@context":"https:\/\/schema.org","@graph":[{"@type":"WebPage","@id":"https:\/\/pyonen.de\/nog2024\/tickets\/","url":"https:\/\/pyonen.de\/nog2024\/tickets\/","name":"Tickets - Nation of Gondwana 2024","isPartOf":{"@id":"https:\/\/pyonen.de\/nog2024\/#website"},"datePublished":"2024-04-10T14:10:10+00:00","dateModified":"2024-10-28T11:07:30+00:00","breadcrumb":{"@id":"https:\/\/pyonen.de\/nog2024\/tickets\/#breadcrumb"},"inLanguage":"de","potentialAction":[{"@type":"ReadAction","target":["https:\/\/pyonen.de\/nog2024\/tickets\/"]}]},{"@type":"BreadcrumbList","@id":"https:\/\/pyonen.de\/nog2024\/tickets\/#breadcrumb","itemListElement":[{"@type":"ListItem","position":1,"name":"Startseite","item":"https:\/\/pyonen.de\/nog2024\/"},{"@type":"ListItem","position":2,"name":"Tickets"}]},{"@type":"WebSite","@id":"https:\/\/pyonen.de\/nog2024\/#website","url":"https:\/\/pyonen.de\/nog2024\/","name":"Nation of Gondwana 2024","description":"Festival am Waldsee | 19. - 21. Juli 2024 | Gr\u00fcnefeld bei Berlin","potentialAction":[{"@type":"SearchAction","target":{"@type":"EntryPoint","urlTemplate":"https:\/\/pyonen.de\/nog2024\/?s={search_term_string}"},"query-input":{"@type":"PropertyValueSpecification","valueRequired":true,"valueName":"search_term_string"}}],"inLanguage":"de"}]}},"_links":{"self":[{"href":"https:\/\/pyonen.de\/nog2024\/wp-json\/wp\/v2\/pages\/2673"}],"collection":[{"href":"https:\/\/pyonen.de\/nog2024\/wp-json\/wp\/v2\/pages"}],"about":[{"href":"https:\/\/pyonen.de\/nog2024\/wp-json\/wp\/v2\/types\/page"}],"author":[{"embeddable":true,"href":"https:\/\/pyonen.de\/nog2024\/wp-json\/wp\/v2\/users\/1"}],"replies":[{"embeddable":true,"href":"https:\/\/pyonen.de\/nog2024\/wp-json\/wp\/v2\/comments?post=2673"}],"version-history":[{"count":40,"href":"https:\/\/pyonen.de\/nog2024\/wp-json\/wp\/v2\/pages\/2673\/revisions"}],"predecessor-version":[{"id":3308,"href":"https:\/\/pyonen.de\/nog2024\/wp-json\/wp\/v2\/pages\/2673\/revisions\/3308"}],"wp:attachment":[{"href":"https:\/\/pyonen.de\/nog2024\/wp-json\/wp\/v2\/media?parent=2673"}],"curies":[{"name":"wp","href":"https:\/\/api.w.org\/{rel}","templated":true}]}}