{"id":3008,"date":"2024-05-22T18:17:37","date_gmt":"2024-05-22T16:17:37","guid":{"rendered":"https:\/\/pyonen.de\/nog2024\/andre\/"},"modified":"2024-06-01T11:05:56","modified_gmt":"2024-06-01T09:05:56","slug":"andre","status":"publish","type":"page","link":"https:\/\/pyonen.de\/nog2024\/andre\/?lang=en","title":{"rendered":"Andr\u00e9"},"content":{"rendered":"<section class=\"l-section wpb_row height_medium full_height valign_center width_full\"><div class=\"l-section-h i-cf\"><div class=\"g-cols vc_row via_flex valign_top type_default stacking_default\"><div class=\"vc_col-sm-12 wpb_column vc_column_container\"><div class=\"vc_column-inner\"><div class=\"wpb_wrapper\"><div class=\"g-cols wpb_row via_flex valign_top type_default stacking_default\"><div class=\"vc_col-sm-3 wpb_column vc_column_container\"><div class=\"vc_column-inner\"><div class=\"wpb_wrapper\"><\/div><\/div><\/div><div class=\"vc_col-sm-6 wpb_column vc_column_container\"><div class=\"vc_column-inner us_custom_5f49dd54\"><div class=\"wpb_wrapper\"><div class=\"w-image align_center\"><div class=\"w-image-h\"><img decoding=\"async\" width=\"640\" height=\"899\" src=\"https:\/\/pyonen.de\/nog2024\/wp-content\/uploads\/2021\/06\/Andre-Janizewski-02.jpg\" class=\"attachment-full size-full\" alt=\"\" loading=\"lazy\" srcset=\"https:\/\/pyonen.de\/nog2024\/wp-content\/uploads\/2021\/06\/Andre-Janizewski-02.jpg 640w, https:\/\/pyonen.de\/nog2024\/wp-content\/uploads\/2021\/06\/Andre-Janizewski-02-214x300.jpg 214w\" sizes=\"(max-width: 640px) 100vw, 640px\" \/><\/div><\/div><div class=\"wpb_text_column us_custom_8a7c1715 has_text_color\"><div class=\"wpb_wrapper\"><p>Rest in Peace Andr\u00e9, Founder of the Nation of Gondwana &#8211; 1970 &#8211; 2020<\/p>\n<\/div><\/div><\/div><\/div><\/div><div class=\"vc_col-sm-3 wpb_column vc_column_container\"><div class=\"vc_column-inner\"><div class=\"wpb_wrapper\"><\/div><\/div><\/div><\/div><div class=\"g-cols wpb_row us_custom_b96a4ec0 hide_on_mobiles via_flex valign_top type_default stacking_default\"><div class=\"vc_col-sm-12 wpb_column vc_column_container\"><div class=\"vc_column-inner\"><div class=\"wpb_wrapper\"><div class=\"wpb_text_column us_custom_c7ac9dad\"><div class=\"wpb_wrapper\"><h1>ANDR\u00c9<\/h1>\n<\/div><\/div><\/div><\/div><\/div><\/div><div class=\"g-cols wpb_row us_custom_3513b63c hide_on_default hide_on_laptops hide_on_tablets via_flex valign_top type_default stacking_default\"><div class=\"vc_col-sm-12 wpb_column vc_column_container\"><div class=\"vc_column-inner\"><div class=\"wpb_wrapper\"><div class=\"wpb_text_column us_custom_c7ac9dad\"><div class=\"wpb_wrapper\"><h1>ANDR\u00c9<\/h1>\n<\/div><\/div><\/div><\/div><\/div><\/div><\/div><\/div><\/div><\/div><\/div><\/section><section class=\"l-section wpb_row us_custom_b91a6994 ticketInfo has_text_color height_auto\"><div class=\"l-section-h i-cf\"><div class=\"g-cols vc_row via_flex valign_top type_default stacking_default\" style=\"--additional-gap:20px;\"><div class=\"vc_col-sm-12 wpb_column vc_column_container\"><div class=\"vc_column-inner us_custom_693f4b1f\"><div class=\"wpb_wrapper\"><div class=\"wpb_text_column us_custom_47a258cc\"><div class=\"wpb_wrapper\"><p>Andr\u00e9 came to the city from the West German provinces with colourful hair and lots of punk cassettes. And he left again with punk in his heart. Andr\u00e9 and Markus invented the Pyonen, the crew made it what they are today. Party organisers, trailblazers, reality escape helpers.<\/p>\n<p>Andr\u00e9 died in 2020. For the Pyonen, it is impossible to forget Andr\u00e9. For the others, we want to tell his story here. Not only because he was a particularly empathetic person, but also because he shaped the self-image of our party culture as a synergy-seeking scene, as a utopian event, and would certainly continue to do so.<\/p>\n<p>When he came here, he lived with Markus and other friends in a house in Rykestra\u00dfe, where there was no heating, no telephones, but plenty of space to fool around. They held their first party in 1993 at Lychener Stra\u00dfe 60. Sven Dohse was the DJ and Gianni Vitiello came by at some point and asked if he could DJ.<\/p>\n<p>So it happened that years later he played in front of thousands at the Carnival of Cultures, when the Pyonen drove through Kreuzberg with a truck full of boxes as part of the parade. They turned empty buildings into clubs for a night. Opened an illegal club in Schlegelstra\u00dfe in Mitte, which was open from 1996 to 1998, first in the basement, then in other parts of the building.<\/p>\n<p>In 2001 they opened their first bar in Prenzlauer Berg, Bar23. They also run pubs like Tante Liesbeth, Fetten Ecke and B\u00f6hmisches Dorf, complete with bulky waste-like furnishings that Andr\u00e9 lovingly bought together at flea markets. There he liked to sit at the bar as a tippler, beer dispenser, Union fan, gossip box and gossip.<\/p>\n<p>Andr\u00e9 and Markus were among the first to organise open air raves. From 1995 onwards, they celebrated a small festival on a horse meadow, which they called Nation of Gondwana. The Nation established itself as a Love Parade alternative. But instead of just dissipating in escapism, from 1999 they organised and produced the Chaos Computer Club camp, where they taught party aesthetics and a sense of community to the hackers and in return brought the party people together with the utopians.<\/p>\n<p>All his knowledge Andr\u00e9 was happy to share. He always had advice, sometimes unsolicited. But most of the time he was even right. Who is good at working with metal? Who makes good awareness concepts? Which loudspeakers are suitable for a techno parade? He gave the right keywords on the phone, forwarded e-mail addresses.<\/p>\n<p>Andr\u00e9 also kept in firm contact with Gr\u00fcnefeld, the place where the nation settled down. As a boy from the north German province, he knew how to bowl, hold warm-hearted banter and make dry jokes. The festival supports local clubs, donates to the kindergarten and integrates local residents who offer food or shower guests in the drizzle with the volunteer fire brigade.<\/p>\n<p>Andr\u00e9, who among other things took care of the booking at the Nation and listened to endless amounts of music in return, however, mostly liked to watch the goings-on from further afar. For hours he sat on a sofa in silence, smoking, beer in hand, and watched the dancers with a grin. Now and then making a precise comment. Unabashedly honest, always full of respect.<\/p>\n<p>Because he had convictions. Work with security guards who train in right-wing boxing clubs? Better to use anti-fascist structures. Women at the door and at the DJ booth? Of course. Securing woodland to convict a peeping Tom, yeah right. Collecting cigarette butts from the meadow, doing without sponsors and making the calculation transparent in order to explain extensively on Facebook why the festival ticket was more expensive. That was important to him. But he didn\u2019t make a big deal out of it.<\/p>\n<p>Andr\u00e9 died at the age of 52. Of a cancer he managed to fight for much longer than many a doctor had thought.<\/p>\n<p>\u201c<strong>Never give up and believe in yourself<\/strong>\u201d,<\/p>\n<p>that was his motto. And it remains ours.<\/p>\n<\/div><\/div><div class=\"w-image us_custom_af6a9b6a align_none\"><div class=\"w-image-h\"><img decoding=\"async\" width=\"1280\" height=\"860\" src=\"https:\/\/pyonen.de\/nog2024\/wp-content\/uploads\/2024\/05\/Gianni-Andre-Markus.jpg\" class=\"attachment-full size-full\" alt=\"\" loading=\"lazy\" srcset=\"https:\/\/pyonen.de\/nog2024\/wp-content\/uploads\/2024\/05\/Gianni-Andre-Markus.jpg 1280w, https:\/\/pyonen.de\/nog2024\/wp-content\/uploads\/2024\/05\/Gianni-Andre-Markus-300x202.jpg 300w, https:\/\/pyonen.de\/nog2024\/wp-content\/uploads\/2024\/05\/Gianni-Andre-Markus-1024x688.jpg 1024w\" sizes=\"(max-width: 1280px) 100vw, 1280px\" \/><\/div><\/div><div class=\"wpb_text_column us_custom_8a7c1715 has_text_color\"><div class=\"wpb_wrapper\"><p>Gianni, Andr\u00e9 &amp; Markus<\/p>\n<\/div><\/div><div class=\"wpb_text_column us_custom_af6a9b6a\"><div class=\"wpb_wrapper\"><h2>Obituaries<\/h2>\n<\/div><\/div><div class=\"wpb_text_column us_custom_518db868\"><div class=\"wpb_wrapper\"><p><a class=\"nachruf-link\" href=\"https:\/\/www.berliner-zeitung.de\/mensch-metropole\/machs-gut-alter-punk-li.104477\">Mach\u2019s gut, alter Punk<\/a><br \/>\nSeine Partys machten die Berliner Feierkultur zu dem, wof\u00fcr sie heute weltber\u00fchmt ist. Jetzt ist Andr\u00e9 Janizewski, Mitbeg\u00fcnder des Partykollektivs Pyonen, gestorben. Gedanken an einen, der Berlins kreativer Szene sehr fehlen wird.<br \/>\nBerliner Zeitung, 11.09.2020, Laura Ewert<\/p>\n<\/div><\/div><div class=\"wpb_text_column us_custom_518db868\"><div class=\"wpb_wrapper\"><p><a class=\"nachruf-link\" href=\"https:\/\/www.ccc.de\/de\/updates\/2020\/ccc-trauert-um-ehrenmitglied-zewski\" target=\"_blank\" rel=\"noopener\">CCC trauert um Ehrenmitglied \u201ezewski\u201c<\/a><br \/>\nAm 3. September 2020 ist unser Ehrenmitglied Marc-Andr\u00e9 Janizewski nach langer schwerer Krankheit gestorben. Wir verlieren einen engen Freund und Verfechter unserer Werte und Tr\u00e4ume. Der CCC dr\u00fcckt allen Angeh\u00f6rigen, Freunden und engen Begleitern von Andr\u00e9 sein tiefstes Mitgef\u00fchl aus.<br \/>\nCCC.de, 08.09.2020, Tim<\/p>\n<\/div><\/div><div class=\"wpb_text_column us_custom_518db868\"><div class=\"wpb_wrapper\"><p><a class=\"nachruf-link\" href=\"https:\/\/www.noz.de\/deutschland-welt\/kultur\/artikel\/pyonen-party-initiator-gestorben-die-stadt-das-licht-der-tod-20808332\" target=\"_blank\" rel=\"noopener\">F\u00fcrstenauer Pyonen-Party-Pionier Janizewski gestorben<\/a><br \/>\nBerlin. Ein zugereister Alt-Punker aus dem \u00d6rtchen F\u00fcrstenau pr\u00e4gte die illegale Berliner Partyszene und mit ihr<br \/>\ndie der gesamten Republik. Jetzt ist Marc-Andr\u00e9 Janizewski fr\u00fch gestorben. Warum er fehlen wird.<br \/>\nOsnabr\u00fccker Zeitung, 22.09.2020, Laura Ewert<\/p>\n<\/div><\/div><div class=\"wpb_text_column us_custom_518db868\"><div class=\"wpb_wrapper\"><p><a class=\"nachruf-link\" href=\"https:\/\/groove.de\/2020\/09\/08\/pyonen-andre-janizewski-ist-tot\/\" target=\"_blank\" rel=\"noopener\">Pyonen: Andr\u00e9 Janizewski ist tot<\/a><br \/>\nJanizewski gr\u00fcndete mit Markus Ossevorth in den fr\u00fchen 1990ern das Partykollektiv Pyonen. Dieses organisierte, mitgerissen von der damaligen Aufbruchsstimmung in Berlin, zahllose eigene und fremde Veranstaltungen.<br \/>\nGroove, 08.09.2020, Alexis Waltz<\/p>\n<\/div><\/div><div class=\"wpb_text_column us_custom_3628778a\"><div class=\"wpb_wrapper\"><p><a class=\"nachruf-link\" href=\"https:\/\/www.fazemag.de\/mitgruender-von-nation-of-gondwana-verstorben\/\" target=\"_blank\" rel=\"noopener\">Mitgr\u00fcnder von Nation of Gondwana verstorben<\/a><br \/>\nAls Pyonen bezeichnen sich die Veranstalter des Nation of Gondwana Festivals, das seit 1995 im Umland Berlins jedes Jahr stattfindet. Mit ca 8000 m\u00f6glichen G\u00e4sten ist das Festival regelm\u00e4\u00dfig ausverkauft und z\u00e4hlt, neben der Fusion, zu einem der Top Alternative-Festivals in Deutschland.<br \/>\nFAZE Mag, 08.09.2020<\/p>\n<\/div><\/div><\/div><\/div><\/div><\/div><\/div><\/section>\n","protected":false},"excerpt":{"rendered":"Rest in Peace Andr\u00e9, Founder of the Nation of Gondwana &#8211; 1970 &#8211; 2020 ANDR\u00c9 ANDR\u00c9 Andr\u00e9 came to the city from the West German provinces with colourful hair and lots of punk cassettes. And he left again with punk in his heart. Andr\u00e9 and Markus invented the Pyonen, the crew made it what they...","protected":false},"author":1,"featured_media":0,"parent":0,"menu_order":0,"comment_status":"closed","ping_status":"closed","template":"","meta":{"inline_featured_image":false,"footnotes":""},"class_list":["post-3008","page","type-page","status-publish","hentry"],"yoast_head":"<!-- This site is optimized with the Yoast SEO plugin v23.7 - https:\/\/yoast.com\/wordpress\/plugins\/seo\/ -->\n<title>Andr\u00e9 - Nation of Gondwana 2024<\/title>\n<meta name=\"robots\" content=\"index, follow, max-snippet:-1, max-image-preview:large, max-video-preview:-1\" \/>\n<link rel=\"canonical\" href=\"https:\/\/pyonen.de\/nog2024\/andre\/?lang=en\" \/>\n<meta property=\"og:locale\" content=\"de_DE\" \/>\n<meta property=\"og:type\" content=\"article\" \/>\n<meta property=\"og:title\" content=\"Andr\u00e9 - Nation of Gondwana 2024\" \/>\n<meta property=\"og:url\" content=\"https:\/\/pyonen.de\/nog2024\/andre\/?lang=en\" \/>\n<meta property=\"og:site_name\" content=\"Nation of Gondwana 2024\" \/>\n<meta property=\"article:modified_time\" content=\"2024-06-01T09:05:56+00:00\" \/>\n<meta name=\"twitter:card\" content=\"summary_large_image\" \/>\n<meta name=\"twitter:label1\" content=\"Gesch\u00e4tzte Lesezeit\" \/>\n\t<meta name=\"twitter:data1\" content=\"9\u00a0Minuten\" \/>\n<script type=\"application\/ld+json\" class=\"yoast-schema-graph\">{\"@context\":\"https:\/\/schema.org\",\"@graph\":[{\"@type\":\"WebPage\",\"@id\":\"https:\/\/pyonen.de\/nog2024\/andre\/?lang=en\",\"url\":\"https:\/\/pyonen.de\/nog2024\/andre\/?lang=en\",\"name\":\"Andr\u00e9 - Nation of Gondwana 2024\",\"isPartOf\":{\"@id\":\"https:\/\/pyonen.de\/nog2024\/#website\"},\"datePublished\":\"2024-05-22T16:17:37+00:00\",\"dateModified\":\"2024-06-01T09:05:56+00:00\",\"breadcrumb\":{\"@id\":\"https:\/\/pyonen.de\/nog2024\/andre\/?lang=en#breadcrumb\"},\"inLanguage\":\"de\",\"potentialAction\":[{\"@type\":\"ReadAction\",\"target\":[\"https:\/\/pyonen.de\/nog2024\/andre\/?lang=en\"]}]},{\"@type\":\"BreadcrumbList\",\"@id\":\"https:\/\/pyonen.de\/nog2024\/andre\/?lang=en#breadcrumb\",\"itemListElement\":[{\"@type\":\"ListItem\",\"position\":1,\"name\":\"Startseite\",\"item\":\"https:\/\/pyonen.de\/nog2024\/\"},{\"@type\":\"ListItem\",\"position\":2,\"name\":\"Andr\u00e9\"}]},{\"@type\":\"WebSite\",\"@id\":\"https:\/\/pyonen.de\/nog2024\/#website\",\"url\":\"https:\/\/pyonen.de\/nog2024\/\",\"name\":\"Nation of Gondwana 2024\",\"description\":\"Festival am Waldsee | 19. - 21. Juli 2024 | Gr\u00fcnefeld bei Berlin\",\"potentialAction\":[{\"@type\":\"SearchAction\",\"target\":{\"@type\":\"EntryPoint\",\"urlTemplate\":\"https:\/\/pyonen.de\/nog2024\/?s={search_term_string}\"},\"query-input\":{\"@type\":\"PropertyValueSpecification\",\"valueRequired\":true,\"valueName\":\"search_term_string\"}}],\"inLanguage\":\"de\"}]}<\/script>\n<!-- \/ Yoast SEO plugin. -->","yoast_head_json":{"title":"Andr\u00e9 - Nation of Gondwana 2024","robots":{"index":"index","follow":"follow","max-snippet":"max-snippet:-1","max-image-preview":"max-image-preview:large","max-video-preview":"max-video-preview:-1"},"canonical":"https:\/\/pyonen.de\/nog2024\/andre\/?lang=en","og_locale":"de_DE","og_type":"article","og_title":"Andr\u00e9 - Nation of Gondwana 2024","og_url":"https:\/\/pyonen.de\/nog2024\/andre\/?lang=en","og_site_name":"Nation of Gondwana 2024","article_modified_time":"2024-06-01T09:05:56+00:00","twitter_card":"summary_large_image","twitter_misc":{"Gesch\u00e4tzte Lesezeit":"9\u00a0Minuten"},"schema":{"@context":"https:\/\/schema.org","@graph":[{"@type":"WebPage","@id":"https:\/\/pyonen.de\/nog2024\/andre\/?lang=en","url":"https:\/\/pyonen.de\/nog2024\/andre\/?lang=en","name":"Andr\u00e9 - Nation of Gondwana 2024","isPartOf":{"@id":"https:\/\/pyonen.de\/nog2024\/#website"},"datePublished":"2024-05-22T16:17:37+00:00","dateModified":"2024-06-01T09:05:56+00:00","breadcrumb":{"@id":"https:\/\/pyonen.de\/nog2024\/andre\/?lang=en#breadcrumb"},"inLanguage":"de","potentialAction":[{"@type":"ReadAction","target":["https:\/\/pyonen.de\/nog2024\/andre\/?lang=en"]}]},{"@type":"BreadcrumbList","@id":"https:\/\/pyonen.de\/nog2024\/andre\/?lang=en#breadcrumb","itemListElement":[{"@type":"ListItem","position":1,"name":"Startseite","item":"https:\/\/pyonen.de\/nog2024\/"},{"@type":"ListItem","position":2,"name":"Andr\u00e9"}]},{"@type":"WebSite","@id":"https:\/\/pyonen.de\/nog2024\/#website","url":"https:\/\/pyonen.de\/nog2024\/","name":"Nation of Gondwana 2024","description":"Festival am Waldsee | 19. - 21. Juli 2024 | Gr\u00fcnefeld bei Berlin","potentialAction":[{"@type":"SearchAction","target":{"@type":"EntryPoint","urlTemplate":"https:\/\/pyonen.de\/nog2024\/?s={search_term_string}"},"query-input":{"@type":"PropertyValueSpecification","valueRequired":true,"valueName":"search_term_string"}}],"inLanguage":"de"}]}},"_links":{"self":[{"href":"https:\/\/pyonen.de\/nog2024\/wp-json\/wp\/v2\/pages\/3008"}],"collection":[{"href":"https:\/\/pyonen.de\/nog2024\/wp-json\/wp\/v2\/pages"}],"about":[{"href":"https:\/\/pyonen.de\/nog2024\/wp-json\/wp\/v2\/types\/page"}],"author":[{"embeddable":true,"href":"https:\/\/pyonen.de\/nog2024\/wp-json\/wp\/v2\/users\/1"}],"replies":[{"embeddable":true,"href":"https:\/\/pyonen.de\/nog2024\/wp-json\/wp\/v2\/comments?post=3008"}],"version-history":[{"count":5,"href":"https:\/\/pyonen.de\/nog2024\/wp-json\/wp\/v2\/pages\/3008\/revisions"}],"predecessor-version":[{"id":3183,"href":"https:\/\/pyonen.de\/nog2024\/wp-json\/wp\/v2\/pages\/3008\/revisions\/3183"}],"wp:attachment":[{"href":"https:\/\/pyonen.de\/nog2024\/wp-json\/wp\/v2\/media?parent=3008"}],"curies":[{"name":"wp","href":"https:\/\/api.w.org\/{rel}","templated":true}]}}